{"id":4750,"date":"2022-09-22T11:24:23","date_gmt":"2022-09-22T09:24:23","guid":{"rendered":"https:\/\/maize.seedsforfuture.eu\/mentions-legales-cgu\/"},"modified":"2022-12-22T13:43:43","modified_gmt":"2022-12-22T12:43:43","slug":"mentions-legales-cgu","status":"publish","type":"page","link":"https:\/\/maize.seedsforfuture.eu\/de\/mentions-legales-cgu\/","title":{"rendered":"Mentions l\u00e9gales &#038; CGU"},"content":{"rendered":"<h1>IMPRESSUM UND ALLGEMEINE BENUTZUNGSBEDINGUNGEN DER INTERNETSEITE <a href=\"http:\/\/www.maize.seedsforfuture.eu\/\">www.maize.seedsforfuture.eu\/<\/a><\/h1>\n<p>&nbsp;<\/p>\n<p>&nbsp;<\/p>\n<h2>INTERNETSEITENBETREIBER<\/h2>\n<p>&nbsp;<\/p>\n<p><strong>NAME<\/strong><\/p>\n<p>Identit\u00e4t des Unternehmens: F.N.P.S.M.S. \u2013 F\u00e9d\u00e9ration Nationale de la Production de Semences de Ma\u00efs et de Sorgho, 23-25 Avenue de Neuilly, 75116, Paris, Frankreich und 21 Chemin de Pau \u2013 64121 Montardon, Frankreich (Gesellschaftssitz)<br \/>\nSIRET-Nr.: 782\u00a0356\u00a0992 00019<br \/>\nE-Mail-Adresse oder Telefonnummer, um Ihr Unternehmen zu kontaktieren: martin.gomez@fnpsms.fr<\/p>\n<p><strong>Verantwortliche f\u00fcr Ver\u00f6ffentlichungen:<\/strong> Val\u00e9rie Brochet<\/p>\n<p>&nbsp;<\/p>\n<h2>HOSTING<\/h2>\n<p>Identit\u00e4t des Webseiten-Hosters: MD Service, 7 Rue Marx Dormoy 64000 Pau, Frankreich<\/p>\n<p><strong>1\/ Zweck<\/strong><\/p>\n<p>Das Surfen auf dieser Internetseite unterliegt den vorliegenden Allgemeinen Nutzungsbedingungen Wir bitten Sie daher, diese aufmerksam durchzulesen.<br \/>\nDie Website, die \u00fcber die URL <a href=\"https:\/\/maize.seedsforfuture.eu\/\">www.maize.seedsforfuture.eu<\/a> zug\u00e4nglich ist, wird unter Einhaltung der franz\u00f6sischen Gesetzgebung betrieben. Durch die Nutzung der Website best\u00e4tigen Sie, dass Sie diese Bedingungen zur Kenntnis genommen haben und ihnen zustimmen. Diese k\u00f6nnen jederzeit und ohne Vorank\u00fcndigung vom FNPSMS ge\u00e4ndert werden. Jede \u00c4nderung wird sofort wirksam. In diesem Zusammenhang werden die Nutzer aufgefordert, die AGB bei jedem Besuch der Website zur Kenntnis zu nehmen.<br \/>\nDer FNPSMS kann in keiner Weise f\u00fcr einen Missbrauch des Dienstes haftbar gemacht werden.<\/p>\n<p><strong>2\/ Inhalt der Internetseite<\/strong><\/p>\n<p>Ziel der Internetseite ist die Werbung f\u00fcr Mais- und Sorghumsaatgut, das vom FNPSMS gef\u00f6rdert wird. Zielgruppe sind alle Akteure der Branche.<br \/>\nDie Informationen auf der Website sind indikativ und allgemein und in keinem Fall ersch\u00f6pfend.<br \/>\nDer FNPSMS beh\u00e4lt sich das Recht vor, jederzeit und ohne Vorank\u00fcndigung den Inhalt der Internetseite zu korrigieren oder den Zugriff darauf zu unterbrechen. Trotz aller Sorgfalt und Gr\u00fcndlichkeit bei der Erstellung der Internetseite und ihrer regelm\u00e4\u00dfigen Aktualisierung k\u00f6nnen sich Fehler in den dargebotenen Informationen eingeschlichen haben. Die Nutzer der Website werden daher alle notwendigen Kontrollen durchf\u00fchren und sind allein verantwortlich f\u00fcr die Nutzung der verf\u00fcgbaren Informationen. Der FNPSMS kann nicht daf\u00fcr haftbar gemacht werden.<\/p>\n<p><strong>3\/ Geistiges Eigentum<\/strong><\/p>\n<p>Die Internetseite und jegliche Software, die in Zusammenhang mit der Internetseite n\u00f6tig ist und benutzt wird, k\u00f6nnen durch die geltenden Rechte zum Schutz geistigen Eigentums oder andere Gesetze gesch\u00fctzte vertrauliche Informationen enthalten. Sofern nicht anders angegeben, sind die geistigen Eigentumsrechte an den auf der Internetseite enthaltenen Dokumenten und am gesamten f\u00fcr diese Internetseite erstellten Material ausschlie\u00dfliches Eigentum des FNPSMS, der keinerlei Lizenzen oder andere Rechte als das Recht, die Internetseite zu konsultieren, gew\u00e4hrt. Insbesondere die Marken und andere auf dieser Internetseite aufgef\u00fchrte Rechte am geistigen Eigentum sind Eigentum vom FNPSMS. Die Vervielf\u00e4ltigung jeglichen Materials auf dieser Website ist nur zum Zweck der Bereitstellung von Informationen f\u00fcr den privaten und h\u00e4uslichen Gebrauch gestattet; jegliche Vervielf\u00e4ltigung oder Nutzung von Kopien, die zu anderen Zwecken angefertigt wurden, ist ausdr\u00fccklich untersagt. Es ist au\u00dferdem illegal zu kopieren, zu ver\u00e4ndern, davon abgeleitete Werke zu erstellen, das Design oder den Aufbau umzukehren oder auf andere Weise zu versuchen, den Quellcode zu ermitteln (au\u00dfer in den gesetzlich vorgesehenen F\u00e4llen), zu verkaufen, abzutreten, unterzulizenzieren oder auf andere Weise irgendwelche Rechte an der Software zu \u00fcbertragen. Ebenso ist es verboten, die Software zu ver\u00e4ndern oder ver\u00e4nderte Versionen der Software zu verwenden und insbesondere (aber nicht ausschlie\u00dflich) einen nicht autorisierten Zugang zum Dienst zu erlangen und auf die Website auf anderem Wege als \u00fcber die vom FNPSMS f\u00fcr diesen Zweck bereitgestellte Benutzeroberfl\u00e4che zuzugreifen.<\/p>\n<p><strong>4\/ Links zu anderen Seiten<\/strong><\/p>\n<p>In dieser Internetseite k\u00f6nnen Links zu anderen Internetseite oder -quellen enthalten sein. Da der FNPSMS diese Internetseiten und externen Quellen nicht kontrollieren kann, kann der FNPSMS nicht f\u00fcr die Bereitstellung dieser Internetseiten und externen Quellen verantwortlich gemacht werden. Er \u00fcbernimmt keine Haftung f\u00fcr den Inhalt, die Werbung, die Produkte, die Dienstleistungen oder sonstiges Material, das auf oder \u00fcber diese Internetseiten oder externen Quellen verf\u00fcgbar ist. Der FNPSMS kann au\u00dferdem nicht f\u00fcr tats\u00e4chliche oder angebliche Sch\u00e4den oder Verluste haftbar gemacht werden, die sich aus oder im Zusammenhang mit der Nutzung oder dem Vertrauen auf den Inhalt, die Waren oder Dienstleistungen auf diesen Seiten oder externen Quellen ergeben.<\/p>\n<p><strong>5\/Haftung<\/strong><\/p>\n<p>Die Verbindung eines Nutzers mit der Internetseite geschieht auf eigene Verantwortung. Der FNPSMS lehnt jede Verantwortung ab, insbesondere:<\/p>\n<ul>\n<li>f\u00fcr jegliche Unterbrechung der Internetseite;<\/li>\n<li>f\u00fcr das Auftreten von Fehlfunktionen;<\/li>\n<li>f\u00fcr Sch\u00e4den, die aus einem betr\u00fcgerischen Eindringen eines Dritten resultieren, das zu einer \u00c4nderung der auf der Internetseite zur Verf\u00fcgung gestellten Informationen gef\u00fchrt hat;<\/li>\n<li>und ganz allgemein f\u00fcr alle direkten oder indirekten Sch\u00e4den, unabh\u00e4ngig von Ursache, Ursprung, Natur oder Folgen, die durch den Zugriff einer Person auf die Internetseite oder die Unm\u00f6glichkeit des Zugriffs auf die Website, die Nutzung der Internetseite oder das Vertrauen auf Informationen, die direkt oder indirekt von der Internetseite stammen, verursacht werden.<\/li>\n<\/ul>\n<p><strong>6\/ Personenbezogene Daten<\/strong><\/p>\n<p>Die FNPSMS verpflichtet sich, die Vertraulichkeit der vom Nutzer online bereitgestellten Informationen zu wahren.<br \/>\nAlle Informationen, die die Nutzer dem FNPSMS f\u00fcr die Nutzung bestimmter Dienste \u00fcbermitteln k\u00f6nnen, unterliegen den Bestimmungen des franz\u00f6sischen Gesetzes Nr. 78-17 \u00fcber Informatik und b\u00fcrgerliche Freiheiten vom 6. Januar 1978 und der Allgemeinen Datenschutzverordnung (DSGVO). Weitere Informationen finden Sie in unserer Datenschutzrichtlinie :<br \/>\n<a href=\"https:\/\/maize.seedsforfuture.eu\/de\/politique-de-protection-des-donnees-personnelles\/\">https:\/\/maize.seedsforfuture.eu\/de\/politique-de-protection-des-donnees-personnelles\/<\/a><br \/>\nIn diesem Zusammenhang haben die Nutzer das Recht, ihre personenbezogenen Daten abzufragen, sich der Verarbeitung zu widersetzen, auf die personenbezogenen Daten zuzugreifen, sie zu berichtigen und zu l\u00f6schen. Der Nutzer hat au\u00dferdem das Recht auf \u00dcbertragbarkeit seiner personenbezogenen Daten zu einen anderen Datenverarbeiter, das er jederzeit aus\u00fcben kann, indem er an folgende E-Mail-Adresse schreibt: martin.gomez@fnpsms.fr<\/p>\n","protected":false},"excerpt":{"rendered":"<p>IMPRESSUM UND ALLGEMEINE BENUTZUNGSBEDINGUNGEN DER INTERNETSEITE www.maize.seedsforfuture.eu\/ &nbsp; &nbsp; INTERNETSEITENBETREIBER &nbsp; NAME Identit\u00e4t des Unternehmens: F.N.P.S.M.S. \u2013 F\u00e9d\u00e9ration Nationale de la Production de Semences de Ma\u00efs et de Sorgho, 23-25 Avenue de Neuilly, 75116, Paris, Frankreich und 21 Chemin de Pau \u2013 64121 Montardon, Frankreich (Gesellschaftssitz) SIRET-Nr.: 782\u00a0356\u00a0992 00019 E-Mail-Adresse oder Telefonnummer, um Ihr Unternehmen [&hellip;]<\/p>\n","protected":false},"author":5,"featured_media":0,"parent":0,"menu_order":0,"comment_status":"closed","ping_status":"closed","template":"page-template-mentions.php","meta":{"_acf_changed":false,"footnotes":""},"class_list":["post-4750","page","type-page","status-publish","hentry"],"acf":[],"yoast_head":"<!-- This site is optimized with the Yoast SEO plugin v26.6 - https:\/\/yoast.com\/wordpress\/plugins\/seo\/ -->\n<title>Mentions l\u00e9gales &amp; CGU - Le ma\u00efs, un atout pour notre avenir<\/title>\n<meta name=\"robots\" content=\"index, follow, max-snippet:-1, max-image-preview:large, max-video-preview:-1\" \/>\n<link rel=\"canonical\" href=\"https:\/\/maize.seedsforfuture.eu\/de\/mentions-legales-cgu\/\" \/>\n<meta property=\"og:locale\" content=\"de_DE\" \/>\n<meta property=\"og:type\" content=\"article\" \/>\n<meta property=\"og:title\" content=\"Mentions l\u00e9gales &amp; CGU - Le ma\u00efs, un atout pour notre avenir\" \/>\n<meta property=\"og:description\" content=\"IMPRESSUM UND ALLGEMEINE BENUTZUNGSBEDINGUNGEN DER INTERNETSEITE www.maize.seedsforfuture.eu\/ &nbsp; &nbsp; INTERNETSEITENBETREIBER &nbsp; NAME Identit\u00e4t des Unternehmens: F.N.P.S.M.S. \u2013 F\u00e9d\u00e9ration Nationale de la Production de Semences de Ma\u00efs et de Sorgho, 23-25 Avenue de Neuilly, 75116, Paris, Frankreich und 21 Chemin de Pau \u2013 64121 Montardon, Frankreich (Gesellschaftssitz) SIRET-Nr.: 782\u00a0356\u00a0992 00019 E-Mail-Adresse oder Telefonnummer, um Ihr Unternehmen [&hellip;]\" \/>\n<meta property=\"og:url\" content=\"https:\/\/maize.seedsforfuture.eu\/de\/mentions-legales-cgu\/\" \/>\n<meta property=\"og:site_name\" content=\"Le ma\u00efs, un atout pour notre avenir\" \/>\n<meta property=\"article:modified_time\" content=\"2022-12-22T12:43:43+00:00\" \/>\n<meta property=\"og:image\" content=\"https:\/\/maize.seedsforfuture.eu\/wp-content\/uploads\/2026\/01\/1200x675-logo-maize.png\" \/>\n\t<meta property=\"og:image:width\" content=\"1200\" \/>\n\t<meta property=\"og:image:height\" content=\"675\" \/>\n\t<meta property=\"og:image:type\" content=\"image\/png\" \/>\n<meta name=\"twitter:card\" content=\"summary_large_image\" \/>\n<meta name=\"twitter:label1\" content=\"Est. reading time\" \/>\n\t<meta name=\"twitter:data1\" content=\"5 minutes\" \/>\n<script type=\"application\/ld+json\" class=\"yoast-schema-graph\">{\"@context\":\"https:\/\/schema.org\",\"@graph\":[{\"@type\":\"WebPage\",\"@id\":\"https:\/\/maize.seedsforfuture.eu\/de\/mentions-legales-cgu\/\",\"url\":\"https:\/\/maize.seedsforfuture.eu\/de\/mentions-legales-cgu\/\",\"name\":\"Mentions l\u00e9gales & CGU - Le ma\u00efs, un atout pour notre avenir\",\"isPartOf\":{\"@id\":\"https:\/\/maize.seedsforfuture.eu\/de\/#website\"},\"datePublished\":\"2022-09-22T09:24:23+00:00\",\"dateModified\":\"2022-12-22T12:43:43+00:00\",\"breadcrumb\":{\"@id\":\"https:\/\/maize.seedsforfuture.eu\/de\/mentions-legales-cgu\/#breadcrumb\"},\"inLanguage\":\"de-DE\",\"potentialAction\":[{\"@type\":\"ReadAction\",\"target\":[\"https:\/\/maize.seedsforfuture.eu\/de\/mentions-legales-cgu\/\"]}]},{\"@type\":\"BreadcrumbList\",\"@id\":\"https:\/\/maize.seedsforfuture.eu\/de\/mentions-legales-cgu\/#breadcrumb\",\"itemListElement\":[{\"@type\":\"ListItem\",\"position\":1,\"name\":\"Accueil\",\"item\":\"https:\/\/maize.seedsforfuture.eu\/de\/\"},{\"@type\":\"ListItem\",\"position\":2,\"name\":\"Mentions l\u00e9gales &#038; CGU\"}]},{\"@type\":\"WebSite\",\"@id\":\"https:\/\/maize.seedsforfuture.eu\/de\/#website\",\"url\":\"https:\/\/maize.seedsforfuture.eu\/de\/\",\"name\":\"Le ma\u00efs, un atout pour notre avenir\",\"description\":\"\",\"publisher\":{\"@id\":\"https:\/\/maize.seedsforfuture.eu\/de\/#organization\"},\"alternateName\":\"Maize, seeds for futur\",\"potentialAction\":[{\"@type\":\"SearchAction\",\"target\":{\"@type\":\"EntryPoint\",\"urlTemplate\":\"https:\/\/maize.seedsforfuture.eu\/de\/?s={search_term_string}\"},\"query-input\":{\"@type\":\"PropertyValueSpecification\",\"valueRequired\":true,\"valueName\":\"search_term_string\"}}],\"inLanguage\":\"de-DE\"},{\"@type\":\"Organization\",\"@id\":\"https:\/\/maize.seedsforfuture.eu\/de\/#organization\",\"name\":\"F\u00e9d\u00e9ration Nationale de la Production des Semences de Ma\u00efs et de Sorgho\",\"alternateName\":\"FNPSMS\",\"url\":\"https:\/\/maize.seedsforfuture.eu\/de\/\",\"logo\":{\"@type\":\"ImageObject\",\"inLanguage\":\"de-DE\",\"@id\":\"https:\/\/maize.seedsforfuture.eu\/de\/#\/schema\/logo\/image\/\",\"url\":\"https:\/\/maize.seedsforfuture.eu\/wp-content\/uploads\/2026\/01\/696x696-logo-maize.png\",\"contentUrl\":\"https:\/\/maize.seedsforfuture.eu\/wp-content\/uploads\/2026\/01\/696x696-logo-maize.png\",\"width\":696,\"height\":696,\"caption\":\"F\u00e9d\u00e9ration Nationale de la Production des Semences de Ma\u00efs et de Sorgho\"},\"image\":{\"@id\":\"https:\/\/maize.seedsforfuture.eu\/de\/#\/schema\/logo\/image\/\"}}]}<\/script>\n<!-- \/ Yoast SEO plugin. -->","yoast_head_json":{"title":"Mentions l\u00e9gales & CGU - Le ma\u00efs, un atout pour notre avenir","robots":{"index":"index","follow":"follow","max-snippet":"max-snippet:-1","max-image-preview":"max-image-preview:large","max-video-preview":"max-video-preview:-1"},"canonical":"https:\/\/maize.seedsforfuture.eu\/de\/mentions-legales-cgu\/","og_locale":"de_DE","og_type":"article","og_title":"Mentions l\u00e9gales & CGU - Le ma\u00efs, un atout pour notre avenir","og_description":"IMPRESSUM UND ALLGEMEINE BENUTZUNGSBEDINGUNGEN DER INTERNETSEITE www.maize.seedsforfuture.eu\/ &nbsp; &nbsp; INTERNETSEITENBETREIBER &nbsp; NAME Identit\u00e4t des Unternehmens: F.N.P.S.M.S. \u2013 F\u00e9d\u00e9ration Nationale de la Production de Semences de Ma\u00efs et de Sorgho, 23-25 Avenue de Neuilly, 75116, Paris, Frankreich und 21 Chemin de Pau \u2013 64121 Montardon, Frankreich (Gesellschaftssitz) SIRET-Nr.: 782\u00a0356\u00a0992 00019 E-Mail-Adresse oder Telefonnummer, um Ihr Unternehmen [&hellip;]","og_url":"https:\/\/maize.seedsforfuture.eu\/de\/mentions-legales-cgu\/","og_site_name":"Le ma\u00efs, un atout pour notre avenir","article_modified_time":"2022-12-22T12:43:43+00:00","og_image":[{"width":1200,"height":675,"url":"https:\/\/maize.seedsforfuture.eu\/wp-content\/uploads\/2026\/01\/1200x675-logo-maize.png","type":"image\/png"}],"twitter_card":"summary_large_image","twitter_misc":{"Est. reading time":"5 minutes"},"schema":{"@context":"https:\/\/schema.org","@graph":[{"@type":"WebPage","@id":"https:\/\/maize.seedsforfuture.eu\/de\/mentions-legales-cgu\/","url":"https:\/\/maize.seedsforfuture.eu\/de\/mentions-legales-cgu\/","name":"Mentions l\u00e9gales & CGU - Le ma\u00efs, un atout pour notre avenir","isPartOf":{"@id":"https:\/\/maize.seedsforfuture.eu\/de\/#website"},"datePublished":"2022-09-22T09:24:23+00:00","dateModified":"2022-12-22T12:43:43+00:00","breadcrumb":{"@id":"https:\/\/maize.seedsforfuture.eu\/de\/mentions-legales-cgu\/#breadcrumb"},"inLanguage":"de-DE","potentialAction":[{"@type":"ReadAction","target":["https:\/\/maize.seedsforfuture.eu\/de\/mentions-legales-cgu\/"]}]},{"@type":"BreadcrumbList","@id":"https:\/\/maize.seedsforfuture.eu\/de\/mentions-legales-cgu\/#breadcrumb","itemListElement":[{"@type":"ListItem","position":1,"name":"Accueil","item":"https:\/\/maize.seedsforfuture.eu\/de\/"},{"@type":"ListItem","position":2,"name":"Mentions l\u00e9gales &#038; CGU"}]},{"@type":"WebSite","@id":"https:\/\/maize.seedsforfuture.eu\/de\/#website","url":"https:\/\/maize.seedsforfuture.eu\/de\/","name":"Le ma\u00efs, un atout pour notre avenir","description":"","publisher":{"@id":"https:\/\/maize.seedsforfuture.eu\/de\/#organization"},"alternateName":"Maize, seeds for futur","potentialAction":[{"@type":"SearchAction","target":{"@type":"EntryPoint","urlTemplate":"https:\/\/maize.seedsforfuture.eu\/de\/?s={search_term_string}"},"query-input":{"@type":"PropertyValueSpecification","valueRequired":true,"valueName":"search_term_string"}}],"inLanguage":"de-DE"},{"@type":"Organization","@id":"https:\/\/maize.seedsforfuture.eu\/de\/#organization","name":"F\u00e9d\u00e9ration Nationale de la Production des Semences de Ma\u00efs et de Sorgho","alternateName":"FNPSMS","url":"https:\/\/maize.seedsforfuture.eu\/de\/","logo":{"@type":"ImageObject","inLanguage":"de-DE","@id":"https:\/\/maize.seedsforfuture.eu\/de\/#\/schema\/logo\/image\/","url":"https:\/\/maize.seedsforfuture.eu\/wp-content\/uploads\/2026\/01\/696x696-logo-maize.png","contentUrl":"https:\/\/maize.seedsforfuture.eu\/wp-content\/uploads\/2026\/01\/696x696-logo-maize.png","width":696,"height":696,"caption":"F\u00e9d\u00e9ration Nationale de la Production des Semences de Ma\u00efs et de Sorgho"},"image":{"@id":"https:\/\/maize.seedsforfuture.eu\/de\/#\/schema\/logo\/image\/"}}]}},"_links":{"self":[{"href":"https:\/\/maize.seedsforfuture.eu\/de\/wp-json\/wp\/v2\/pages\/4750","targetHints":{"allow":["GET"]}}],"collection":[{"href":"https:\/\/maize.seedsforfuture.eu\/de\/wp-json\/wp\/v2\/pages"}],"about":[{"href":"https:\/\/maize.seedsforfuture.eu\/de\/wp-json\/wp\/v2\/types\/page"}],"author":[{"embeddable":true,"href":"https:\/\/maize.seedsforfuture.eu\/de\/wp-json\/wp\/v2\/users\/5"}],"replies":[{"embeddable":true,"href":"https:\/\/maize.seedsforfuture.eu\/de\/wp-json\/wp\/v2\/comments?post=4750"}],"version-history":[{"count":2,"href":"https:\/\/maize.seedsforfuture.eu\/de\/wp-json\/wp\/v2\/pages\/4750\/revisions"}],"predecessor-version":[{"id":4785,"href":"https:\/\/maize.seedsforfuture.eu\/de\/wp-json\/wp\/v2\/pages\/4750\/revisions\/4785"}],"wp:attachment":[{"href":"https:\/\/maize.seedsforfuture.eu\/de\/wp-json\/wp\/v2\/media?parent=4750"}],"curies":[{"name":"wp","href":"https:\/\/api.w.org\/{rel}","templated":true}]}}