{"id":4758,"date":"2021-12-20T12:36:42","date_gmt":"2021-12-20T11:36:42","guid":{"rendered":"https:\/\/maize.seedsforfuture.eu\/politique-de-protection-des-donnees-personnelles\/"},"modified":"2022-12-22T13:34:45","modified_gmt":"2022-12-22T12:34:45","slug":"politique-de-protection-des-donnees-personnelles","status":"publish","type":"page","link":"https:\/\/maize.seedsforfuture.eu\/de\/politique-de-protection-des-donnees-personnelles\/","title":{"rendered":"Politique de protection des donn\u00e9es personnelles"},"content":{"rendered":"<h1>DATENSCHUTZRICHTLINIEN<\/h1>\n<p>&nbsp;<\/p>\n<p>&nbsp;<\/p>\n<p>Ziel dieser Richtlinie ist es, die Regeln zum Datenschutz in der Funktion als Verantwortliche f\u00fcr die Verarbeitung vorzustellen, zu deren Einhaltung sich die F\u00e9d\u00e9ration Nationale de la Production de Semences de Ma\u00efs et de Sorgho (nachstehend \u201eFNPSMS\u201c) im Rahmen der Verarbeitung personenbezogener Daten \u00fcber die Webseite <a href=\"https:\/\/maize.seedsforfuture.eu\/\">https:\/\/maize.seedsforfuture.eu\/<\/a> (nachstehend \u201eWebseite\u201c) verpflichtet.<\/p>\n<p>Diese Regeln gelten insbesondere in Anwendung der Verordnung (EU) 2016\/679 des Europ\u00e4ischen Parlaments und des Rates vom 27. April 2016 (Datenschutzgrundverordnung, im Folge\u201cnden \u201eDSGVO\u201c) zum Schutz nat\u00fcrlicher Personen bei der Verarbeitung personenbezogener Daten und zum freien Datenverkehr und zur Aufhebung der Richtlinie 95\/46\/EG.<\/p>\n<p>Sie k\u00f6nnen uns unter folgender Adresse und E-Mail-Adresse kontaktieren, wenn Sie Fragen haben oder Ihre Rechte bez\u00fcglich der \u201eInformatik und Freiheiten\u201c und der Verarbeitung Ihrer personenbezogenen Daten durch den Verband FNPSMS kontaktieren:<\/p>\n<ul>\n<li>Per E-Mail an die folgende E-Mail-Adresse: martin.gomez@fnpsms.fr<\/li>\n<li>Brieflich mit Unterschrift an die folgende Adresse: 23-25 avenue de Neuilly &#8211; 75116 Paris &#8211; Frankreich<\/li>\n<\/ul>\n<p>&nbsp;<\/p>\n<h2>1\/ Definitionen<\/h2>\n<p>Der FNPSMS kann bezeichnet werden mit: \u201eFNPSMS\u201c oder \u201ewir\u201c und handelt als f\u00fcr die Verarbeitung Verantwortlicher, wie im Folgenden aufgef\u00fchrt.<\/p>\n<p>Der Begriff \u201eBenutzer\u201c bezieht sich auf die Benutzer und Internetbesucher, die sich in die Seite einloggen, diese lesen, auf ihr surfen oder sich Inhalte der Seite anzeigen lassen.<\/p>\n<p>Mit \u201epersonenbezogenen Daten\u201c sind Daten gemeint, die sich auf Personen beziehen und die vom f\u00fcr die Verarbeitung Verantwortlichen verarbeitet werden.<\/p>\n<p>&nbsp;<\/p>\n<h2>2\/ F\u00fcr die Verarbeitung Verantwortlicher<\/h2>\n<p>Der FNPSMS handelt as f\u00fcr die Verarbeitung Verantwortlicher und bestimmt alleinig die Zwecke und die Mittel der Verarbeitung der personenbezogenen Daten der Internetseite.<\/p>\n<p>&nbsp;<\/p>\n<h2>3\/ Erfasste personenbezogene Daten<\/h2>\n<p>Jedesmal, wenn personenbezogene Daten erfasst werden, wird der Benutzer darauf hingewiesen, dass Daten von ihm erfasst werden, aber auch, aus welchem Grund seine Daten erfasst werden.<br \/>\nDie Erfassung und Verarbeitung der Daten werden ausgef\u00fchrt, um einem oder mehreren Zwecken zu entsprechen, die im Vorhinein festgelegt werden. Und ausschlie\u00dflich Daten werden erfasst, die f\u00fcr die reibungslose Ausf\u00fchrung der Ziele der Internetseite notwendig sind.<\/p>\n<p>Auf dieser Seite werden keine personenbezogenen Daten erfasst.<\/p>\n<p>&nbsp;<\/p>\n<h2>4\/ Cookies<\/h2>\n<p>Auf dieser Seite werden keine Cookies benutzt.<\/p>\n<p>&nbsp;<\/p>\n<h2>5\/ Zweck der Erfassung<\/h2>\n<p>Wir erfassen keinerlei personenbezogene Daten.<\/p>\n<p>&nbsp;<\/p>\n<h2>6\/ Verwendung Ihrer Daten und Aufbewahrungszeitraum<\/h2>\n<p>Wir erfassen keinerlei personenbezogene Daten.<\/p>\n<p>&nbsp;<\/p>\n<h2>7\/ Teilung der Informationen<\/h2>\n<p><span style=\"text-decoration: underline;\"><strong>Zugriff auf die personenbezogenen Daten<\/strong> <\/span><\/p>\n<p>Zugriff auf die erfassten personenbezogenen Daten k\u00f6nnen im Rahmen ihrer jeweiligen Zust\u00e4ndigkeiten haben:<\/p>\n<ul>\n<li>die mit der Verarbeitung der IT-Dienstleistungen betrauten Personen<\/li>\n<li>die Zulieferer im Rahmen ihres Zulieferervertrags einschlie\u00dflich der Verpflichtungen bez\u00fcglich der Vertraulichkeit und Sicherheit.<\/li>\n<\/ul>\n<p>Wir verarbeiten jedoch auf dieser Seite keine personenbezogenen Daten.<\/p>\n<p><span style=\"text-decoration: underline;\"><strong>Teilung personenbezogener Daten und \u00dcbermittlung ins Ausland<\/strong><\/span><\/p>\n<p>Die Seite wird auf in der Europ\u00e4ischen Union befindlichen Servern gehostet.<\/p>\n<p><strong><span style=\"text-decoration: underline;\">Offenlegung aufgrund juristischer und rechtlicher Gr\u00fcnde<\/span><\/strong><\/p>\n<p>Wenn Pers\u00f6nliche Daten erfasst werden, k\u00f6nnen sie gegen\u00fcber Dritten offengelegt werden, wenn der FNPSM durch ein Gesetz, eine Verordnung oder gerichtliche Anordnung dazu gezwungen wird oder wenn eine solche Offenlegung f\u00fcr die Zwecke einer Untersuchung, einer Anordnung oder eines Gerichtsverfahrens im Inland oder im Ausland erforderlich ist.<br \/>\nPersonenbezogene Daten k\u00f6nnten gegen\u00fcber Unternehmen, Beratern oder Drittpersonen offengelegt werden, damit sich der FNPSMS vor einer Verletzung der Rechte, des Eigentums oder der Sicherheit des Nutzers sch\u00fctzen kann.<\/p>\n<p>&nbsp;<\/p>\n<h2>8\/ Sicherheit von personenbezogenen Daten<\/h2>\n<p>Es werden Sicherheitsma\u00dfnahmen ergriffen, um die Webseite vor unbefugtem Zugriff und unbefugter Offenlegung, \u00c4nderung, Besch\u00e4digung oder Zerst\u00f6rung zu sch\u00fctzen. Falls eine Sicherheitsl\u00fccke erkannt werden sollte, werden die entsprechend n\u00fctzlichen Ma\u00dfnahmen ergriffen.<\/p>\n<p>&nbsp;<\/p>\n<h2>9\/ Die Rechte des Benutzers<\/h2>\n<p>Die von der Erfassung der personenbezogenen Daten betroffenen Personen haben folgende Rechte:<\/p>\n<ul>\n<li>Recht auf Zugriff<\/li>\n<li>Recht auf Berichtigung<\/li>\n<li>Recht auf L\u00f6schung der personenbezogenen Daten<\/li>\n<li>Recht auf Widerspruch gegen die Erfassung und Verarbeitung eines Teils oder aller personenbezogener Daten.<\/li>\n<\/ul>\n<p>Diese Rechte geben Ihnen die M\u00f6glichkeit, Ihre Benachrichtigungseinstellungen jederzeit zu \u00e4ndern, indem Sie der Verwendung Ihrer personenbezogenen Daten f\u00fcr Werbezwecke zustimmen oder diese ablehnen.<br \/>\nWeitere Informationen \u00fcber das Ausma\u00df Ihrer Rechte finden Sie auf der Homepage des CNIL;<br \/>\nKontaktieren Sie uns bitte unter der folgenden Adresse, wenn Sie Ihre Rechte aus\u00fcben wollen: martin.gomez@fnpsms.fr<\/p>\n<p>&nbsp;<\/p>\n<h2>ENTWICKLUNG UND AKTUALISIERUNG<\/h2>\n<p>Wir weisen Sie darauf hin, dass diese Richtlinie zur Verarbeitung personenbezogener Daten \u00c4nderungen unterliegen kann. Wir bitten Sie daher, sich regelm\u00e4\u00dfig die neueste Version online anzusehen oder sich \u00fcber die Website oder andere Kommunikationswege \u00fcber die Entwicklungen zu informieren.<br \/>\n&nbsp;<\/p>\n","protected":false},"excerpt":{"rendered":"<p>DATENSCHUTZRICHTLINIEN &nbsp; &nbsp; Ziel dieser Richtlinie ist es, die Regeln zum Datenschutz in der Funktion als Verantwortliche f\u00fcr die Verarbeitung vorzustellen, zu deren Einhaltung sich die F\u00e9d\u00e9ration Nationale de la Production de Semences de Ma\u00efs et de Sorgho (nachstehend \u201eFNPSMS\u201c) im Rahmen der Verarbeitung personenbezogener Daten \u00fcber die Webseite https:\/\/maize.seedsforfuture.eu\/ (nachstehend \u201eWebseite\u201c) verpflichtet. Diese Regeln [&hellip;]<\/p>\n","protected":false},"author":1,"featured_media":0,"parent":0,"menu_order":19,"comment_status":"closed","ping_status":"open","template":"page-template-mentions.php","meta":{"_acf_changed":false,"footnotes":""},"class_list":["post-4758","page","type-page","status-publish","hentry"],"acf":[],"yoast_head":"<!-- This site is optimized with the Yoast SEO plugin v26.6 - https:\/\/yoast.com\/wordpress\/plugins\/seo\/ -->\n<title>Politique de protection des donn\u00e9es personnelles - Le ma\u00efs, un atout pour notre avenir<\/title>\n<meta name=\"robots\" content=\"index, follow, max-snippet:-1, max-image-preview:large, max-video-preview:-1\" \/>\n<link rel=\"canonical\" href=\"https:\/\/maize.seedsforfuture.eu\/de\/politique-de-protection-des-donnees-personnelles\/\" \/>\n<meta property=\"og:locale\" content=\"de_DE\" \/>\n<meta property=\"og:type\" content=\"article\" \/>\n<meta property=\"og:title\" content=\"Politique de protection des donn\u00e9es personnelles - Le ma\u00efs, un atout pour notre avenir\" \/>\n<meta property=\"og:description\" content=\"DATENSCHUTZRICHTLINIEN &nbsp; &nbsp; Ziel dieser Richtlinie ist es, die Regeln zum Datenschutz in der Funktion als Verantwortliche f\u00fcr die Verarbeitung vorzustellen, zu deren Einhaltung sich die F\u00e9d\u00e9ration Nationale de la Production de Semences de Ma\u00efs et de Sorgho (nachstehend \u201eFNPSMS\u201c) im Rahmen der Verarbeitung personenbezogener Daten \u00fcber die Webseite https:\/\/maize.seedsforfuture.eu\/ (nachstehend \u201eWebseite\u201c) verpflichtet. Diese Regeln [&hellip;]\" \/>\n<meta property=\"og:url\" content=\"https:\/\/maize.seedsforfuture.eu\/de\/politique-de-protection-des-donnees-personnelles\/\" \/>\n<meta property=\"og:site_name\" content=\"Le ma\u00efs, un atout pour notre avenir\" \/>\n<meta property=\"article:modified_time\" content=\"2022-12-22T12:34:45+00:00\" \/>\n<meta property=\"og:image\" content=\"https:\/\/maize.seedsforfuture.eu\/wp-content\/uploads\/2026\/01\/1200x675-logo-maize.png\" \/>\n\t<meta property=\"og:image:width\" content=\"1200\" \/>\n\t<meta property=\"og:image:height\" content=\"675\" \/>\n\t<meta property=\"og:image:type\" content=\"image\/png\" \/>\n<meta name=\"twitter:card\" content=\"summary_large_image\" \/>\n<meta name=\"twitter:label1\" content=\"Est. reading time\" \/>\n\t<meta name=\"twitter:data1\" content=\"4 minutes\" \/>\n<script type=\"application\/ld+json\" class=\"yoast-schema-graph\">{\"@context\":\"https:\/\/schema.org\",\"@graph\":[{\"@type\":\"WebPage\",\"@id\":\"https:\/\/maize.seedsforfuture.eu\/de\/politique-de-protection-des-donnees-personnelles\/\",\"url\":\"https:\/\/maize.seedsforfuture.eu\/de\/politique-de-protection-des-donnees-personnelles\/\",\"name\":\"Politique de protection des donn\u00e9es personnelles - Le ma\u00efs, un atout pour notre avenir\",\"isPartOf\":{\"@id\":\"https:\/\/maize.seedsforfuture.eu\/de\/#website\"},\"datePublished\":\"2021-12-20T11:36:42+00:00\",\"dateModified\":\"2022-12-22T12:34:45+00:00\",\"breadcrumb\":{\"@id\":\"https:\/\/maize.seedsforfuture.eu\/de\/politique-de-protection-des-donnees-personnelles\/#breadcrumb\"},\"inLanguage\":\"de-DE\",\"potentialAction\":[{\"@type\":\"ReadAction\",\"target\":[\"https:\/\/maize.seedsforfuture.eu\/de\/politique-de-protection-des-donnees-personnelles\/\"]}]},{\"@type\":\"BreadcrumbList\",\"@id\":\"https:\/\/maize.seedsforfuture.eu\/de\/politique-de-protection-des-donnees-personnelles\/#breadcrumb\",\"itemListElement\":[{\"@type\":\"ListItem\",\"position\":1,\"name\":\"Accueil\",\"item\":\"https:\/\/maize.seedsforfuture.eu\/de\/\"},{\"@type\":\"ListItem\",\"position\":2,\"name\":\"Politique de protection des donn\u00e9es personnelles\"}]},{\"@type\":\"WebSite\",\"@id\":\"https:\/\/maize.seedsforfuture.eu\/de\/#website\",\"url\":\"https:\/\/maize.seedsforfuture.eu\/de\/\",\"name\":\"Le ma\u00efs, un atout pour notre avenir\",\"description\":\"\",\"publisher\":{\"@id\":\"https:\/\/maize.seedsforfuture.eu\/de\/#organization\"},\"alternateName\":\"Maize, seeds for futur\",\"potentialAction\":[{\"@type\":\"SearchAction\",\"target\":{\"@type\":\"EntryPoint\",\"urlTemplate\":\"https:\/\/maize.seedsforfuture.eu\/de\/?s={search_term_string}\"},\"query-input\":{\"@type\":\"PropertyValueSpecification\",\"valueRequired\":true,\"valueName\":\"search_term_string\"}}],\"inLanguage\":\"de-DE\"},{\"@type\":\"Organization\",\"@id\":\"https:\/\/maize.seedsforfuture.eu\/de\/#organization\",\"name\":\"F\u00e9d\u00e9ration Nationale de la Production des Semences de Ma\u00efs et de Sorgho\",\"alternateName\":\"FNPSMS\",\"url\":\"https:\/\/maize.seedsforfuture.eu\/de\/\",\"logo\":{\"@type\":\"ImageObject\",\"inLanguage\":\"de-DE\",\"@id\":\"https:\/\/maize.seedsforfuture.eu\/de\/#\/schema\/logo\/image\/\",\"url\":\"https:\/\/maize.seedsforfuture.eu\/wp-content\/uploads\/2026\/01\/696x696-logo-maize.png\",\"contentUrl\":\"https:\/\/maize.seedsforfuture.eu\/wp-content\/uploads\/2026\/01\/696x696-logo-maize.png\",\"width\":696,\"height\":696,\"caption\":\"F\u00e9d\u00e9ration Nationale de la Production des Semences de Ma\u00efs et de Sorgho\"},\"image\":{\"@id\":\"https:\/\/maize.seedsforfuture.eu\/de\/#\/schema\/logo\/image\/\"}}]}<\/script>\n<!-- \/ Yoast SEO plugin. -->","yoast_head_json":{"title":"Politique de protection des donn\u00e9es personnelles - Le ma\u00efs, un atout pour notre avenir","robots":{"index":"index","follow":"follow","max-snippet":"max-snippet:-1","max-image-preview":"max-image-preview:large","max-video-preview":"max-video-preview:-1"},"canonical":"https:\/\/maize.seedsforfuture.eu\/de\/politique-de-protection-des-donnees-personnelles\/","og_locale":"de_DE","og_type":"article","og_title":"Politique de protection des donn\u00e9es personnelles - Le ma\u00efs, un atout pour notre avenir","og_description":"DATENSCHUTZRICHTLINIEN &nbsp; &nbsp; Ziel dieser Richtlinie ist es, die Regeln zum Datenschutz in der Funktion als Verantwortliche f\u00fcr die Verarbeitung vorzustellen, zu deren Einhaltung sich die F\u00e9d\u00e9ration Nationale de la Production de Semences de Ma\u00efs et de Sorgho (nachstehend \u201eFNPSMS\u201c) im Rahmen der Verarbeitung personenbezogener Daten \u00fcber die Webseite https:\/\/maize.seedsforfuture.eu\/ (nachstehend \u201eWebseite\u201c) verpflichtet. Diese Regeln [&hellip;]","og_url":"https:\/\/maize.seedsforfuture.eu\/de\/politique-de-protection-des-donnees-personnelles\/","og_site_name":"Le ma\u00efs, un atout pour notre avenir","article_modified_time":"2022-12-22T12:34:45+00:00","og_image":[{"width":1200,"height":675,"url":"https:\/\/maize.seedsforfuture.eu\/wp-content\/uploads\/2026\/01\/1200x675-logo-maize.png","type":"image\/png"}],"twitter_card":"summary_large_image","twitter_misc":{"Est. reading time":"4 minutes"},"schema":{"@context":"https:\/\/schema.org","@graph":[{"@type":"WebPage","@id":"https:\/\/maize.seedsforfuture.eu\/de\/politique-de-protection-des-donnees-personnelles\/","url":"https:\/\/maize.seedsforfuture.eu\/de\/politique-de-protection-des-donnees-personnelles\/","name":"Politique de protection des donn\u00e9es personnelles - Le ma\u00efs, un atout pour notre avenir","isPartOf":{"@id":"https:\/\/maize.seedsforfuture.eu\/de\/#website"},"datePublished":"2021-12-20T11:36:42+00:00","dateModified":"2022-12-22T12:34:45+00:00","breadcrumb":{"@id":"https:\/\/maize.seedsforfuture.eu\/de\/politique-de-protection-des-donnees-personnelles\/#breadcrumb"},"inLanguage":"de-DE","potentialAction":[{"@type":"ReadAction","target":["https:\/\/maize.seedsforfuture.eu\/de\/politique-de-protection-des-donnees-personnelles\/"]}]},{"@type":"BreadcrumbList","@id":"https:\/\/maize.seedsforfuture.eu\/de\/politique-de-protection-des-donnees-personnelles\/#breadcrumb","itemListElement":[{"@type":"ListItem","position":1,"name":"Accueil","item":"https:\/\/maize.seedsforfuture.eu\/de\/"},{"@type":"ListItem","position":2,"name":"Politique de protection des donn\u00e9es personnelles"}]},{"@type":"WebSite","@id":"https:\/\/maize.seedsforfuture.eu\/de\/#website","url":"https:\/\/maize.seedsforfuture.eu\/de\/","name":"Le ma\u00efs, un atout pour notre avenir","description":"","publisher":{"@id":"https:\/\/maize.seedsforfuture.eu\/de\/#organization"},"alternateName":"Maize, seeds for futur","potentialAction":[{"@type":"SearchAction","target":{"@type":"EntryPoint","urlTemplate":"https:\/\/maize.seedsforfuture.eu\/de\/?s={search_term_string}"},"query-input":{"@type":"PropertyValueSpecification","valueRequired":true,"valueName":"search_term_string"}}],"inLanguage":"de-DE"},{"@type":"Organization","@id":"https:\/\/maize.seedsforfuture.eu\/de\/#organization","name":"F\u00e9d\u00e9ration Nationale de la Production des Semences de Ma\u00efs et de Sorgho","alternateName":"FNPSMS","url":"https:\/\/maize.seedsforfuture.eu\/de\/","logo":{"@type":"ImageObject","inLanguage":"de-DE","@id":"https:\/\/maize.seedsforfuture.eu\/de\/#\/schema\/logo\/image\/","url":"https:\/\/maize.seedsforfuture.eu\/wp-content\/uploads\/2026\/01\/696x696-logo-maize.png","contentUrl":"https:\/\/maize.seedsforfuture.eu\/wp-content\/uploads\/2026\/01\/696x696-logo-maize.png","width":696,"height":696,"caption":"F\u00e9d\u00e9ration Nationale de la Production des Semences de Ma\u00efs et de Sorgho"},"image":{"@id":"https:\/\/maize.seedsforfuture.eu\/de\/#\/schema\/logo\/image\/"}}]}},"_links":{"self":[{"href":"https:\/\/maize.seedsforfuture.eu\/de\/wp-json\/wp\/v2\/pages\/4758","targetHints":{"allow":["GET"]}}],"collection":[{"href":"https:\/\/maize.seedsforfuture.eu\/de\/wp-json\/wp\/v2\/pages"}],"about":[{"href":"https:\/\/maize.seedsforfuture.eu\/de\/wp-json\/wp\/v2\/types\/page"}],"author":[{"embeddable":true,"href":"https:\/\/maize.seedsforfuture.eu\/de\/wp-json\/wp\/v2\/users\/1"}],"replies":[{"embeddable":true,"href":"https:\/\/maize.seedsforfuture.eu\/de\/wp-json\/wp\/v2\/comments?post=4758"}],"version-history":[{"count":2,"href":"https:\/\/maize.seedsforfuture.eu\/de\/wp-json\/wp\/v2\/pages\/4758\/revisions"}],"predecessor-version":[{"id":4783,"href":"https:\/\/maize.seedsforfuture.eu\/de\/wp-json\/wp\/v2\/pages\/4758\/revisions\/4783"}],"wp:attachment":[{"href":"https:\/\/maize.seedsforfuture.eu\/de\/wp-json\/wp\/v2\/media?parent=4758"}],"curies":[{"name":"wp","href":"https:\/\/api.w.org\/{rel}","templated":true}]}}