{"id":887,"date":"2021-12-20T12:39:59","date_gmt":"2021-12-20T11:39:59","guid":{"rendered":"https:\/\/maize.seedsforfuture.eu\/culture\/generique\/"},"modified":"2022-09-14T11:48:06","modified_gmt":"2022-09-14T09:48:06","slug":"genetik","status":"publish","type":"page","link":"https:\/\/maize.seedsforfuture.eu\/de\/kultur\/genetik\/","title":{"rendered":"<b>Genetik<\/b>"},"content":{"rendered":"<p><strong>L\u2019Europe est le plus grand producteur mondial de semences de ma\u00efs. Ce leadership, elle le doit \u00e0 la diversit\u00e9 et la richesse de ses terroirs, au dynamisme de la recherche europ\u00e9enne et \u00e0 son syst\u00e8me de certification le plus exigeant du monde. Autant de savoir-faire connus et reconnus qui contribuent \u00e0 cr\u00e9er de la valeur pour les entreprises et les producteurs.<\/strong><\/p>\n","protected":false},"excerpt":{"rendered":"<p>L\u2019Europe est le plus grand producteur mondial de semences de ma\u00efs. Ce leadership, elle le doit \u00e0 la diversit\u00e9 et la richesse de ses terroirs, au dynamisme de la recherche europ\u00e9enne et \u00e0 son syst\u00e8me de certification le plus exigeant du monde. Autant de savoir-faire connus et reconnus qui contribuent \u00e0 cr\u00e9er de la valeur [&hellip;]<\/p>\n","protected":false},"author":1,"featured_media":2823,"parent":883,"menu_order":13,"comment_status":"closed","ping_status":"closed","template":"page-template-inner.php","meta":{"_acf_changed":false,"footnotes":""},"class_list":["post-887","page","type-page","status-publish","has-post-thumbnail","hentry"],"acf":[],"yoast_head":"<!-- This site is optimized with the Yoast SEO plugin v26.6 - https:\/\/yoast.com\/wordpress\/plugins\/seo\/ -->\n<title>Genetik | Mais - Kapital der Zukunft<\/title>\n<meta name=\"description\" content=\"Dank sorgf\u00e4ltiger Untersuchungen konnte das volle Potenzial von Mais im europ\u00e4ischen Anbau ausgesch\u00f6pft werden. Mehr erf\u00e4hrst du hier\" \/>\n<meta name=\"robots\" content=\"index, follow, max-snippet:-1, max-image-preview:large, max-video-preview:-1\" \/>\n<link rel=\"canonical\" href=\"https:\/\/maize.seedsforfuture.eu\/de\/kultur\/genetik\/\" \/>\n<meta property=\"og:locale\" content=\"de_DE\" \/>\n<meta property=\"og:type\" content=\"article\" \/>\n<meta property=\"og:title\" content=\"Genetik | Mais - Kapital der Zukunft\" \/>\n<meta property=\"og:description\" content=\"Dank sorgf\u00e4ltiger Untersuchungen konnte das volle Potenzial von Mais im europ\u00e4ischen Anbau ausgesch\u00f6pft werden. Mehr erf\u00e4hrst du hier\" \/>\n<meta property=\"og:url\" content=\"https:\/\/maize.seedsforfuture.eu\/de\/kultur\/genetik\/\" \/>\n<meta property=\"og:site_name\" content=\"Le ma\u00efs, un atout pour notre avenir\" \/>\n<meta property=\"article:modified_time\" content=\"2022-09-14T09:48:06+00:00\" \/>\n<meta property=\"og:image\" content=\"https:\/\/maize.seedsforfuture.eu\/wp-content\/uploads\/2022\/08\/1409_MG_3927-1-DE.webp\" \/>\n\t<meta property=\"og:image:width\" content=\"1800\" \/>\n\t<meta property=\"og:image:height\" content=\"1200\" \/>\n\t<meta property=\"og:image:type\" content=\"image\/webp\" \/>\n<meta name=\"twitter:card\" content=\"summary_large_image\" \/>\n<meta name=\"twitter:label1\" content=\"Est. reading time\" \/>\n\t<meta name=\"twitter:data1\" content=\"1 minute\" \/>\n<script type=\"application\/ld+json\" class=\"yoast-schema-graph\">{\"@context\":\"https:\/\/schema.org\",\"@graph\":[{\"@type\":\"WebPage\",\"@id\":\"https:\/\/maize.seedsforfuture.eu\/de\/kultur\/genetik\/\",\"url\":\"https:\/\/maize.seedsforfuture.eu\/de\/kultur\/genetik\/\",\"name\":\"Genetik | Mais - Kapital der Zukunft\",\"isPartOf\":{\"@id\":\"https:\/\/maize.seedsforfuture.eu\/de\/#website\"},\"primaryImageOfPage\":{\"@id\":\"https:\/\/maize.seedsforfuture.eu\/de\/kultur\/genetik\/#primaryimage\"},\"image\":{\"@id\":\"https:\/\/maize.seedsforfuture.eu\/de\/kultur\/genetik\/#primaryimage\"},\"thumbnailUrl\":\"https:\/\/maize.seedsforfuture.eu\/wp-content\/uploads\/2022\/08\/1409_MG_3927-1-DE.webp\",\"datePublished\":\"2021-12-20T11:39:59+00:00\",\"dateModified\":\"2022-09-14T09:48:06+00:00\",\"description\":\"Dank sorgf\u00e4ltiger Untersuchungen konnte das volle Potenzial von Mais im europ\u00e4ischen Anbau ausgesch\u00f6pft werden. Mehr erf\u00e4hrst du hier\",\"breadcrumb\":{\"@id\":\"https:\/\/maize.seedsforfuture.eu\/de\/kultur\/genetik\/#breadcrumb\"},\"inLanguage\":\"de-DE\",\"potentialAction\":[{\"@type\":\"ReadAction\",\"target\":[\"https:\/\/maize.seedsforfuture.eu\/de\/kultur\/genetik\/\"]}]},{\"@type\":\"ImageObject\",\"inLanguage\":\"de-DE\",\"@id\":\"https:\/\/maize.seedsforfuture.eu\/de\/kultur\/genetik\/#primaryimage\",\"url\":\"https:\/\/maize.seedsforfuture.eu\/wp-content\/uploads\/2022\/08\/1409_MG_3927-1-DE.webp\",\"contentUrl\":\"https:\/\/maize.seedsforfuture.eu\/wp-content\/uploads\/2022\/08\/1409_MG_3927-1-DE.webp\",\"width\":1800,\"height\":1200,\"caption\":\"Landwirt pr\u00fcft die Qualit\u00e4t der Ernte | Seeds for Future\"},{\"@type\":\"BreadcrumbList\",\"@id\":\"https:\/\/maize.seedsforfuture.eu\/de\/kultur\/genetik\/#breadcrumb\",\"itemListElement\":[{\"@type\":\"ListItem\",\"position\":1,\"name\":\"Accueil\",\"item\":\"https:\/\/maize.seedsforfuture.eu\/de\/\"},{\"@type\":\"ListItem\",\"position\":2,\"name\":\"Kultur\",\"item\":\"https:\/\/maize.seedsforfuture.eu\/de\/kultur\/\"},{\"@type\":\"ListItem\",\"position\":3,\"name\":\"Genetik\"}]},{\"@type\":\"WebSite\",\"@id\":\"https:\/\/maize.seedsforfuture.eu\/de\/#website\",\"url\":\"https:\/\/maize.seedsforfuture.eu\/de\/\",\"name\":\"Le ma\u00efs, un atout pour notre avenir\",\"description\":\"\",\"publisher\":{\"@id\":\"https:\/\/maize.seedsforfuture.eu\/de\/#organization\"},\"alternateName\":\"Maize, seeds for futur\",\"potentialAction\":[{\"@type\":\"SearchAction\",\"target\":{\"@type\":\"EntryPoint\",\"urlTemplate\":\"https:\/\/maize.seedsforfuture.eu\/de\/?s={search_term_string}\"},\"query-input\":{\"@type\":\"PropertyValueSpecification\",\"valueRequired\":true,\"valueName\":\"search_term_string\"}}],\"inLanguage\":\"de-DE\"},{\"@type\":\"Organization\",\"@id\":\"https:\/\/maize.seedsforfuture.eu\/de\/#organization\",\"name\":\"F\u00e9d\u00e9ration Nationale de la Production des Semences de Ma\u00efs et de Sorgho\",\"alternateName\":\"FNPSMS\",\"url\":\"https:\/\/maize.seedsforfuture.eu\/de\/\",\"logo\":{\"@type\":\"ImageObject\",\"inLanguage\":\"de-DE\",\"@id\":\"https:\/\/maize.seedsforfuture.eu\/de\/#\/schema\/logo\/image\/\",\"url\":\"https:\/\/maize.seedsforfuture.eu\/wp-content\/uploads\/2026\/01\/696x696-logo-maize.png\",\"contentUrl\":\"https:\/\/maize.seedsforfuture.eu\/wp-content\/uploads\/2026\/01\/696x696-logo-maize.png\",\"width\":696,\"height\":696,\"caption\":\"F\u00e9d\u00e9ration Nationale de la Production des Semences de Ma\u00efs et de Sorgho\"},\"image\":{\"@id\":\"https:\/\/maize.seedsforfuture.eu\/de\/#\/schema\/logo\/image\/\"}}]}<\/script>\n<!-- \/ Yoast SEO plugin. -->","yoast_head_json":{"title":"Genetik | Mais - Kapital der Zukunft","description":"Dank sorgf\u00e4ltiger Untersuchungen konnte das volle Potenzial von Mais im europ\u00e4ischen Anbau ausgesch\u00f6pft werden. Mehr erf\u00e4hrst du hier","robots":{"index":"index","follow":"follow","max-snippet":"max-snippet:-1","max-image-preview":"max-image-preview:large","max-video-preview":"max-video-preview:-1"},"canonical":"https:\/\/maize.seedsforfuture.eu\/de\/kultur\/genetik\/","og_locale":"de_DE","og_type":"article","og_title":"Genetik | Mais - Kapital der Zukunft","og_description":"Dank sorgf\u00e4ltiger Untersuchungen konnte das volle Potenzial von Mais im europ\u00e4ischen Anbau ausgesch\u00f6pft werden. Mehr erf\u00e4hrst du hier","og_url":"https:\/\/maize.seedsforfuture.eu\/de\/kultur\/genetik\/","og_site_name":"Le ma\u00efs, un atout pour notre avenir","article_modified_time":"2022-09-14T09:48:06+00:00","og_image":[{"width":1800,"height":1200,"url":"https:\/\/maize.seedsforfuture.eu\/wp-content\/uploads\/2022\/08\/1409_MG_3927-1-DE.webp","type":"image\/webp"}],"twitter_card":"summary_large_image","twitter_misc":{"Est. reading time":"1 minute"},"schema":{"@context":"https:\/\/schema.org","@graph":[{"@type":"WebPage","@id":"https:\/\/maize.seedsforfuture.eu\/de\/kultur\/genetik\/","url":"https:\/\/maize.seedsforfuture.eu\/de\/kultur\/genetik\/","name":"Genetik | Mais - Kapital der Zukunft","isPartOf":{"@id":"https:\/\/maize.seedsforfuture.eu\/de\/#website"},"primaryImageOfPage":{"@id":"https:\/\/maize.seedsforfuture.eu\/de\/kultur\/genetik\/#primaryimage"},"image":{"@id":"https:\/\/maize.seedsforfuture.eu\/de\/kultur\/genetik\/#primaryimage"},"thumbnailUrl":"https:\/\/maize.seedsforfuture.eu\/wp-content\/uploads\/2022\/08\/1409_MG_3927-1-DE.webp","datePublished":"2021-12-20T11:39:59+00:00","dateModified":"2022-09-14T09:48:06+00:00","description":"Dank sorgf\u00e4ltiger Untersuchungen konnte das volle Potenzial von Mais im europ\u00e4ischen Anbau ausgesch\u00f6pft werden. Mehr erf\u00e4hrst du hier","breadcrumb":{"@id":"https:\/\/maize.seedsforfuture.eu\/de\/kultur\/genetik\/#breadcrumb"},"inLanguage":"de-DE","potentialAction":[{"@type":"ReadAction","target":["https:\/\/maize.seedsforfuture.eu\/de\/kultur\/genetik\/"]}]},{"@type":"ImageObject","inLanguage":"de-DE","@id":"https:\/\/maize.seedsforfuture.eu\/de\/kultur\/genetik\/#primaryimage","url":"https:\/\/maize.seedsforfuture.eu\/wp-content\/uploads\/2022\/08\/1409_MG_3927-1-DE.webp","contentUrl":"https:\/\/maize.seedsforfuture.eu\/wp-content\/uploads\/2022\/08\/1409_MG_3927-1-DE.webp","width":1800,"height":1200,"caption":"Landwirt pr\u00fcft die Qualit\u00e4t der Ernte | Seeds for Future"},{"@type":"BreadcrumbList","@id":"https:\/\/maize.seedsforfuture.eu\/de\/kultur\/genetik\/#breadcrumb","itemListElement":[{"@type":"ListItem","position":1,"name":"Accueil","item":"https:\/\/maize.seedsforfuture.eu\/de\/"},{"@type":"ListItem","position":2,"name":"Kultur","item":"https:\/\/maize.seedsforfuture.eu\/de\/kultur\/"},{"@type":"ListItem","position":3,"name":"Genetik"}]},{"@type":"WebSite","@id":"https:\/\/maize.seedsforfuture.eu\/de\/#website","url":"https:\/\/maize.seedsforfuture.eu\/de\/","name":"Le ma\u00efs, un atout pour notre avenir","description":"","publisher":{"@id":"https:\/\/maize.seedsforfuture.eu\/de\/#organization"},"alternateName":"Maize, seeds for futur","potentialAction":[{"@type":"SearchAction","target":{"@type":"EntryPoint","urlTemplate":"https:\/\/maize.seedsforfuture.eu\/de\/?s={search_term_string}"},"query-input":{"@type":"PropertyValueSpecification","valueRequired":true,"valueName":"search_term_string"}}],"inLanguage":"de-DE"},{"@type":"Organization","@id":"https:\/\/maize.seedsforfuture.eu\/de\/#organization","name":"F\u00e9d\u00e9ration Nationale de la Production des Semences de Ma\u00efs et de Sorgho","alternateName":"FNPSMS","url":"https:\/\/maize.seedsforfuture.eu\/de\/","logo":{"@type":"ImageObject","inLanguage":"de-DE","@id":"https:\/\/maize.seedsforfuture.eu\/de\/#\/schema\/logo\/image\/","url":"https:\/\/maize.seedsforfuture.eu\/wp-content\/uploads\/2026\/01\/696x696-logo-maize.png","contentUrl":"https:\/\/maize.seedsforfuture.eu\/wp-content\/uploads\/2026\/01\/696x696-logo-maize.png","width":696,"height":696,"caption":"F\u00e9d\u00e9ration Nationale de la Production des Semences de Ma\u00efs et de Sorgho"},"image":{"@id":"https:\/\/maize.seedsforfuture.eu\/de\/#\/schema\/logo\/image\/"}}]}},"_links":{"self":[{"href":"https:\/\/maize.seedsforfuture.eu\/de\/wp-json\/wp\/v2\/pages\/887","targetHints":{"allow":["GET"]}}],"collection":[{"href":"https:\/\/maize.seedsforfuture.eu\/de\/wp-json\/wp\/v2\/pages"}],"about":[{"href":"https:\/\/maize.seedsforfuture.eu\/de\/wp-json\/wp\/v2\/types\/page"}],"author":[{"embeddable":true,"href":"https:\/\/maize.seedsforfuture.eu\/de\/wp-json\/wp\/v2\/users\/1"}],"replies":[{"embeddable":true,"href":"https:\/\/maize.seedsforfuture.eu\/de\/wp-json\/wp\/v2\/comments?post=887"}],"version-history":[{"count":16,"href":"https:\/\/maize.seedsforfuture.eu\/de\/wp-json\/wp\/v2\/pages\/887\/revisions"}],"predecessor-version":[{"id":4283,"href":"https:\/\/maize.seedsforfuture.eu\/de\/wp-json\/wp\/v2\/pages\/887\/revisions\/4283"}],"up":[{"embeddable":true,"href":"https:\/\/maize.seedsforfuture.eu\/de\/wp-json\/wp\/v2\/pages\/883"}],"wp:featuredmedia":[{"embeddable":true,"href":"https:\/\/maize.seedsforfuture.eu\/de\/wp-json\/wp\/v2\/media\/2823"}],"wp:attachment":[{"href":"https:\/\/maize.seedsforfuture.eu\/de\/wp-json\/wp\/v2\/media?parent=887"}],"curies":[{"name":"wp","href":"https:\/\/api.w.org\/{rel}","templated":true}]}}