{"id":453,"date":"2021-12-20T12:40:36","date_gmt":"2021-12-20T11:40:36","guid":{"rendered":"https:\/\/maize.seedsforfuture.eu\/innovation\/"},"modified":"2023-01-03T14:25:39","modified_gmt":"2023-01-03T13:25:39","slug":"seeds-for-future","status":"publish","type":"page","link":"https:\/\/maize.seedsforfuture.eu\/es\/seeds-for-future\/","title":{"rendered":"Seeds for future"},"content":{"rendered":"<p>Le ma\u00efs, 1<sup>\u00e8re<\/sup> c\u00e9r\u00e9ale cultiv\u00e9e en Europe, adapt\u00e9e \u00e0 tous les territoires, elle donne beaucoup d\u2019opportunit\u00e9s aux diff\u00e9rents acteurs \u00e9conomiques du secteur et est une bonne alternation face au changement climatique tout en donnant des options de transformation en alimentation animale, humaine ou encore pour la production d\u2019\u00e9nergie.<\/p>\n<p>Afin de pousser les agriculteurs, transformateurs et consommateurs \u00e0 choisir le ma\u00efs et \u00e0 faire grandir la fili\u00e8re europ\u00e9enne, la FNPSMS, gr\u00e2ce \u00e0 une subvention de l\u2019Union Europ\u00e9enne, d\u00e9ploie depuis janvier 2021 la campagne de promotion \u00ab\u00a0<em>Seeds For Future<\/em>\u00a0\u00bb dans 5 pays europ\u00e9ens. Cette campagne, qui se terminera en janvier 2023, permet gr\u00e2ce \u00e0 la mise en place d\u2019\u00e9v\u00e9nements, de conf\u00e9rences ou encore \u00e0 la cr\u00e9ation de documentations techniques, de promouvoir tous les avantages de la culture du ma\u00efs, d\u2019augmenter sa production en Europe et de mettre en avant tout le travail r\u00e9alis\u00e9 par les s\u00e9lectionneurs pour \u00e9laborer des vari\u00e9t\u00e9s europ\u00e9ennes performantes et adapt\u00e9es.<\/p>\n","protected":false},"excerpt":{"rendered":"<p>Le ma\u00efs, 1\u00e8re c\u00e9r\u00e9ale cultiv\u00e9e en Europe, adapt\u00e9e \u00e0 tous les territoires, elle donne beaucoup d\u2019opportunit\u00e9s aux diff\u00e9rents acteurs \u00e9conomiques du secteur et est une bonne alternation face au changement climatique tout en donnant des options de transformation en alimentation animale, humaine ou encore pour la production d\u2019\u00e9nergie. Afin de pousser les agriculteurs, transformateurs et [&hellip;]<\/p>\n","protected":false},"author":1,"featured_media":2874,"parent":0,"menu_order":20,"comment_status":"closed","ping_status":"closed","template":"page-template-innovation.php","meta":{"_acf_changed":false,"footnotes":""},"class_list":["post-453","page","type-page","status-publish","has-post-thumbnail","hentry"],"acf":[],"yoast_head":"<!-- This site is optimized with the Yoast SEO plugin v26.6 - https:\/\/yoast.com\/wordpress\/plugins\/seo\/ -->\n<title>El ma\u00edz en Europa est\u00e1 adaptado a cada regi\u00f3n | Seeds for Future<\/title>\n<meta name=\"description\" content=\"El ma\u00edz est\u00e1 adaptado a todos los territorios, ofrece muchas oportunidades a los distintos factores econ\u00f3micos y es una alternativa para el cambio clim\u00e1tico\" \/>\n<meta name=\"robots\" content=\"index, follow, max-snippet:-1, max-image-preview:large, max-video-preview:-1\" \/>\n<link rel=\"canonical\" href=\"https:\/\/maize.seedsforfuture.eu\/es\/seeds-for-future\/\" \/>\n<meta property=\"og:locale\" content=\"es_ES\" \/>\n<meta property=\"og:type\" content=\"article\" \/>\n<meta property=\"og:title\" content=\"El ma\u00edz en Europa est\u00e1 adaptado a cada regi\u00f3n | Seeds for Future\" \/>\n<meta property=\"og:description\" content=\"El ma\u00edz est\u00e1 adaptado a todos los territorios, ofrece muchas oportunidades a los distintos factores econ\u00f3micos y es una alternativa para el cambio clim\u00e1tico\" \/>\n<meta property=\"og:url\" content=\"https:\/\/maize.seedsforfuture.eu\/es\/seeds-for-future\/\" \/>\n<meta property=\"og:site_name\" content=\"Le ma\u00efs, un atout pour notre avenir\" \/>\n<meta property=\"article:modified_time\" content=\"2023-01-03T13:25:39+00:00\" \/>\n<meta property=\"og:image\" content=\"https:\/\/maize.seedsforfuture.eu\/wp-content\/uploads\/2022\/08\/ban_site_mais-ES.webp\" \/>\n\t<meta property=\"og:image:width\" content=\"2560\" \/>\n\t<meta property=\"og:image:height\" content=\"1440\" \/>\n\t<meta property=\"og:image:type\" content=\"image\/webp\" \/>\n<meta name=\"twitter:card\" content=\"summary_large_image\" \/>\n<meta name=\"twitter:label1\" content=\"Tiempo de lectura\" \/>\n\t<meta name=\"twitter:data1\" content=\"1 minuto\" \/>\n<script type=\"application\/ld+json\" class=\"yoast-schema-graph\">{\"@context\":\"https:\/\/schema.org\",\"@graph\":[{\"@type\":\"WebPage\",\"@id\":\"https:\/\/maize.seedsforfuture.eu\/es\/seeds-for-future\/\",\"url\":\"https:\/\/maize.seedsforfuture.eu\/es\/seeds-for-future\/\",\"name\":\"El ma\u00edz en Europa est\u00e1 adaptado a cada regi\u00f3n | Seeds for Future\",\"isPartOf\":{\"@id\":\"https:\/\/maize.seedsforfuture.eu\/es\/#website\"},\"primaryImageOfPage\":{\"@id\":\"https:\/\/maize.seedsforfuture.eu\/es\/seeds-for-future\/#primaryimage\"},\"image\":{\"@id\":\"https:\/\/maize.seedsforfuture.eu\/es\/seeds-for-future\/#primaryimage\"},\"thumbnailUrl\":\"https:\/\/maize.seedsforfuture.eu\/wp-content\/uploads\/2022\/08\/ban_site_mais-ES.webp\",\"datePublished\":\"2021-12-20T11:40:36+00:00\",\"dateModified\":\"2023-01-03T13:25:39+00:00\",\"description\":\"El ma\u00edz est\u00e1 adaptado a todos los territorios, ofrece muchas oportunidades a los distintos factores econ\u00f3micos y es una alternativa para el cambio clim\u00e1tico\",\"breadcrumb\":{\"@id\":\"https:\/\/maize.seedsforfuture.eu\/es\/seeds-for-future\/#breadcrumb\"},\"inLanguage\":\"es\",\"potentialAction\":[{\"@type\":\"ReadAction\",\"target\":[\"https:\/\/maize.seedsforfuture.eu\/es\/seeds-for-future\/\"]}]},{\"@type\":\"ImageObject\",\"inLanguage\":\"es\",\"@id\":\"https:\/\/maize.seedsforfuture.eu\/es\/seeds-for-future\/#primaryimage\",\"url\":\"https:\/\/maize.seedsforfuture.eu\/wp-content\/uploads\/2022\/08\/ban_site_mais-ES.webp\",\"contentUrl\":\"https:\/\/maize.seedsforfuture.eu\/wp-content\/uploads\/2022\/08\/ban_site_mais-ES.webp\",\"width\":2560,\"height\":1440,\"caption\":\"control cultivo de ma\u00edz | Seeds for Future\"},{\"@type\":\"BreadcrumbList\",\"@id\":\"https:\/\/maize.seedsforfuture.eu\/es\/seeds-for-future\/#breadcrumb\",\"itemListElement\":[{\"@type\":\"ListItem\",\"position\":1,\"name\":\"Accueil\",\"item\":\"https:\/\/maize.seedsforfuture.eu\/es\/\"},{\"@type\":\"ListItem\",\"position\":2,\"name\":\"Seeds for future\"}]},{\"@type\":\"WebSite\",\"@id\":\"https:\/\/maize.seedsforfuture.eu\/es\/#website\",\"url\":\"https:\/\/maize.seedsforfuture.eu\/es\/\",\"name\":\"Le ma\u00efs, un atout pour notre avenir\",\"description\":\"\",\"publisher\":{\"@id\":\"https:\/\/maize.seedsforfuture.eu\/es\/#organization\"},\"alternateName\":\"Maize, seeds for futur\",\"potentialAction\":[{\"@type\":\"SearchAction\",\"target\":{\"@type\":\"EntryPoint\",\"urlTemplate\":\"https:\/\/maize.seedsforfuture.eu\/es\/?s={search_term_string}\"},\"query-input\":{\"@type\":\"PropertyValueSpecification\",\"valueRequired\":true,\"valueName\":\"search_term_string\"}}],\"inLanguage\":\"es\"},{\"@type\":\"Organization\",\"@id\":\"https:\/\/maize.seedsforfuture.eu\/es\/#organization\",\"name\":\"F\u00e9d\u00e9ration Nationale de la Production des Semences de Ma\u00efs et de Sorgho\",\"alternateName\":\"FNPSMS\",\"url\":\"https:\/\/maize.seedsforfuture.eu\/es\/\",\"logo\":{\"@type\":\"ImageObject\",\"inLanguage\":\"es\",\"@id\":\"https:\/\/maize.seedsforfuture.eu\/es\/#\/schema\/logo\/image\/\",\"url\":\"https:\/\/maize.seedsforfuture.eu\/wp-content\/uploads\/2026\/01\/696x696-logo-maize.png\",\"contentUrl\":\"https:\/\/maize.seedsforfuture.eu\/wp-content\/uploads\/2026\/01\/696x696-logo-maize.png\",\"width\":696,\"height\":696,\"caption\":\"F\u00e9d\u00e9ration Nationale de la Production des Semences de Ma\u00efs et de Sorgho\"},\"image\":{\"@id\":\"https:\/\/maize.seedsforfuture.eu\/es\/#\/schema\/logo\/image\/\"}}]}<\/script>\n<!-- \/ Yoast SEO plugin. -->","yoast_head_json":{"title":"El ma\u00edz en Europa est\u00e1 adaptado a cada regi\u00f3n | Seeds for Future","description":"El ma\u00edz est\u00e1 adaptado a todos los territorios, ofrece muchas oportunidades a los distintos factores econ\u00f3micos y es una alternativa para el cambio clim\u00e1tico","robots":{"index":"index","follow":"follow","max-snippet":"max-snippet:-1","max-image-preview":"max-image-preview:large","max-video-preview":"max-video-preview:-1"},"canonical":"https:\/\/maize.seedsforfuture.eu\/es\/seeds-for-future\/","og_locale":"es_ES","og_type":"article","og_title":"El ma\u00edz en Europa est\u00e1 adaptado a cada regi\u00f3n | Seeds for Future","og_description":"El ma\u00edz est\u00e1 adaptado a todos los territorios, ofrece muchas oportunidades a los distintos factores econ\u00f3micos y es una alternativa para el cambio clim\u00e1tico","og_url":"https:\/\/maize.seedsforfuture.eu\/es\/seeds-for-future\/","og_site_name":"Le ma\u00efs, un atout pour notre avenir","article_modified_time":"2023-01-03T13:25:39+00:00","og_image":[{"width":2560,"height":1440,"url":"https:\/\/maize.seedsforfuture.eu\/wp-content\/uploads\/2022\/08\/ban_site_mais-ES.webp","type":"image\/webp"}],"twitter_card":"summary_large_image","twitter_misc":{"Tiempo de lectura":"1 minuto"},"schema":{"@context":"https:\/\/schema.org","@graph":[{"@type":"WebPage","@id":"https:\/\/maize.seedsforfuture.eu\/es\/seeds-for-future\/","url":"https:\/\/maize.seedsforfuture.eu\/es\/seeds-for-future\/","name":"El ma\u00edz en Europa est\u00e1 adaptado a cada regi\u00f3n | Seeds for Future","isPartOf":{"@id":"https:\/\/maize.seedsforfuture.eu\/es\/#website"},"primaryImageOfPage":{"@id":"https:\/\/maize.seedsforfuture.eu\/es\/seeds-for-future\/#primaryimage"},"image":{"@id":"https:\/\/maize.seedsforfuture.eu\/es\/seeds-for-future\/#primaryimage"},"thumbnailUrl":"https:\/\/maize.seedsforfuture.eu\/wp-content\/uploads\/2022\/08\/ban_site_mais-ES.webp","datePublished":"2021-12-20T11:40:36+00:00","dateModified":"2023-01-03T13:25:39+00:00","description":"El ma\u00edz est\u00e1 adaptado a todos los territorios, ofrece muchas oportunidades a los distintos factores econ\u00f3micos y es una alternativa para el cambio clim\u00e1tico","breadcrumb":{"@id":"https:\/\/maize.seedsforfuture.eu\/es\/seeds-for-future\/#breadcrumb"},"inLanguage":"es","potentialAction":[{"@type":"ReadAction","target":["https:\/\/maize.seedsforfuture.eu\/es\/seeds-for-future\/"]}]},{"@type":"ImageObject","inLanguage":"es","@id":"https:\/\/maize.seedsforfuture.eu\/es\/seeds-for-future\/#primaryimage","url":"https:\/\/maize.seedsforfuture.eu\/wp-content\/uploads\/2022\/08\/ban_site_mais-ES.webp","contentUrl":"https:\/\/maize.seedsforfuture.eu\/wp-content\/uploads\/2022\/08\/ban_site_mais-ES.webp","width":2560,"height":1440,"caption":"control cultivo de ma\u00edz | Seeds for Future"},{"@type":"BreadcrumbList","@id":"https:\/\/maize.seedsforfuture.eu\/es\/seeds-for-future\/#breadcrumb","itemListElement":[{"@type":"ListItem","position":1,"name":"Accueil","item":"https:\/\/maize.seedsforfuture.eu\/es\/"},{"@type":"ListItem","position":2,"name":"Seeds for future"}]},{"@type":"WebSite","@id":"https:\/\/maize.seedsforfuture.eu\/es\/#website","url":"https:\/\/maize.seedsforfuture.eu\/es\/","name":"Le ma\u00efs, un atout pour notre avenir","description":"","publisher":{"@id":"https:\/\/maize.seedsforfuture.eu\/es\/#organization"},"alternateName":"Maize, seeds for futur","potentialAction":[{"@type":"SearchAction","target":{"@type":"EntryPoint","urlTemplate":"https:\/\/maize.seedsforfuture.eu\/es\/?s={search_term_string}"},"query-input":{"@type":"PropertyValueSpecification","valueRequired":true,"valueName":"search_term_string"}}],"inLanguage":"es"},{"@type":"Organization","@id":"https:\/\/maize.seedsforfuture.eu\/es\/#organization","name":"F\u00e9d\u00e9ration Nationale de la Production des Semences de Ma\u00efs et de Sorgho","alternateName":"FNPSMS","url":"https:\/\/maize.seedsforfuture.eu\/es\/","logo":{"@type":"ImageObject","inLanguage":"es","@id":"https:\/\/maize.seedsforfuture.eu\/es\/#\/schema\/logo\/image\/","url":"https:\/\/maize.seedsforfuture.eu\/wp-content\/uploads\/2026\/01\/696x696-logo-maize.png","contentUrl":"https:\/\/maize.seedsforfuture.eu\/wp-content\/uploads\/2026\/01\/696x696-logo-maize.png","width":696,"height":696,"caption":"F\u00e9d\u00e9ration Nationale de la Production des Semences de Ma\u00efs et de Sorgho"},"image":{"@id":"https:\/\/maize.seedsforfuture.eu\/es\/#\/schema\/logo\/image\/"}}]}},"_links":{"self":[{"href":"https:\/\/maize.seedsforfuture.eu\/es\/wp-json\/wp\/v2\/pages\/453","targetHints":{"allow":["GET"]}}],"collection":[{"href":"https:\/\/maize.seedsforfuture.eu\/es\/wp-json\/wp\/v2\/pages"}],"about":[{"href":"https:\/\/maize.seedsforfuture.eu\/es\/wp-json\/wp\/v2\/types\/page"}],"author":[{"embeddable":true,"href":"https:\/\/maize.seedsforfuture.eu\/es\/wp-json\/wp\/v2\/users\/1"}],"replies":[{"embeddable":true,"href":"https:\/\/maize.seedsforfuture.eu\/es\/wp-json\/wp\/v2\/comments?post=453"}],"version-history":[{"count":16,"href":"https:\/\/maize.seedsforfuture.eu\/es\/wp-json\/wp\/v2\/pages\/453\/revisions"}],"predecessor-version":[{"id":4815,"href":"https:\/\/maize.seedsforfuture.eu\/es\/wp-json\/wp\/v2\/pages\/453\/revisions\/4815"}],"wp:featuredmedia":[{"embeddable":true,"href":"https:\/\/maize.seedsforfuture.eu\/es\/wp-json\/wp\/v2\/media\/2874"}],"wp:attachment":[{"href":"https:\/\/maize.seedsforfuture.eu\/es\/wp-json\/wp\/v2\/media?parent=453"}],"curies":[{"name":"wp","href":"https:\/\/api.w.org\/{rel}","templated":true}]}}