{"id":4753,"date":"2022-09-22T11:24:23","date_gmt":"2022-09-22T09:24:23","guid":{"rendered":"https:\/\/maize.seedsforfuture.eu\/mentions-legales-cgu\/"},"modified":"2022-12-22T15:06:21","modified_gmt":"2022-12-22T14:06:21","slug":"mentions-legales-cgu","status":"publish","type":"page","link":"https:\/\/maize.seedsforfuture.eu\/es\/mentions-legales-cgu\/","title":{"rendered":"Mentions l\u00e9gales &#038; CGU"},"content":{"rendered":"<h1>AVISO LEGAL Y CONDICIONES GENERALES DE USO DEL SITIO WEB <a href=\"https:\/\/maize.seedsforfuture.eu\/\">www.maize.seedsforfuture.eu<\/a><\/h1>\n<p>&nbsp;<\/p>\n<p>&nbsp;<\/p>\n<h2>EDITOR<\/h2>\n<p><strong>NOMBRE<\/strong><\/p>\n<p>Identidad de la empresa: F.N.P.S.M.S. \u2013 F\u00e9d\u00e9ration nationale de la production de semences de ma\u00efs et de sorgho, 23-25 Avenue de Neuilly, 75116, Par\u00eds y 21 chemin de Pau, 64121 Montardon (sede).<br \/>\nN\u00famero SIRET: 782\u00a0356\u00a0992 00019.<br \/>\nCorreo electr\u00f3nico o n\u00famero de tel\u00e9fono de contacto de la empresa: martin.gomez@fnpsms.fr<\/p>\n<p><strong>Directora de publicaci\u00f3n:<\/strong> Val\u00e9rie Brochet.<\/p>\n<p>&nbsp;<\/p>\n<h2>ALOJAMIENTO WEB<\/h2>\n<p>Identidad del proveedor de alojamiento web del sitio: MD Service, 7 Rue Marx Dormoy 64000 Pau.<\/p>\n<p><strong>1\/ Objeto<\/strong><\/p>\n<p>Las presentes condiciones de uso rigen la navegaci\u00f3n en este Sitio Web. Le invitamos a leerlas atentamente.<br \/>\nEl Sitio Web, al que se accede a trav\u00e9s de la URL <a href=\"https:\/\/maize.seedsforfuture.eu\/\">www.maize.seedsforfuture.eu<\/a>, se explota de conformidad con la legislaci\u00f3n francesa. Al navegar por el Sitio Web, usted afirma conocer y aceptar dichas condiciones. La FNPSMS podr\u00e1 modificarlas en cualquier momento y sin previo aviso. Cada modificaci\u00f3n resulta aplicable de forma inmediata. Por este motivo, invitamos a los usuarios a consultar las CGU cada vez que naveguen por el Sitio Web.<br \/>\nLa FNPSMS no se responsabilizar\u00e1 de ning\u00fan modo por el uso indebido del servicio.<\/p>\n<p><strong>2\/ Contenido del Sitio Web<\/strong><\/p>\n<p>El prop\u00f3sito del Sitio Web es fomentar el uso de semillas de ma\u00edz y sorgo promovido por la FNPSMS entre todas las partes interesadas del sector.<br \/>\nLa informaci\u00f3n que consta en el Sitio Web es de car\u00e1cter informativo, general y, en ning\u00fan caso, exhaustiva.<br \/>\nLa FNPSMS se reserva el derecho a corregir, en cualquier momento y sin previo aviso, el contenido del Sitio Web y a suspender o interrumpir el acceso al mismo. A pesar de que el Sitio Web se ha creado y se actualiza frecuentemente con el m\u00e1ximo rigor y atenci\u00f3n, es posible que la informaci\u00f3n que contiene incluya errores. Por tanto, los usuarios del Sitio Web realizar\u00e1n todas las comprobaciones pertinentes y son los \u00fanicos responsables del uso que hacen de la informaci\u00f3n a la que acceden, sin que se pueda considerar responsable a la FNPSMS en modo alguno.<\/p>\n<p><strong>3\/ Propiedad intelectual<\/strong><\/p>\n<p>El Sitio Web y todo el software necesario que se utilice en relaci\u00f3n con el mismo pueden contener informaci\u00f3n confidencial protegida por derechos de propiedad intelectual en vigor, as\u00ed como por cualquier otra legislaci\u00f3n. Por este motivo, salvo que se indique lo contrario, los derechos de propiedad intelectual relativos a los documentos que contiene el Sitio Web y a cualquier otro material creado para este Sitio Web son propiedad exclusiva de la FNPSMS, que no concede ninguna licencia ni otorga ning\u00fan derecho distinto al de navegar por el Sitio Web. En concreto, las marcas y otros derechos de propiedad intelectual mencionados en este Sitio Web son propiedad de la FNPSMS. La reproducci\u00f3n de cualquier material incluido en este Sitio Web \u00fanicamente se autoriza con el objetivo de proporcionar informaci\u00f3n para un uso privado y dom\u00e9stico. Se proh\u00edbe expresamente cualquier uso o reproducci\u00f3n de copias creadas para otros fines. Tambi\u00e9n es ilegal copiar, modificar, crear obras derivadas, invertir el dise\u00f1o o la disposici\u00f3n e intentar, del modo que sea, descubrir el c\u00f3digo fuente (salvo en los casos dispuestos por la ley), vender, ceder, conceder sublicencias o transferir de la forma que sea cualquier tipo de derecho relativo a los programas de software. Asimismo, se proh\u00edbe modificar el software o utilizar versiones modificadas del mismo y, en concreto, aunque no de forma exclusiva, obtener acceso no autorizado al servicio y acceder al Sitio Web por otros medios distintos a la interfaz proporcionada por la FNPSMS para tal fin.<\/p>\n<p><strong>4\/ Enlaces a otros sitios web<\/strong><\/p>\n<p>El Sitio Web puede incluir enlaces a otros sitios web o recursos en Internet. Dado que la FNPSMS no pueda controlar estos sitios y recursos externos, la FNPSMS no se responsabilizar\u00e1 de la disponibilidad de los mismos ni tampoco del contenido, la publicidad, los productos, los servicios o cualquier otro material disponible en estos sitios web y recursos externos o a partir de los mismos. Adem\u00e1s, la FNPSMS no se responsabilizar\u00e1 de ning\u00fan perjuicio o p\u00e9rdida resultantes o aducidos como causados o vinculados al uso del contenido, los bienes o los servicios disponibles en estos sitios web o recursos externos, as\u00ed como al hecho de haber confiado en los mismos.<\/p>\n<p><strong>5\/ Responsabilidad<\/strong><\/p>\n<p>La conexi\u00f3n de cualquier usuario al Sitio Web se realiza bajo su total responsabilidad. La FNPSMS rechaza cualquier tipo de responsabilidad, en concreto:<\/p>\n<ul>\n<li>por cualquier interrupci\u00f3n del Sitio Web,<\/li>\n<li>por la aparici\u00f3n de fallos,<\/li>\n<li>por cualquier perjuicio resultante de una intrusi\u00f3n fraudulenta de un tercero que suponga una modificaci\u00f3n de la informaci\u00f3n disponible en el Sitio Web,<\/li>\n<li>y, de forma m\u00e1s general, por cualquier perjuicio directo o indirecto, con independencia de las causas, el origen, la naturaleza o las consecuencias, que cause el acceso de cualquier persona al Sitio Web o la imposibilidad de acceder al mismo, al igual que el uso del Sitio Web o el cr\u00e9dito que se concede a cualquier tipo de informaci\u00f3n procedente de forma directa o indirecta de este \u00faltimo.<\/li>\n<\/ul>\n<p><strong>6\/ Datos Personales<\/strong><\/p>\n<p>La FNPSMS se compromete a preservar la confidencialidad de cualquier informaci\u00f3n proporcionada en l\u00ednea por el usuario.<br \/>\nToda informaci\u00f3n que los usuarios puedan comunicar a la FNPSMS para el uso de determinados servicios est\u00e1 sujeta a las disposiciones de la ley francesa n.\u00b0 78-17 relativa a la inform\u00e1tica, los ficheros y las libertades civiles, de 6 de enero de 1978, y al Reglamento General de Protecci\u00f3n de Datos (RGPD). Para obtener m\u00e1s informaci\u00f3n, consulte nuestra Pol\u00edtica de datos personales : <a href=\"https:\/\/maize.seedsforfuture.eu\/es\/politique-de-protection-des-donnees-personnelles\/\">https:\/\/maize.seedsforfuture.eu\/es\/politique-de-protection-des-donnees-personnelles\/ <\/a><br \/>\nPor este motivo, los usuarios tienen derecho a consultar, oponerse, acceder, rectificar y eliminar su informaci\u00f3n personal. El usuario tambi\u00e9n tiene derecho a la portabilidad de sus datos personales a otro responsable del tratamiento. Puede ejercer este derecho en cualquier momento enviando un mensaje a la siguiente direcci\u00f3n de correo electr\u00f3nico: martin.gomez@fnpsms.fr<\/p>\n","protected":false},"excerpt":{"rendered":"<p>AVISO LEGAL Y CONDICIONES GENERALES DE USO DEL SITIO WEB www.maize.seedsforfuture.eu &nbsp; &nbsp; EDITOR NOMBRE Identidad de la empresa: F.N.P.S.M.S. \u2013 F\u00e9d\u00e9ration nationale de la production de semences de ma\u00efs et de sorgho, 23-25 Avenue de Neuilly, 75116, Par\u00eds y 21 chemin de Pau, 64121 Montardon (sede). N\u00famero SIRET: 782\u00a0356\u00a0992 00019. Correo electr\u00f3nico o n\u00famero [&hellip;]<\/p>\n","protected":false},"author":5,"featured_media":0,"parent":0,"menu_order":0,"comment_status":"closed","ping_status":"closed","template":"page-template-mentions.php","meta":{"_acf_changed":false,"footnotes":""},"class_list":["post-4753","page","type-page","status-publish","hentry"],"acf":[],"yoast_head":"<!-- This site is optimized with the Yoast SEO plugin v26.6 - https:\/\/yoast.com\/wordpress\/plugins\/seo\/ -->\n<title>Mentions l\u00e9gales &amp; CGU - Le ma\u00efs, un atout pour notre avenir<\/title>\n<meta name=\"robots\" content=\"index, follow, max-snippet:-1, max-image-preview:large, max-video-preview:-1\" \/>\n<link rel=\"canonical\" href=\"https:\/\/maize.seedsforfuture.eu\/es\/mentions-legales-cgu\/\" \/>\n<meta property=\"og:locale\" content=\"es_ES\" \/>\n<meta property=\"og:type\" content=\"article\" \/>\n<meta property=\"og:title\" content=\"Mentions l\u00e9gales &amp; CGU - Le ma\u00efs, un atout pour notre avenir\" \/>\n<meta property=\"og:description\" content=\"AVISO LEGAL Y CONDICIONES GENERALES DE USO DEL SITIO WEB www.maize.seedsforfuture.eu &nbsp; &nbsp; EDITOR NOMBRE Identidad de la empresa: F.N.P.S.M.S. \u2013 F\u00e9d\u00e9ration nationale de la production de semences de ma\u00efs et de sorgho, 23-25 Avenue de Neuilly, 75116, Par\u00eds y 21 chemin de Pau, 64121 Montardon (sede). N\u00famero SIRET: 782\u00a0356\u00a0992 00019. Correo electr\u00f3nico o n\u00famero [&hellip;]\" \/>\n<meta property=\"og:url\" content=\"https:\/\/maize.seedsforfuture.eu\/es\/mentions-legales-cgu\/\" \/>\n<meta property=\"og:site_name\" content=\"Le ma\u00efs, un atout pour notre avenir\" \/>\n<meta property=\"article:modified_time\" content=\"2022-12-22T14:06:21+00:00\" \/>\n<meta property=\"og:image\" content=\"https:\/\/maize.seedsforfuture.eu\/wp-content\/uploads\/2026\/01\/1200x675-logo-maize.png\" \/>\n\t<meta property=\"og:image:width\" content=\"1200\" \/>\n\t<meta property=\"og:image:height\" content=\"675\" \/>\n\t<meta property=\"og:image:type\" content=\"image\/png\" \/>\n<meta name=\"twitter:card\" content=\"summary_large_image\" \/>\n<script type=\"application\/ld+json\" class=\"yoast-schema-graph\">{\"@context\":\"https:\/\/schema.org\",\"@graph\":[{\"@type\":\"WebPage\",\"@id\":\"https:\/\/maize.seedsforfuture.eu\/es\/mentions-legales-cgu\/\",\"url\":\"https:\/\/maize.seedsforfuture.eu\/es\/mentions-legales-cgu\/\",\"name\":\"Mentions l\u00e9gales & CGU - Le ma\u00efs, un atout pour notre avenir\",\"isPartOf\":{\"@id\":\"https:\/\/maize.seedsforfuture.eu\/es\/#website\"},\"datePublished\":\"2022-09-22T09:24:23+00:00\",\"dateModified\":\"2022-12-22T14:06:21+00:00\",\"breadcrumb\":{\"@id\":\"https:\/\/maize.seedsforfuture.eu\/es\/mentions-legales-cgu\/#breadcrumb\"},\"inLanguage\":\"es\",\"potentialAction\":[{\"@type\":\"ReadAction\",\"target\":[\"https:\/\/maize.seedsforfuture.eu\/es\/mentions-legales-cgu\/\"]}]},{\"@type\":\"BreadcrumbList\",\"@id\":\"https:\/\/maize.seedsforfuture.eu\/es\/mentions-legales-cgu\/#breadcrumb\",\"itemListElement\":[{\"@type\":\"ListItem\",\"position\":1,\"name\":\"Accueil\",\"item\":\"https:\/\/maize.seedsforfuture.eu\/es\/\"},{\"@type\":\"ListItem\",\"position\":2,\"name\":\"Mentions l\u00e9gales &#038; CGU\"}]},{\"@type\":\"WebSite\",\"@id\":\"https:\/\/maize.seedsforfuture.eu\/es\/#website\",\"url\":\"https:\/\/maize.seedsforfuture.eu\/es\/\",\"name\":\"Le ma\u00efs, un atout pour notre avenir\",\"description\":\"\",\"publisher\":{\"@id\":\"https:\/\/maize.seedsforfuture.eu\/es\/#organization\"},\"alternateName\":\"Maize, seeds for futur\",\"potentialAction\":[{\"@type\":\"SearchAction\",\"target\":{\"@type\":\"EntryPoint\",\"urlTemplate\":\"https:\/\/maize.seedsforfuture.eu\/es\/?s={search_term_string}\"},\"query-input\":{\"@type\":\"PropertyValueSpecification\",\"valueRequired\":true,\"valueName\":\"search_term_string\"}}],\"inLanguage\":\"es\"},{\"@type\":\"Organization\",\"@id\":\"https:\/\/maize.seedsforfuture.eu\/es\/#organization\",\"name\":\"F\u00e9d\u00e9ration Nationale de la Production des Semences de Ma\u00efs et de Sorgho\",\"alternateName\":\"FNPSMS\",\"url\":\"https:\/\/maize.seedsforfuture.eu\/es\/\",\"logo\":{\"@type\":\"ImageObject\",\"inLanguage\":\"es\",\"@id\":\"https:\/\/maize.seedsforfuture.eu\/es\/#\/schema\/logo\/image\/\",\"url\":\"https:\/\/maize.seedsforfuture.eu\/wp-content\/uploads\/2026\/01\/696x696-logo-maize.png\",\"contentUrl\":\"https:\/\/maize.seedsforfuture.eu\/wp-content\/uploads\/2026\/01\/696x696-logo-maize.png\",\"width\":696,\"height\":696,\"caption\":\"F\u00e9d\u00e9ration Nationale de la Production des Semences de Ma\u00efs et de Sorgho\"},\"image\":{\"@id\":\"https:\/\/maize.seedsforfuture.eu\/es\/#\/schema\/logo\/image\/\"}}]}<\/script>\n<!-- \/ Yoast SEO plugin. -->","yoast_head_json":{"title":"Mentions l\u00e9gales & CGU - Le ma\u00efs, un atout pour notre avenir","robots":{"index":"index","follow":"follow","max-snippet":"max-snippet:-1","max-image-preview":"max-image-preview:large","max-video-preview":"max-video-preview:-1"},"canonical":"https:\/\/maize.seedsforfuture.eu\/es\/mentions-legales-cgu\/","og_locale":"es_ES","og_type":"article","og_title":"Mentions l\u00e9gales & CGU - Le ma\u00efs, un atout pour notre avenir","og_description":"AVISO LEGAL Y CONDICIONES GENERALES DE USO DEL SITIO WEB www.maize.seedsforfuture.eu &nbsp; &nbsp; EDITOR NOMBRE Identidad de la empresa: F.N.P.S.M.S. \u2013 F\u00e9d\u00e9ration nationale de la production de semences de ma\u00efs et de sorgho, 23-25 Avenue de Neuilly, 75116, Par\u00eds y 21 chemin de Pau, 64121 Montardon (sede). N\u00famero SIRET: 782\u00a0356\u00a0992 00019. Correo electr\u00f3nico o n\u00famero [&hellip;]","og_url":"https:\/\/maize.seedsforfuture.eu\/es\/mentions-legales-cgu\/","og_site_name":"Le ma\u00efs, un atout pour notre avenir","article_modified_time":"2022-12-22T14:06:21+00:00","og_image":[{"width":1200,"height":675,"url":"https:\/\/maize.seedsforfuture.eu\/wp-content\/uploads\/2026\/01\/1200x675-logo-maize.png","type":"image\/png"}],"twitter_card":"summary_large_image","schema":{"@context":"https:\/\/schema.org","@graph":[{"@type":"WebPage","@id":"https:\/\/maize.seedsforfuture.eu\/es\/mentions-legales-cgu\/","url":"https:\/\/maize.seedsforfuture.eu\/es\/mentions-legales-cgu\/","name":"Mentions l\u00e9gales & CGU - Le ma\u00efs, un atout pour notre avenir","isPartOf":{"@id":"https:\/\/maize.seedsforfuture.eu\/es\/#website"},"datePublished":"2022-09-22T09:24:23+00:00","dateModified":"2022-12-22T14:06:21+00:00","breadcrumb":{"@id":"https:\/\/maize.seedsforfuture.eu\/es\/mentions-legales-cgu\/#breadcrumb"},"inLanguage":"es","potentialAction":[{"@type":"ReadAction","target":["https:\/\/maize.seedsforfuture.eu\/es\/mentions-legales-cgu\/"]}]},{"@type":"BreadcrumbList","@id":"https:\/\/maize.seedsforfuture.eu\/es\/mentions-legales-cgu\/#breadcrumb","itemListElement":[{"@type":"ListItem","position":1,"name":"Accueil","item":"https:\/\/maize.seedsforfuture.eu\/es\/"},{"@type":"ListItem","position":2,"name":"Mentions l\u00e9gales &#038; CGU"}]},{"@type":"WebSite","@id":"https:\/\/maize.seedsforfuture.eu\/es\/#website","url":"https:\/\/maize.seedsforfuture.eu\/es\/","name":"Le ma\u00efs, un atout pour notre avenir","description":"","publisher":{"@id":"https:\/\/maize.seedsforfuture.eu\/es\/#organization"},"alternateName":"Maize, seeds for futur","potentialAction":[{"@type":"SearchAction","target":{"@type":"EntryPoint","urlTemplate":"https:\/\/maize.seedsforfuture.eu\/es\/?s={search_term_string}"},"query-input":{"@type":"PropertyValueSpecification","valueRequired":true,"valueName":"search_term_string"}}],"inLanguage":"es"},{"@type":"Organization","@id":"https:\/\/maize.seedsforfuture.eu\/es\/#organization","name":"F\u00e9d\u00e9ration Nationale de la Production des Semences de Ma\u00efs et de Sorgho","alternateName":"FNPSMS","url":"https:\/\/maize.seedsforfuture.eu\/es\/","logo":{"@type":"ImageObject","inLanguage":"es","@id":"https:\/\/maize.seedsforfuture.eu\/es\/#\/schema\/logo\/image\/","url":"https:\/\/maize.seedsforfuture.eu\/wp-content\/uploads\/2026\/01\/696x696-logo-maize.png","contentUrl":"https:\/\/maize.seedsforfuture.eu\/wp-content\/uploads\/2026\/01\/696x696-logo-maize.png","width":696,"height":696,"caption":"F\u00e9d\u00e9ration Nationale de la Production des Semences de Ma\u00efs et de Sorgho"},"image":{"@id":"https:\/\/maize.seedsforfuture.eu\/es\/#\/schema\/logo\/image\/"}}]}},"_links":{"self":[{"href":"https:\/\/maize.seedsforfuture.eu\/es\/wp-json\/wp\/v2\/pages\/4753","targetHints":{"allow":["GET"]}}],"collection":[{"href":"https:\/\/maize.seedsforfuture.eu\/es\/wp-json\/wp\/v2\/pages"}],"about":[{"href":"https:\/\/maize.seedsforfuture.eu\/es\/wp-json\/wp\/v2\/types\/page"}],"author":[{"embeddable":true,"href":"https:\/\/maize.seedsforfuture.eu\/es\/wp-json\/wp\/v2\/users\/5"}],"replies":[{"embeddable":true,"href":"https:\/\/maize.seedsforfuture.eu\/es\/wp-json\/wp\/v2\/comments?post=4753"}],"version-history":[{"count":3,"href":"https:\/\/maize.seedsforfuture.eu\/es\/wp-json\/wp\/v2\/pages\/4753\/revisions"}],"predecessor-version":[{"id":4806,"href":"https:\/\/maize.seedsforfuture.eu\/es\/wp-json\/wp\/v2\/pages\/4753\/revisions\/4806"}],"wp:attachment":[{"href":"https:\/\/maize.seedsforfuture.eu\/es\/wp-json\/wp\/v2\/media?parent=4753"}],"curies":[{"name":"wp","href":"https:\/\/api.w.org\/{rel}","templated":true}]}}