{"id":4761,"date":"2021-12-20T12:36:42","date_gmt":"2021-12-20T11:36:42","guid":{"rendered":"https:\/\/maize.seedsforfuture.eu\/politique-de-protection-des-donnees-personnelles\/"},"modified":"2022-12-22T14:57:59","modified_gmt":"2022-12-22T13:57:59","slug":"politique-de-protection-des-donnees-personnelles","status":"publish","type":"page","link":"https:\/\/maize.seedsforfuture.eu\/es\/politique-de-protection-des-donnees-personnelles\/","title":{"rendered":"Politique de protection des donn\u00e9es personnelles"},"content":{"rendered":"<h1>POL\u00cdTICA DE PROTECCI\u00d3N DE DATOS PERSONALES<\/h1>\n<p>&nbsp;<\/p>\n<p>&nbsp;<\/p>\n<p>El objetivo de esta pol\u00edtica es comunicar las normas relativas a la protecci\u00f3n de datos personales que, en calidad de responsable del tratamiento, la F\u00e9d\u00e9ration Nationale de la Production de Semences de Ma\u00efs et de Sorgho (Federaci\u00f3n nacional de producci\u00f3n de semillas de ma\u00edz y sorgo) (en lo sucesivo, la \u00abFNPSMS\u00bb) se compromete a respetar en el contexto del tratamiento de datos de car\u00e1cter personal que se realiza desde el sitio web <a href=\"https:\/\/maize.seedsforfuture.eu\/\">https:\/\/maize.seedsforfuture.eu\/<\/a> (en lo sucesivo, el \u00abSitio Web\u00bb).<\/p>\n<p>En concreto, dichas normas se aplican en virtud del Reglamento (UE) 2016\/679 del Parlamento Europeo y del Consejo, de 27 de abril de 2016 (Reglamento General de Protecci\u00f3n de Datos, en lo sucesivo, el \u00abRGPD\u00bb), relativo a la protecci\u00f3n de las personas f\u00edsicas en lo que respecta al tratamiento de datos personales y a la libre circulaci\u00f3n de estos datos y por el que se deroga la Directiva 95\/46\/CE.<\/p>\n<p>Para resolver cualquier duda o ejercer sus derechos \u00abrelativos a la inform\u00e1tica y las libertades\u00bb con respecto al tratamiento de sus datos personales por parte de la FNPSMS, puede escribirnos:<\/p>\n<ul>\n<li>por correo electr\u00f3nico a: martin.gomez@fnpsms.fr<\/li>\n<li>por correo postal firmado a la siguiente direcci\u00f3n: 23-25 avenue de Neuilly, 75116 Par\u00eds.<\/li>\n<\/ul>\n<p>&nbsp;<\/p>\n<h2>1\/ Definiciones<\/h2>\n<p>La FNPSMS puede aparecer designada como \u00abFNPSMS\u00bb o \u00abnosotros\u00bb y act\u00faa en calidad de \u00abResponsable del Tratamiento\u00bb, tal y como se indica a continuaci\u00f3n.<\/p>\n<p>El t\u00e9rmino \u00abUsuario\u00bb se refiere a los usuarios e internautas que se conectan, navegan, leen, visualizan y usan el Sitio Web.<\/p>\n<p>Los \u00abDatos Personales\u00bb conciernen a la informaci\u00f3n de car\u00e1cter personal sujeta a un tratamiento por parte del Responsable del Tratamiento.<\/p>\n<p>&nbsp;<\/p>\n<h2>2\/ Responsable del Tratamiento<\/h2>\n<p>La FNPSMS, que act\u00faa en calidad de Responsable del Tratamiento, determina por s\u00ed misma las finalidades y los medios de tratamiento de los Datos Personales que se emplean en el Sitio Web.<\/p>\n<p>&nbsp;<\/p>\n<h2>3\/ Datos Personales compilados<\/h2>\n<p>Cada vez que se compilan datos de car\u00e1cter personal, se indica al usuario que su informaci\u00f3n se compila y por qu\u00e9 motivos se hace.<br \/>\nLa compilaci\u00f3n y el tratamiento de datos se realizan para responder a uno o varios objetivos determinados con antelaci\u00f3n y \u00fanicamente se compilan los datos necesarios para la correcta consecuci\u00f3n de los objetivos perseguidos por el Sitio Web (minimizaci\u00f3n de los datos).<\/p>\n<p>Este Sitio Web no compila informaci\u00f3n personal.<\/p>\n<p>&nbsp;<\/p>\n<h2>4\/ Cookies<\/h2>\n<p>Este Sitio Web no utiliza cookies.<\/p>\n<p>&nbsp;<\/p>\n<h2>5\/ Finalidades de la compilaci\u00f3n<\/h2>\n<p>No compilamos datos personales.<\/p>\n<p>&nbsp;<\/p>\n<h2>6\/ Utilizaci\u00f3n de sus datos y periodo de conservaci\u00f3n<\/h2>\n<p>No compilamos datos personales.<\/p>\n<p>&nbsp;<\/p>\n<h2>7\/ Intercambio de informaci\u00f3n<\/h2>\n<p><strong><span style=\"text-decoration: underline;\">Acceso a los datos personales<\/span> <\/strong><\/p>\n<p>Dentro de los l\u00edmites de sus respectivas funciones, pueden acceder a los Datos Personales compilados:<\/p>\n<ul>\n<li>las personas responsables del tratamiento de los servicios inform\u00e1ticos,<\/li>\n<li>los encargados del tratamiento, en el contexto de un contrato con obligaciones de confidencialidad y seguridad.<\/li>\n<\/ul>\n<p>En cualquier caso, nosotros no tratamos informaci\u00f3n personal en este Sitio Web.<\/p>\n<p><strong><span style=\"text-decoration: underline;\">Intercambio de datos personales y transmisiones internacionales<\/span><\/strong><\/p>\n<p>El alojamiento del Sitio Web se realiza en servidores dentro de la Uni\u00f3n Europea.<\/p>\n<p><span style=\"text-decoration: underline;\"><strong>Comunicaci\u00f3n por motivos jur\u00eddicos y legales<\/strong><\/span><\/p>\n<p>Si se compilan Datos Personales, podr\u00edan comunicarse a un tercero si la FNPSMS se ve obligada a ello por la legislaci\u00f3n, una disposici\u00f3n reglamentaria, una orden judicial o, incluso, si dicha comunicaci\u00f3n es necesaria a efectos de una investigaci\u00f3n, una resoluci\u00f3n o un procedimiento judicial, en el \u00e1mbito nacional o en el extranjero.<br \/>\nLos Datos Personales podr\u00edan comunicarse a empresas, consejos o terceros con el fin de que la FNPSMS se proteja frente a cualquier efecto negativo sobre los derechos, los bienes o la seguridad del Usuario.<\/p>\n<p>&nbsp;<\/p>\n<h2>8\/ Seguridad de los Datos Personales<\/h2>\n<p>Se toman medidas de seguridad para proteger el Sitio Web frente a cualquier acceso, comunicaci\u00f3n, modificaci\u00f3n, destrucci\u00f3n o da\u00f1o no autorizados. En el hipot\u00e9tico caso de que se detecte una brecha de seguridad, se adoptar\u00e1n las acciones oportunas.<\/p>\n<p>&nbsp;<\/p>\n<h2>9\/ Derechos del Usuario<\/h2>\n<p>Las personas cuyos Datos Personales se han compilado tienen a su disposici\u00f3n los siguientes derechos:<\/p>\n<ul>\n<li>derecho de acceso,<\/li>\n<li>derecho de rectificaci\u00f3n (actualizaci\u00f3n o correcci\u00f3n de sus datos),<\/li>\n<li>derecho de eliminaci\u00f3n de los Datos Personales,<\/li>\n<li>derecho de oposici\u00f3n a la compilaci\u00f3n y al tratamiento de parte o de la totalidad de los mismos.<\/li>\n<\/ul>\n<p>Estos derechos le ofrecen la posibilidad de modificar sus preferencias de notificaci\u00f3n en cualquier momento al aceptar o rechazar que sus Datos Personales se utilicen en el contexto de acciones con fines comerciales.<br \/>\nPara m\u00e1s informaci\u00f3n sobre la extensi\u00f3n de sus derechos, le recomendamos consultar la p\u00e1gina web de la CNIL (Comisi\u00f3n Nacional de Inform\u00e1tica y de las Libertades).<br \/>\nPara ejercer sus derechos, puede ponerse en contacto con nosotros en el siguiente correo electr\u00f3nico: martin.gomez@fnpsms.fr.<\/p>\n<p>&nbsp;<\/p>\n<h2>NUEVOS CAMBIOS Y ACTUALIZACIONES<\/h2>\n<p>Queremos recordarle que esta Pol\u00edtica de tratamiento de datos personales es susceptible de sufrir modificaciones. Por tanto, le invitamos a consultar frecuentemente la \u00faltima versi\u00f3n en l\u00ednea y le informaremos sobre nuevos cambios a trav\u00e9s de la p\u00e1gina web o por otras v\u00edas de comunicaci\u00f3n.<\/p>\n","protected":false},"excerpt":{"rendered":"<p>POL\u00cdTICA DE PROTECCI\u00d3N DE DATOS PERSONALES &nbsp; &nbsp; El objetivo de esta pol\u00edtica es comunicar las normas relativas a la protecci\u00f3n de datos personales que, en calidad de responsable del tratamiento, la F\u00e9d\u00e9ration Nationale de la Production de Semences de Ma\u00efs et de Sorgho (Federaci\u00f3n nacional de producci\u00f3n de semillas de ma\u00edz y sorgo) (en [&hellip;]<\/p>\n","protected":false},"author":1,"featured_media":0,"parent":0,"menu_order":19,"comment_status":"closed","ping_status":"open","template":"page-template-mentions.php","meta":{"_acf_changed":false,"footnotes":""},"class_list":["post-4761","page","type-page","status-publish","hentry"],"acf":[],"yoast_head":"<!-- This site is optimized with the Yoast SEO plugin v26.6 - https:\/\/yoast.com\/wordpress\/plugins\/seo\/ -->\n<title>Politique de protection des donn\u00e9es personnelles - Le ma\u00efs, un atout pour notre avenir<\/title>\n<meta name=\"robots\" content=\"index, follow, max-snippet:-1, max-image-preview:large, max-video-preview:-1\" \/>\n<link rel=\"canonical\" href=\"https:\/\/maize.seedsforfuture.eu\/es\/politique-de-protection-des-donnees-personnelles\/\" \/>\n<meta property=\"og:locale\" content=\"es_ES\" \/>\n<meta property=\"og:type\" content=\"article\" \/>\n<meta property=\"og:title\" content=\"Politique de protection des donn\u00e9es personnelles - Le ma\u00efs, un atout pour notre avenir\" \/>\n<meta property=\"og:description\" content=\"POL\u00cdTICA DE PROTECCI\u00d3N DE DATOS PERSONALES &nbsp; &nbsp; El objetivo de esta pol\u00edtica es comunicar las normas relativas a la protecci\u00f3n de datos personales que, en calidad de responsable del tratamiento, la F\u00e9d\u00e9ration Nationale de la Production de Semences de Ma\u00efs et de Sorgho (Federaci\u00f3n nacional de producci\u00f3n de semillas de ma\u00edz y sorgo) (en [&hellip;]\" \/>\n<meta property=\"og:url\" content=\"https:\/\/maize.seedsforfuture.eu\/es\/politique-de-protection-des-donnees-personnelles\/\" \/>\n<meta property=\"og:site_name\" content=\"Le ma\u00efs, un atout pour notre avenir\" \/>\n<meta property=\"article:modified_time\" content=\"2022-12-22T13:57:59+00:00\" \/>\n<meta property=\"og:image\" content=\"https:\/\/maize.seedsforfuture.eu\/wp-content\/uploads\/2026\/01\/1200x675-logo-maize.png\" \/>\n\t<meta property=\"og:image:width\" content=\"1200\" \/>\n\t<meta property=\"og:image:height\" content=\"675\" \/>\n\t<meta property=\"og:image:type\" content=\"image\/png\" \/>\n<meta name=\"twitter:card\" content=\"summary_large_image\" \/>\n<meta name=\"twitter:label1\" content=\"Tiempo de lectura\" \/>\n\t<meta name=\"twitter:data1\" content=\"5 minutos\" \/>\n<script type=\"application\/ld+json\" class=\"yoast-schema-graph\">{\"@context\":\"https:\/\/schema.org\",\"@graph\":[{\"@type\":\"WebPage\",\"@id\":\"https:\/\/maize.seedsforfuture.eu\/es\/politique-de-protection-des-donnees-personnelles\/\",\"url\":\"https:\/\/maize.seedsforfuture.eu\/es\/politique-de-protection-des-donnees-personnelles\/\",\"name\":\"Politique de protection des donn\u00e9es personnelles - Le ma\u00efs, un atout pour notre avenir\",\"isPartOf\":{\"@id\":\"https:\/\/maize.seedsforfuture.eu\/es\/#website\"},\"datePublished\":\"2021-12-20T11:36:42+00:00\",\"dateModified\":\"2022-12-22T13:57:59+00:00\",\"breadcrumb\":{\"@id\":\"https:\/\/maize.seedsforfuture.eu\/es\/politique-de-protection-des-donnees-personnelles\/#breadcrumb\"},\"inLanguage\":\"es\",\"potentialAction\":[{\"@type\":\"ReadAction\",\"target\":[\"https:\/\/maize.seedsforfuture.eu\/es\/politique-de-protection-des-donnees-personnelles\/\"]}]},{\"@type\":\"BreadcrumbList\",\"@id\":\"https:\/\/maize.seedsforfuture.eu\/es\/politique-de-protection-des-donnees-personnelles\/#breadcrumb\",\"itemListElement\":[{\"@type\":\"ListItem\",\"position\":1,\"name\":\"Accueil\",\"item\":\"https:\/\/maize.seedsforfuture.eu\/es\/\"},{\"@type\":\"ListItem\",\"position\":2,\"name\":\"Politique de protection des donn\u00e9es personnelles\"}]},{\"@type\":\"WebSite\",\"@id\":\"https:\/\/maize.seedsforfuture.eu\/es\/#website\",\"url\":\"https:\/\/maize.seedsforfuture.eu\/es\/\",\"name\":\"Le ma\u00efs, un atout pour notre avenir\",\"description\":\"\",\"publisher\":{\"@id\":\"https:\/\/maize.seedsforfuture.eu\/es\/#organization\"},\"alternateName\":\"Maize, seeds for futur\",\"potentialAction\":[{\"@type\":\"SearchAction\",\"target\":{\"@type\":\"EntryPoint\",\"urlTemplate\":\"https:\/\/maize.seedsforfuture.eu\/es\/?s={search_term_string}\"},\"query-input\":{\"@type\":\"PropertyValueSpecification\",\"valueRequired\":true,\"valueName\":\"search_term_string\"}}],\"inLanguage\":\"es\"},{\"@type\":\"Organization\",\"@id\":\"https:\/\/maize.seedsforfuture.eu\/es\/#organization\",\"name\":\"F\u00e9d\u00e9ration Nationale de la Production des Semences de Ma\u00efs et de Sorgho\",\"alternateName\":\"FNPSMS\",\"url\":\"https:\/\/maize.seedsforfuture.eu\/es\/\",\"logo\":{\"@type\":\"ImageObject\",\"inLanguage\":\"es\",\"@id\":\"https:\/\/maize.seedsforfuture.eu\/es\/#\/schema\/logo\/image\/\",\"url\":\"https:\/\/maize.seedsforfuture.eu\/wp-content\/uploads\/2026\/01\/696x696-logo-maize.png\",\"contentUrl\":\"https:\/\/maize.seedsforfuture.eu\/wp-content\/uploads\/2026\/01\/696x696-logo-maize.png\",\"width\":696,\"height\":696,\"caption\":\"F\u00e9d\u00e9ration Nationale de la Production des Semences de Ma\u00efs et de Sorgho\"},\"image\":{\"@id\":\"https:\/\/maize.seedsforfuture.eu\/es\/#\/schema\/logo\/image\/\"}}]}<\/script>\n<!-- \/ Yoast SEO plugin. -->","yoast_head_json":{"title":"Politique de protection des donn\u00e9es personnelles - Le ma\u00efs, un atout pour notre avenir","robots":{"index":"index","follow":"follow","max-snippet":"max-snippet:-1","max-image-preview":"max-image-preview:large","max-video-preview":"max-video-preview:-1"},"canonical":"https:\/\/maize.seedsforfuture.eu\/es\/politique-de-protection-des-donnees-personnelles\/","og_locale":"es_ES","og_type":"article","og_title":"Politique de protection des donn\u00e9es personnelles - Le ma\u00efs, un atout pour notre avenir","og_description":"POL\u00cdTICA DE PROTECCI\u00d3N DE DATOS PERSONALES &nbsp; &nbsp; El objetivo de esta pol\u00edtica es comunicar las normas relativas a la protecci\u00f3n de datos personales que, en calidad de responsable del tratamiento, la F\u00e9d\u00e9ration Nationale de la Production de Semences de Ma\u00efs et de Sorgho (Federaci\u00f3n nacional de producci\u00f3n de semillas de ma\u00edz y sorgo) (en [&hellip;]","og_url":"https:\/\/maize.seedsforfuture.eu\/es\/politique-de-protection-des-donnees-personnelles\/","og_site_name":"Le ma\u00efs, un atout pour notre avenir","article_modified_time":"2022-12-22T13:57:59+00:00","og_image":[{"width":1200,"height":675,"url":"https:\/\/maize.seedsforfuture.eu\/wp-content\/uploads\/2026\/01\/1200x675-logo-maize.png","type":"image\/png"}],"twitter_card":"summary_large_image","twitter_misc":{"Tiempo de lectura":"5 minutos"},"schema":{"@context":"https:\/\/schema.org","@graph":[{"@type":"WebPage","@id":"https:\/\/maize.seedsforfuture.eu\/es\/politique-de-protection-des-donnees-personnelles\/","url":"https:\/\/maize.seedsforfuture.eu\/es\/politique-de-protection-des-donnees-personnelles\/","name":"Politique de protection des donn\u00e9es personnelles - Le ma\u00efs, un atout pour notre avenir","isPartOf":{"@id":"https:\/\/maize.seedsforfuture.eu\/es\/#website"},"datePublished":"2021-12-20T11:36:42+00:00","dateModified":"2022-12-22T13:57:59+00:00","breadcrumb":{"@id":"https:\/\/maize.seedsforfuture.eu\/es\/politique-de-protection-des-donnees-personnelles\/#breadcrumb"},"inLanguage":"es","potentialAction":[{"@type":"ReadAction","target":["https:\/\/maize.seedsforfuture.eu\/es\/politique-de-protection-des-donnees-personnelles\/"]}]},{"@type":"BreadcrumbList","@id":"https:\/\/maize.seedsforfuture.eu\/es\/politique-de-protection-des-donnees-personnelles\/#breadcrumb","itemListElement":[{"@type":"ListItem","position":1,"name":"Accueil","item":"https:\/\/maize.seedsforfuture.eu\/es\/"},{"@type":"ListItem","position":2,"name":"Politique de protection des donn\u00e9es personnelles"}]},{"@type":"WebSite","@id":"https:\/\/maize.seedsforfuture.eu\/es\/#website","url":"https:\/\/maize.seedsforfuture.eu\/es\/","name":"Le ma\u00efs, un atout pour notre avenir","description":"","publisher":{"@id":"https:\/\/maize.seedsforfuture.eu\/es\/#organization"},"alternateName":"Maize, seeds for futur","potentialAction":[{"@type":"SearchAction","target":{"@type":"EntryPoint","urlTemplate":"https:\/\/maize.seedsforfuture.eu\/es\/?s={search_term_string}"},"query-input":{"@type":"PropertyValueSpecification","valueRequired":true,"valueName":"search_term_string"}}],"inLanguage":"es"},{"@type":"Organization","@id":"https:\/\/maize.seedsforfuture.eu\/es\/#organization","name":"F\u00e9d\u00e9ration Nationale de la Production des Semences de Ma\u00efs et de Sorgho","alternateName":"FNPSMS","url":"https:\/\/maize.seedsforfuture.eu\/es\/","logo":{"@type":"ImageObject","inLanguage":"es","@id":"https:\/\/maize.seedsforfuture.eu\/es\/#\/schema\/logo\/image\/","url":"https:\/\/maize.seedsforfuture.eu\/wp-content\/uploads\/2026\/01\/696x696-logo-maize.png","contentUrl":"https:\/\/maize.seedsforfuture.eu\/wp-content\/uploads\/2026\/01\/696x696-logo-maize.png","width":696,"height":696,"caption":"F\u00e9d\u00e9ration Nationale de la Production des Semences de Ma\u00efs et de Sorgho"},"image":{"@id":"https:\/\/maize.seedsforfuture.eu\/es\/#\/schema\/logo\/image\/"}}]}},"_links":{"self":[{"href":"https:\/\/maize.seedsforfuture.eu\/es\/wp-json\/wp\/v2\/pages\/4761","targetHints":{"allow":["GET"]}}],"collection":[{"href":"https:\/\/maize.seedsforfuture.eu\/es\/wp-json\/wp\/v2\/pages"}],"about":[{"href":"https:\/\/maize.seedsforfuture.eu\/es\/wp-json\/wp\/v2\/types\/page"}],"author":[{"embeddable":true,"href":"https:\/\/maize.seedsforfuture.eu\/es\/wp-json\/wp\/v2\/users\/1"}],"replies":[{"embeddable":true,"href":"https:\/\/maize.seedsforfuture.eu\/es\/wp-json\/wp\/v2\/comments?post=4761"}],"version-history":[{"count":2,"href":"https:\/\/maize.seedsforfuture.eu\/es\/wp-json\/wp\/v2\/pages\/4761\/revisions"}],"predecessor-version":[{"id":4805,"href":"https:\/\/maize.seedsforfuture.eu\/es\/wp-json\/wp\/v2\/pages\/4761\/revisions\/4805"}],"wp:attachment":[{"href":"https:\/\/maize.seedsforfuture.eu\/es\/wp-json\/wp\/v2\/media?parent=4761"}],"curies":[{"name":"wp","href":"https:\/\/api.w.org\/{rel}","templated":true}]}}