{"id":4759,"date":"2021-12-20T12:36:42","date_gmt":"2021-12-20T11:36:42","guid":{"rendered":"https:\/\/maize.seedsforfuture.eu\/politique-de-protection-des-donnees-personnelles\/"},"modified":"2022-12-22T14:00:19","modified_gmt":"2022-12-22T13:00:19","slug":"politique-de-protection-des-donnees-personnelles","status":"publish","type":"page","link":"https:\/\/maize.seedsforfuture.eu\/it\/politique-de-protection-des-donnees-personnelles\/","title":{"rendered":"Politique de protection des donn\u00e9es personnelles"},"content":{"rendered":"<h1>POLITICA DI PROTEZIONE DEI DATI PERSONALI<\/h1>\n<p>&nbsp;<\/p>\n<p>&nbsp;<\/p>\n<p>La presente informativa ha lo scopo di presentare le norme riguardanti la protezione dei dati personali che, in qualit\u00e0 di titolare del trattamento dei dati personali, la F\u00e9d\u00e9ration Nationale de la Production de Semences de Ma\u00efs et de Sorgho (di seguito \u00ab FNPSMS \u00bb) si impegna a rispettare, nell\u2019ambito dei trattamenti dei dati personali, effettuati a partire dal sito internet <a href=\"https:\/\/maize.seedsforfuture.eu\/\">https:\/\/maize.seedsforfuture.eu\/<\/a> (di seguito il \u00ab Sito \u00bb).<\/p>\n<p>Tali norme trovano applicazione in base al Regolamento (UE) 2016\/679 del Parlamento europeo e del Consiglio del 27 aprile 2016 (Regolamento Generale sulla Protezione dei Dati, di seguito \u00ab GDPR \u00bb) in materia di protezione dei dati delle persone fisiche, per quanto riguarda il trattamento dei dati personali e la libera circolazione degli stessi, regolamento che abroga la direttiva 95\/46\/CE.<\/p>\n<p>Per qualsiasi quesito, o per esercitare i diritti di cui alla legge \u00ab Informatique et Libert\u00e9s \u00bb [Legge sulla protezione dei dati] sul trattamento dei vostri dati personali da parte della FNPSMS, si prega di scrivere<\/p>\n<ul>\n<li>per e-mail al seguente indirizzo : martin.gomez@fnpsms.fr<\/li>\n<li>con lettera firmata, da inviare al seguente indirizzo\u00a0: 23-25 avenue de Neuilly \u2013 75116 Paris [Francia]<\/li>\n<\/ul>\n<p>&nbsp;<\/p>\n<h2>1\/ Definizioni<\/h2>\n<p>La FNPSMS pu\u00f2 essere indicata come\u00a0: \u00ab FNPSMS \u00bb ovvero \u00ab noi \u00bb e agisce in qaulit\u00e0 di \u00ab\u00a0Titolare del trattamento\u00a0\u00bb, cos\u00ec come di seguito precisato.<\/p>\n<p>Il termine \u00ab Utente \u00bb si riferisce agli utenti e internauti che si collegano, navigano, leggono, visualizzano e utilizzano il sito.<\/p>\n<p>Per \u00ab\u00a0Dati Personali\u00a0\u00bb si intendono i dati personali che siano oggetto di un trattamento da parte del Titolare del trattamento.<\/p>\n<p>&nbsp;<\/p>\n<h2>2\/ Titolare del trattamento<\/h2>\n<p>La FNPSMS, agendo in veste di Titolare del trattamento, determina singolarmente le finalit\u00e0 e i mezzi del trattamento dei Dati Personali utilizzati sul Sito.<\/p>\n<p>&nbsp;<\/p>\n<h2>3\/ Dati personali raccolti<\/h2>\n<p>Ogniqualvolta si raccolgano dati personali, l\u2019utente ne verr\u00e0 informato e gli saranno indicate le motivazioni per cui i suoi dati vengono raccolti.<br \/>\nLa raccolta e il trattamento dei dati vengono effettuati per perseguire uno o pi\u00f9 obiettivi fissati preventivamente; verranno raccolti soltanto i dati necessari alla corretta realizzazione degli obiettivi perseguiti dal sito (minimizzazione dei dati).<\/p>\n<p>Su questo sito non raccogliamo alcun dato personale.<\/p>\n<p>&nbsp;<\/p>\n<h2>4\/ Cookies<\/h2>\n<p>Su questo sito i cookies non sono utilizzati.<\/p>\n<p>&nbsp;<\/p>\n<h2>5\/ Finalit\u00e0 della raccolta dati<\/h2>\n<p>Non raccogliamo alcun dato personale.<\/p>\n<p>&nbsp;<\/p>\n<h2>6\/ Utilizzo dei vostri dati e durata di conservazione<\/h2>\n<p>Non raccogliamo alcun dato personale.<\/p>\n<p>&nbsp;<\/p>\n<h2>7\/ Condivisione d\u2019informazioni<\/h2>\n<p><span style=\"text-decoration: underline;\"><strong>Accesso ai dati personali<\/strong> <\/span><\/p>\n<p>Possono avere accesso ai Dati Personali raccolti, nel limite delle rispettive funzioni :<\/p>\n<ul>\n<li>le persone incaricate del trattamento dei servizi informatici,<\/li>\n<li>i subfornitori nell\u2019ambito di un contratto di subfornitura, che includa obblighi di riservatezza e sicurezza.<\/li>\n<\/ul>\n<p>Tuttavia, su questo sito, non trattiamo alcun dato personale.<\/p>\n<p><span style=\"text-decoration: underline;\"><strong>Condivisione dei dati personali e trasferimenti internazionali<\/strong><\/span><\/p>\n<p>Il Sito \u00e8 ospitato su server che si trovano nell\u2019Unione Europea.<\/p>\n<p><strong><span style=\"text-decoration: underline;\">Comunicazione per motivi di ordine giuridico e legale<\/span><\/strong><\/p>\n<p>Nel caso in cui fossero raccolti Dati Personali, gli stessi potrebbero essere divulgati a terzi, qualora la FNPSMS vi fosse obbligata da disposizioni di legge, regolamenti, decisioni giudiziarie; e altres\u00ec, nel caso in cui tale divulgazione si rendesse necessaria ai fini di una indagine, di un provvedimento ingiuntivo o di un procedimento giudiziario, sul territorio nazionale o all\u2019estero.<br \/>\nI Dati Personali potrebbero essere divulgati a imprese, consulenti o terzi, per fare s\u00ec che la FNPSMS possa tutelarsi contro qualsiasi violazione dei diritti, dei beni o della sicurezza dell\u2019Utente.<\/p>\n<p>&nbsp;<\/p>\n<h2>8\/Sicurezza dei Dati Personali<\/h2>\n<p>Sono state adottate misure di sicurezza, per proteggere il Sito da qualsiasi accesso, divulgazione, modifica, danneggiamento o distruzione non autorizzata. Nel caso in cui fosse rilevata una violazione della sicurezza, saranno messe in atto azioni appropriate.<\/p>\n<p>&nbsp;<\/p>\n<h2>9\/ Diritti dell\u2019utente<\/h2>\n<p>Le persone interessate dai Dati personali raccolti dispongono dei seguenti diritti :<\/p>\n<ul>\n<li>diritto di accesso<\/li>\n<li>diritto di rettifica (aggiornare o correggere i propri dati),<\/li>\n<li>diritto di cancellazione dei Dati Personali,<\/li>\n<li>diritto di opporsi alla raccolta e al trattamento, totale o parziale, degli stessi.<\/li>\n<\/ul>\n<p>Tali diritti vi permettono di modificare le vostre preferenze di notifica in qualsiasi momento, mediante l\u2019accettazione o il rifiuto che i vostri Dati Personali siano utilizzati nell\u2019ambito di iniziative commerciali di prospezione.<br \/>\nPer maggiori informazioni sul campo di applicazione dei vostri diritti, si consiglia di consultare il sito della CNIL Commission Nationale Informatique et Libert\u00e9s.<br \/>\nPer esercitare i vostri diritti, si prega di contattarci al seguente indirizzo : martin.gomez@fnpsms.fr<\/p>\n<p>&nbsp;<\/p>\n<h2>MODIFICHE E AGGIORNAMENTI<\/h2>\n<p>Si prega di considerare che la presente informativa sul trattamento dei dati personali \u00e8 soggetta a modifiche. Si invitano, pertanto, gli utenti a consultare regolarmente l\u2019ultima versione online della stessa. Eventuali modifiche saranno da noi comunicate tramite il sito web, o altri canali di comunicazione.<\/p>\n","protected":false},"excerpt":{"rendered":"<p>POLITICA DI PROTEZIONE DEI DATI PERSONALI &nbsp; &nbsp; La presente informativa ha lo scopo di presentare le norme riguardanti la protezione dei dati personali che, in qualit\u00e0 di titolare del trattamento dei dati personali, la F\u00e9d\u00e9ration Nationale de la Production de Semences de Ma\u00efs et de Sorgho (di seguito \u00ab FNPSMS \u00bb) si impegna a [&hellip;]<\/p>\n","protected":false},"author":1,"featured_media":0,"parent":0,"menu_order":19,"comment_status":"closed","ping_status":"open","template":"page-template-mentions.php","meta":{"_acf_changed":false,"footnotes":""},"class_list":["post-4759","page","type-page","status-publish","hentry"],"acf":[],"yoast_head":"<!-- This site is optimized with the Yoast SEO plugin v26.6 - https:\/\/yoast.com\/wordpress\/plugins\/seo\/ -->\n<title>Politique de protection des donn\u00e9es personnelles - Le ma\u00efs, un atout pour notre avenir<\/title>\n<meta name=\"robots\" content=\"index, follow, max-snippet:-1, max-image-preview:large, max-video-preview:-1\" \/>\n<link rel=\"canonical\" href=\"https:\/\/maize.seedsforfuture.eu\/it\/politique-de-protection-des-donnees-personnelles\/\" \/>\n<meta property=\"og:locale\" content=\"it_IT\" \/>\n<meta property=\"og:type\" content=\"article\" \/>\n<meta property=\"og:title\" content=\"Politique de protection des donn\u00e9es personnelles - Le ma\u00efs, un atout pour notre avenir\" \/>\n<meta property=\"og:description\" content=\"POLITICA DI PROTEZIONE DEI DATI PERSONALI &nbsp; &nbsp; La presente informativa ha lo scopo di presentare le norme riguardanti la protezione dei dati personali che, in qualit\u00e0 di titolare del trattamento dei dati personali, la F\u00e9d\u00e9ration Nationale de la Production de Semences de Ma\u00efs et de Sorgho (di seguito \u00ab FNPSMS \u00bb) si impegna a [&hellip;]\" \/>\n<meta property=\"og:url\" content=\"https:\/\/maize.seedsforfuture.eu\/it\/politique-de-protection-des-donnees-personnelles\/\" \/>\n<meta property=\"og:site_name\" content=\"Le ma\u00efs, un atout pour notre avenir\" \/>\n<meta property=\"article:modified_time\" content=\"2022-12-22T13:00:19+00:00\" \/>\n<meta property=\"og:image\" content=\"https:\/\/maize.seedsforfuture.eu\/wp-content\/uploads\/2026\/01\/1200x675-logo-maize.png\" \/>\n\t<meta property=\"og:image:width\" content=\"1200\" \/>\n\t<meta property=\"og:image:height\" content=\"675\" \/>\n\t<meta property=\"og:image:type\" content=\"image\/png\" \/>\n<meta name=\"twitter:card\" content=\"summary_large_image\" \/>\n<meta name=\"twitter:label1\" content=\"Tempo di lettura stimato\" \/>\n\t<meta name=\"twitter:data1\" content=\"4 minuti\" \/>\n<script type=\"application\/ld+json\" class=\"yoast-schema-graph\">{\"@context\":\"https:\/\/schema.org\",\"@graph\":[{\"@type\":\"WebPage\",\"@id\":\"https:\/\/maize.seedsforfuture.eu\/it\/politique-de-protection-des-donnees-personnelles\/\",\"url\":\"https:\/\/maize.seedsforfuture.eu\/it\/politique-de-protection-des-donnees-personnelles\/\",\"name\":\"Politique de protection des donn\u00e9es personnelles - Le ma\u00efs, un atout pour notre avenir\",\"isPartOf\":{\"@id\":\"https:\/\/maize.seedsforfuture.eu\/it\/#website\"},\"datePublished\":\"2021-12-20T11:36:42+00:00\",\"dateModified\":\"2022-12-22T13:00:19+00:00\",\"breadcrumb\":{\"@id\":\"https:\/\/maize.seedsforfuture.eu\/it\/politique-de-protection-des-donnees-personnelles\/#breadcrumb\"},\"inLanguage\":\"it-IT\",\"potentialAction\":[{\"@type\":\"ReadAction\",\"target\":[\"https:\/\/maize.seedsforfuture.eu\/it\/politique-de-protection-des-donnees-personnelles\/\"]}]},{\"@type\":\"BreadcrumbList\",\"@id\":\"https:\/\/maize.seedsforfuture.eu\/it\/politique-de-protection-des-donnees-personnelles\/#breadcrumb\",\"itemListElement\":[{\"@type\":\"ListItem\",\"position\":1,\"name\":\"Accueil\",\"item\":\"https:\/\/maize.seedsforfuture.eu\/it\/\"},{\"@type\":\"ListItem\",\"position\":2,\"name\":\"Politique de protection des donn\u00e9es personnelles\"}]},{\"@type\":\"WebSite\",\"@id\":\"https:\/\/maize.seedsforfuture.eu\/it\/#website\",\"url\":\"https:\/\/maize.seedsforfuture.eu\/it\/\",\"name\":\"Le ma\u00efs, un atout pour notre avenir\",\"description\":\"\",\"publisher\":{\"@id\":\"https:\/\/maize.seedsforfuture.eu\/it\/#organization\"},\"alternateName\":\"Maize, seeds for futur\",\"potentialAction\":[{\"@type\":\"SearchAction\",\"target\":{\"@type\":\"EntryPoint\",\"urlTemplate\":\"https:\/\/maize.seedsforfuture.eu\/it\/?s={search_term_string}\"},\"query-input\":{\"@type\":\"PropertyValueSpecification\",\"valueRequired\":true,\"valueName\":\"search_term_string\"}}],\"inLanguage\":\"it-IT\"},{\"@type\":\"Organization\",\"@id\":\"https:\/\/maize.seedsforfuture.eu\/it\/#organization\",\"name\":\"F\u00e9d\u00e9ration Nationale de la Production des Semences de Ma\u00efs et de Sorgho\",\"alternateName\":\"FNPSMS\",\"url\":\"https:\/\/maize.seedsforfuture.eu\/it\/\",\"logo\":{\"@type\":\"ImageObject\",\"inLanguage\":\"it-IT\",\"@id\":\"https:\/\/maize.seedsforfuture.eu\/it\/#\/schema\/logo\/image\/\",\"url\":\"https:\/\/maize.seedsforfuture.eu\/wp-content\/uploads\/2026\/01\/696x696-logo-maize.png\",\"contentUrl\":\"https:\/\/maize.seedsforfuture.eu\/wp-content\/uploads\/2026\/01\/696x696-logo-maize.png\",\"width\":696,\"height\":696,\"caption\":\"F\u00e9d\u00e9ration Nationale de la Production des Semences de Ma\u00efs et de Sorgho\"},\"image\":{\"@id\":\"https:\/\/maize.seedsforfuture.eu\/it\/#\/schema\/logo\/image\/\"}}]}<\/script>\n<!-- \/ Yoast SEO plugin. -->","yoast_head_json":{"title":"Politique de protection des donn\u00e9es personnelles - Le ma\u00efs, un atout pour notre avenir","robots":{"index":"index","follow":"follow","max-snippet":"max-snippet:-1","max-image-preview":"max-image-preview:large","max-video-preview":"max-video-preview:-1"},"canonical":"https:\/\/maize.seedsforfuture.eu\/it\/politique-de-protection-des-donnees-personnelles\/","og_locale":"it_IT","og_type":"article","og_title":"Politique de protection des donn\u00e9es personnelles - Le ma\u00efs, un atout pour notre avenir","og_description":"POLITICA DI PROTEZIONE DEI DATI PERSONALI &nbsp; &nbsp; La presente informativa ha lo scopo di presentare le norme riguardanti la protezione dei dati personali che, in qualit\u00e0 di titolare del trattamento dei dati personali, la F\u00e9d\u00e9ration Nationale de la Production de Semences de Ma\u00efs et de Sorgho (di seguito \u00ab FNPSMS \u00bb) si impegna a [&hellip;]","og_url":"https:\/\/maize.seedsforfuture.eu\/it\/politique-de-protection-des-donnees-personnelles\/","og_site_name":"Le ma\u00efs, un atout pour notre avenir","article_modified_time":"2022-12-22T13:00:19+00:00","og_image":[{"width":1200,"height":675,"url":"https:\/\/maize.seedsforfuture.eu\/wp-content\/uploads\/2026\/01\/1200x675-logo-maize.png","type":"image\/png"}],"twitter_card":"summary_large_image","twitter_misc":{"Tempo di lettura stimato":"4 minuti"},"schema":{"@context":"https:\/\/schema.org","@graph":[{"@type":"WebPage","@id":"https:\/\/maize.seedsforfuture.eu\/it\/politique-de-protection-des-donnees-personnelles\/","url":"https:\/\/maize.seedsforfuture.eu\/it\/politique-de-protection-des-donnees-personnelles\/","name":"Politique de protection des donn\u00e9es personnelles - Le ma\u00efs, un atout pour notre avenir","isPartOf":{"@id":"https:\/\/maize.seedsforfuture.eu\/it\/#website"},"datePublished":"2021-12-20T11:36:42+00:00","dateModified":"2022-12-22T13:00:19+00:00","breadcrumb":{"@id":"https:\/\/maize.seedsforfuture.eu\/it\/politique-de-protection-des-donnees-personnelles\/#breadcrumb"},"inLanguage":"it-IT","potentialAction":[{"@type":"ReadAction","target":["https:\/\/maize.seedsforfuture.eu\/it\/politique-de-protection-des-donnees-personnelles\/"]}]},{"@type":"BreadcrumbList","@id":"https:\/\/maize.seedsforfuture.eu\/it\/politique-de-protection-des-donnees-personnelles\/#breadcrumb","itemListElement":[{"@type":"ListItem","position":1,"name":"Accueil","item":"https:\/\/maize.seedsforfuture.eu\/it\/"},{"@type":"ListItem","position":2,"name":"Politique de protection des donn\u00e9es personnelles"}]},{"@type":"WebSite","@id":"https:\/\/maize.seedsforfuture.eu\/it\/#website","url":"https:\/\/maize.seedsforfuture.eu\/it\/","name":"Le ma\u00efs, un atout pour notre avenir","description":"","publisher":{"@id":"https:\/\/maize.seedsforfuture.eu\/it\/#organization"},"alternateName":"Maize, seeds for futur","potentialAction":[{"@type":"SearchAction","target":{"@type":"EntryPoint","urlTemplate":"https:\/\/maize.seedsforfuture.eu\/it\/?s={search_term_string}"},"query-input":{"@type":"PropertyValueSpecification","valueRequired":true,"valueName":"search_term_string"}}],"inLanguage":"it-IT"},{"@type":"Organization","@id":"https:\/\/maize.seedsforfuture.eu\/it\/#organization","name":"F\u00e9d\u00e9ration Nationale de la Production des Semences de Ma\u00efs et de Sorgho","alternateName":"FNPSMS","url":"https:\/\/maize.seedsforfuture.eu\/it\/","logo":{"@type":"ImageObject","inLanguage":"it-IT","@id":"https:\/\/maize.seedsforfuture.eu\/it\/#\/schema\/logo\/image\/","url":"https:\/\/maize.seedsforfuture.eu\/wp-content\/uploads\/2026\/01\/696x696-logo-maize.png","contentUrl":"https:\/\/maize.seedsforfuture.eu\/wp-content\/uploads\/2026\/01\/696x696-logo-maize.png","width":696,"height":696,"caption":"F\u00e9d\u00e9ration Nationale de la Production des Semences de Ma\u00efs et de Sorgho"},"image":{"@id":"https:\/\/maize.seedsforfuture.eu\/it\/#\/schema\/logo\/image\/"}}]}},"_links":{"self":[{"href":"https:\/\/maize.seedsforfuture.eu\/it\/wp-json\/wp\/v2\/pages\/4759","targetHints":{"allow":["GET"]}}],"collection":[{"href":"https:\/\/maize.seedsforfuture.eu\/it\/wp-json\/wp\/v2\/pages"}],"about":[{"href":"https:\/\/maize.seedsforfuture.eu\/it\/wp-json\/wp\/v2\/types\/page"}],"author":[{"embeddable":true,"href":"https:\/\/maize.seedsforfuture.eu\/it\/wp-json\/wp\/v2\/users\/1"}],"replies":[{"embeddable":true,"href":"https:\/\/maize.seedsforfuture.eu\/it\/wp-json\/wp\/v2\/comments?post=4759"}],"version-history":[{"count":4,"href":"https:\/\/maize.seedsforfuture.eu\/it\/wp-json\/wp\/v2\/pages\/4759\/revisions"}],"predecessor-version":[{"id":4792,"href":"https:\/\/maize.seedsforfuture.eu\/it\/wp-json\/wp\/v2\/pages\/4759\/revisions\/4792"}],"wp:attachment":[{"href":"https:\/\/maize.seedsforfuture.eu\/it\/wp-json\/wp\/v2\/media?parent=4759"}],"curies":[{"name":"wp","href":"https:\/\/api.w.org\/{rel}","templated":true}]}}