{"id":2101,"date":"2022-02-16T18:21:21","date_gmt":"2022-02-16T17:21:21","guid":{"rendered":"https:\/\/maize.seedsforfuture.eu\/conseils-techniques\/varietes\/"},"modified":"2022-08-31T16:47:48","modified_gmt":"2022-08-31T14:47:48","slug":"odmiany","status":"publish","type":"page","link":"https:\/\/maize.seedsforfuture.eu\/pl\/porady-techniczne\/odmiany\/","title":{"rendered":"<b>Odmiany kukurydzy<\/b>"},"content":{"rendered":"","protected":false},"excerpt":{"rendered":"","protected":false},"author":5,"featured_media":3647,"parent":880,"menu_order":6,"comment_status":"closed","ping_status":"closed","template":"page-template-inner.php","meta":{"_acf_changed":false,"footnotes":""},"class_list":["post-2101","page","type-page","status-publish","has-post-thumbnail","hentry"],"acf":[],"yoast_head":"<!-- This site is optimized with the Yoast SEO plugin v26.6 - https:\/\/yoast.com\/wordpress\/plugins\/seo\/ -->\n<title>Rodzaje kukurydzy | Seeds for Future<\/title>\n<meta name=\"description\" content=\"Czym r\u00f3\u017cni\u0105 si\u0119 od siebie odmiany kukurydzy? Jak wybra\u0107 te kt\u00f3re najlepiej pasuj\u0105 do warunk\u00f3w w danym obszarze? Dowiedz si\u0119 tego tutaj\" \/>\n<meta name=\"robots\" content=\"index, follow, max-snippet:-1, max-image-preview:large, max-video-preview:-1\" \/>\n<link rel=\"canonical\" href=\"https:\/\/maize.seedsforfuture.eu\/pl\/porady-techniczne\/odmiany\/\" \/>\n<meta property=\"og:locale\" content=\"pl_PL\" \/>\n<meta property=\"og:type\" content=\"article\" \/>\n<meta property=\"og:title\" content=\"Rodzaje kukurydzy | Seeds for Future\" \/>\n<meta property=\"og:description\" content=\"Czym r\u00f3\u017cni\u0105 si\u0119 od siebie odmiany kukurydzy? Jak wybra\u0107 te kt\u00f3re najlepiej pasuj\u0105 do warunk\u00f3w w danym obszarze? Dowiedz si\u0119 tego tutaj\" \/>\n<meta property=\"og:url\" content=\"https:\/\/maize.seedsforfuture.eu\/pl\/porady-techniczne\/odmiany\/\" \/>\n<meta property=\"og:site_name\" content=\"Le ma\u00efs, un atout pour notre avenir\" \/>\n<meta property=\"article:modified_time\" content=\"2022-08-31T14:47:48+00:00\" \/>\n<meta property=\"og:image\" content=\"https:\/\/maize.seedsforfuture.eu\/wp-content\/uploads\/2022\/08\/IMG_0237-PL.webp\" \/>\n\t<meta property=\"og:image:width\" content=\"1200\" \/>\n\t<meta property=\"og:image:height\" content=\"800\" \/>\n\t<meta property=\"og:image:type\" content=\"image\/webp\" \/>\n<meta name=\"twitter:card\" content=\"summary_large_image\" \/>\n<script type=\"application\/ld+json\" class=\"yoast-schema-graph\">{\"@context\":\"https:\/\/schema.org\",\"@graph\":[{\"@type\":\"WebPage\",\"@id\":\"https:\/\/maize.seedsforfuture.eu\/pl\/porady-techniczne\/odmiany\/\",\"url\":\"https:\/\/maize.seedsforfuture.eu\/pl\/porady-techniczne\/odmiany\/\",\"name\":\"Rodzaje kukurydzy | Seeds for Future\",\"isPartOf\":{\"@id\":\"https:\/\/maize.seedsforfuture.eu\/pl\/#website\"},\"primaryImageOfPage\":{\"@id\":\"https:\/\/maize.seedsforfuture.eu\/pl\/porady-techniczne\/odmiany\/#primaryimage\"},\"image\":{\"@id\":\"https:\/\/maize.seedsforfuture.eu\/pl\/porady-techniczne\/odmiany\/#primaryimage\"},\"thumbnailUrl\":\"https:\/\/maize.seedsforfuture.eu\/wp-content\/uploads\/2022\/08\/IMG_0237-PL.webp\",\"datePublished\":\"2022-02-16T17:21:21+00:00\",\"dateModified\":\"2022-08-31T14:47:48+00:00\",\"description\":\"Czym r\u00f3\u017cni\u0105 si\u0119 od siebie odmiany kukurydzy? Jak wybra\u0107 te kt\u00f3re najlepiej pasuj\u0105 do warunk\u00f3w w danym obszarze? Dowiedz si\u0119 tego tutaj\",\"breadcrumb\":{\"@id\":\"https:\/\/maize.seedsforfuture.eu\/pl\/porady-techniczne\/odmiany\/#breadcrumb\"},\"inLanguage\":\"pl-PL\",\"potentialAction\":[{\"@type\":\"ReadAction\",\"target\":[\"https:\/\/maize.seedsforfuture.eu\/pl\/porady-techniczne\/odmiany\/\"]}]},{\"@type\":\"ImageObject\",\"inLanguage\":\"pl-PL\",\"@id\":\"https:\/\/maize.seedsforfuture.eu\/pl\/porady-techniczne\/odmiany\/#primaryimage\",\"url\":\"https:\/\/maize.seedsforfuture.eu\/wp-content\/uploads\/2022\/08\/IMG_0237-PL.webp\",\"contentUrl\":\"https:\/\/maize.seedsforfuture.eu\/wp-content\/uploads\/2022\/08\/IMG_0237-PL.webp\",\"width\":1200,\"height\":800,\"caption\":\"rozwijaj\u0105ce si\u0119 uprawy kukurydzy | Seeds for Future\"},{\"@type\":\"BreadcrumbList\",\"@id\":\"https:\/\/maize.seedsforfuture.eu\/pl\/porady-techniczne\/odmiany\/#breadcrumb\",\"itemListElement\":[{\"@type\":\"ListItem\",\"position\":1,\"name\":\"Accueil\",\"item\":\"https:\/\/maize.seedsforfuture.eu\/pl\/\"},{\"@type\":\"ListItem\",\"position\":2,\"name\":\"Porady techniczne\",\"item\":\"https:\/\/maize.seedsforfuture.eu\/pl\/porady-techniczne\/\"},{\"@type\":\"ListItem\",\"position\":3,\"name\":\"Odmiany kukurydzy\"}]},{\"@type\":\"WebSite\",\"@id\":\"https:\/\/maize.seedsforfuture.eu\/pl\/#website\",\"url\":\"https:\/\/maize.seedsforfuture.eu\/pl\/\",\"name\":\"Le ma\u00efs, un atout pour notre avenir\",\"description\":\"\",\"publisher\":{\"@id\":\"https:\/\/maize.seedsforfuture.eu\/pl\/#organization\"},\"alternateName\":\"Maize, seeds for futur\",\"potentialAction\":[{\"@type\":\"SearchAction\",\"target\":{\"@type\":\"EntryPoint\",\"urlTemplate\":\"https:\/\/maize.seedsforfuture.eu\/pl\/?s={search_term_string}\"},\"query-input\":{\"@type\":\"PropertyValueSpecification\",\"valueRequired\":true,\"valueName\":\"search_term_string\"}}],\"inLanguage\":\"pl-PL\"},{\"@type\":\"Organization\",\"@id\":\"https:\/\/maize.seedsforfuture.eu\/pl\/#organization\",\"name\":\"F\u00e9d\u00e9ration Nationale de la Production des Semences de Ma\u00efs et de Sorgho\",\"alternateName\":\"FNPSMS\",\"url\":\"https:\/\/maize.seedsforfuture.eu\/pl\/\",\"logo\":{\"@type\":\"ImageObject\",\"inLanguage\":\"pl-PL\",\"@id\":\"https:\/\/maize.seedsforfuture.eu\/pl\/#\/schema\/logo\/image\/\",\"url\":\"https:\/\/maize.seedsforfuture.eu\/wp-content\/uploads\/2026\/01\/696x696-logo-maize.png\",\"contentUrl\":\"https:\/\/maize.seedsforfuture.eu\/wp-content\/uploads\/2026\/01\/696x696-logo-maize.png\",\"width\":696,\"height\":696,\"caption\":\"F\u00e9d\u00e9ration Nationale de la Production des Semences de Ma\u00efs et de Sorgho\"},\"image\":{\"@id\":\"https:\/\/maize.seedsforfuture.eu\/pl\/#\/schema\/logo\/image\/\"}}]}<\/script>\n<!-- \/ Yoast SEO plugin. -->","yoast_head_json":{"title":"Rodzaje kukurydzy | Seeds for Future","description":"Czym r\u00f3\u017cni\u0105 si\u0119 od siebie odmiany kukurydzy? Jak wybra\u0107 te kt\u00f3re najlepiej pasuj\u0105 do warunk\u00f3w w danym obszarze? Dowiedz si\u0119 tego tutaj","robots":{"index":"index","follow":"follow","max-snippet":"max-snippet:-1","max-image-preview":"max-image-preview:large","max-video-preview":"max-video-preview:-1"},"canonical":"https:\/\/maize.seedsforfuture.eu\/pl\/porady-techniczne\/odmiany\/","og_locale":"pl_PL","og_type":"article","og_title":"Rodzaje kukurydzy | Seeds for Future","og_description":"Czym r\u00f3\u017cni\u0105 si\u0119 od siebie odmiany kukurydzy? Jak wybra\u0107 te kt\u00f3re najlepiej pasuj\u0105 do warunk\u00f3w w danym obszarze? Dowiedz si\u0119 tego tutaj","og_url":"https:\/\/maize.seedsforfuture.eu\/pl\/porady-techniczne\/odmiany\/","og_site_name":"Le ma\u00efs, un atout pour notre avenir","article_modified_time":"2022-08-31T14:47:48+00:00","og_image":[{"width":1200,"height":800,"url":"https:\/\/maize.seedsforfuture.eu\/wp-content\/uploads\/2022\/08\/IMG_0237-PL.webp","type":"image\/webp"}],"twitter_card":"summary_large_image","schema":{"@context":"https:\/\/schema.org","@graph":[{"@type":"WebPage","@id":"https:\/\/maize.seedsforfuture.eu\/pl\/porady-techniczne\/odmiany\/","url":"https:\/\/maize.seedsforfuture.eu\/pl\/porady-techniczne\/odmiany\/","name":"Rodzaje kukurydzy | Seeds for Future","isPartOf":{"@id":"https:\/\/maize.seedsforfuture.eu\/pl\/#website"},"primaryImageOfPage":{"@id":"https:\/\/maize.seedsforfuture.eu\/pl\/porady-techniczne\/odmiany\/#primaryimage"},"image":{"@id":"https:\/\/maize.seedsforfuture.eu\/pl\/porady-techniczne\/odmiany\/#primaryimage"},"thumbnailUrl":"https:\/\/maize.seedsforfuture.eu\/wp-content\/uploads\/2022\/08\/IMG_0237-PL.webp","datePublished":"2022-02-16T17:21:21+00:00","dateModified":"2022-08-31T14:47:48+00:00","description":"Czym r\u00f3\u017cni\u0105 si\u0119 od siebie odmiany kukurydzy? Jak wybra\u0107 te kt\u00f3re najlepiej pasuj\u0105 do warunk\u00f3w w danym obszarze? Dowiedz si\u0119 tego tutaj","breadcrumb":{"@id":"https:\/\/maize.seedsforfuture.eu\/pl\/porady-techniczne\/odmiany\/#breadcrumb"},"inLanguage":"pl-PL","potentialAction":[{"@type":"ReadAction","target":["https:\/\/maize.seedsforfuture.eu\/pl\/porady-techniczne\/odmiany\/"]}]},{"@type":"ImageObject","inLanguage":"pl-PL","@id":"https:\/\/maize.seedsforfuture.eu\/pl\/porady-techniczne\/odmiany\/#primaryimage","url":"https:\/\/maize.seedsforfuture.eu\/wp-content\/uploads\/2022\/08\/IMG_0237-PL.webp","contentUrl":"https:\/\/maize.seedsforfuture.eu\/wp-content\/uploads\/2022\/08\/IMG_0237-PL.webp","width":1200,"height":800,"caption":"rozwijaj\u0105ce si\u0119 uprawy kukurydzy | Seeds for Future"},{"@type":"BreadcrumbList","@id":"https:\/\/maize.seedsforfuture.eu\/pl\/porady-techniczne\/odmiany\/#breadcrumb","itemListElement":[{"@type":"ListItem","position":1,"name":"Accueil","item":"https:\/\/maize.seedsforfuture.eu\/pl\/"},{"@type":"ListItem","position":2,"name":"Porady techniczne","item":"https:\/\/maize.seedsforfuture.eu\/pl\/porady-techniczne\/"},{"@type":"ListItem","position":3,"name":"Odmiany kukurydzy"}]},{"@type":"WebSite","@id":"https:\/\/maize.seedsforfuture.eu\/pl\/#website","url":"https:\/\/maize.seedsforfuture.eu\/pl\/","name":"Le ma\u00efs, un atout pour notre avenir","description":"","publisher":{"@id":"https:\/\/maize.seedsforfuture.eu\/pl\/#organization"},"alternateName":"Maize, seeds for futur","potentialAction":[{"@type":"SearchAction","target":{"@type":"EntryPoint","urlTemplate":"https:\/\/maize.seedsforfuture.eu\/pl\/?s={search_term_string}"},"query-input":{"@type":"PropertyValueSpecification","valueRequired":true,"valueName":"search_term_string"}}],"inLanguage":"pl-PL"},{"@type":"Organization","@id":"https:\/\/maize.seedsforfuture.eu\/pl\/#organization","name":"F\u00e9d\u00e9ration Nationale de la Production des Semences de Ma\u00efs et de Sorgho","alternateName":"FNPSMS","url":"https:\/\/maize.seedsforfuture.eu\/pl\/","logo":{"@type":"ImageObject","inLanguage":"pl-PL","@id":"https:\/\/maize.seedsforfuture.eu\/pl\/#\/schema\/logo\/image\/","url":"https:\/\/maize.seedsforfuture.eu\/wp-content\/uploads\/2026\/01\/696x696-logo-maize.png","contentUrl":"https:\/\/maize.seedsforfuture.eu\/wp-content\/uploads\/2026\/01\/696x696-logo-maize.png","width":696,"height":696,"caption":"F\u00e9d\u00e9ration Nationale de la Production des Semences de Ma\u00efs et de Sorgho"},"image":{"@id":"https:\/\/maize.seedsforfuture.eu\/pl\/#\/schema\/logo\/image\/"}}]}},"_links":{"self":[{"href":"https:\/\/maize.seedsforfuture.eu\/pl\/wp-json\/wp\/v2\/pages\/2101","targetHints":{"allow":["GET"]}}],"collection":[{"href":"https:\/\/maize.seedsforfuture.eu\/pl\/wp-json\/wp\/v2\/pages"}],"about":[{"href":"https:\/\/maize.seedsforfuture.eu\/pl\/wp-json\/wp\/v2\/types\/page"}],"author":[{"embeddable":true,"href":"https:\/\/maize.seedsforfuture.eu\/pl\/wp-json\/wp\/v2\/users\/5"}],"replies":[{"embeddable":true,"href":"https:\/\/maize.seedsforfuture.eu\/pl\/wp-json\/wp\/v2\/comments?post=2101"}],"version-history":[{"count":5,"href":"https:\/\/maize.seedsforfuture.eu\/pl\/wp-json\/wp\/v2\/pages\/2101\/revisions"}],"predecessor-version":[{"id":4032,"href":"https:\/\/maize.seedsforfuture.eu\/pl\/wp-json\/wp\/v2\/pages\/2101\/revisions\/4032"}],"up":[{"embeddable":true,"href":"https:\/\/maize.seedsforfuture.eu\/pl\/wp-json\/wp\/v2\/pages\/880"}],"wp:featuredmedia":[{"embeddable":true,"href":"https:\/\/maize.seedsforfuture.eu\/pl\/wp-json\/wp\/v2\/media\/3647"}],"wp:attachment":[{"href":"https:\/\/maize.seedsforfuture.eu\/pl\/wp-json\/wp\/v2\/media?parent=2101"}],"curies":[{"name":"wp","href":"https:\/\/api.w.org\/{rel}","templated":true}]}}