{"id":4752,"date":"2022-09-22T11:24:23","date_gmt":"2022-09-22T09:24:23","guid":{"rendered":"https:\/\/maize.seedsforfuture.eu\/mentions-legales-cgu\/"},"modified":"2022-12-22T14:27:46","modified_gmt":"2022-12-22T13:27:46","slug":"mentions-legales-cgu","status":"publish","type":"page","link":"https:\/\/maize.seedsforfuture.eu\/pl\/mentions-legales-cgu\/","title":{"rendered":"Mentions l\u00e9gales &#038; CGU"},"content":{"rendered":"<h1>INFORMACJE PRAWNE I OG\u00d3LNE WARUNKI KORZYSTANIA ZE STRONY <a href=\"https:\/\/maize.seedsforfuture.eu\/\">www.maize.seedsforfuture.eu<\/a><\/h1>\n<p>&nbsp;<\/p>\n<p>&nbsp;<\/p>\n<h2>WYDAWCA<\/h2>\n<p><strong>NAZWA<\/strong><\/p>\n<p>Dane firmy: F.N.P.S.M.S. \u2013 Francuska Federacja Produkcji Nasion Kukurydzy i Sorgo, 23-25 Avenue de Neuilly, 75116, Paris et 21 chemin de Pau \u2013 64121 Montardon (siedziba)<br \/>\nNr SIRET\u00a0: 782\u00a0356\u00a0992 00019<br \/>\nMail lub numer telefonu do kontaktu z firm\u0105: martin.gomez@fnpsms.fr<\/p>\n<p><strong>Dyrektor odpowiedzialny za publikacje :<\/strong> Val\u00e9rie Brochet<\/p>\n<p>&nbsp;<\/p>\n<h2>HOSTING<\/h2>\n<p>Dane dostawcy us\u0142ugi hostingowej : <strong>MD Service<\/strong>, 7 Rue Marx Dormoy 64000 Pau<\/p>\n<p><strong>1\/ Przedmiot<\/strong><\/p>\n<p>Niniejsze warunki u\u017cytkowania reguluj\u0105 zasady korzystania z niniejszej Strony internetowej. Prosimy o dok\u0142adne zapoznanie si\u0119 z nimi. Witryna dost\u0119pna pod nast\u0119puj\u0105cym adresem url : <a href=\"https:\/\/maize.seedsforfuture.eu\/\">www.maize.seedsforfuture.eu<\/a> prowadzona jest zgodnie z prawem francuskim. Korzystaj\u0105c z niniejszej strony, potwierdzaj\u0105 Pa\u0144stwo znajomo\u015b\u0107 i akceptacj\u0119 niniejszych warunk\u00f3w. Mog\u0105 one zosta\u0107 zmienione w dowolnej chwili i bez wcze\u015bniejszego powiadomienia przez FNPSMS. Ka\u017cda zmiana staje si\u0119 skuteczna natychmiastowo. W zwi\u0105zku z powy\u017cszym, u\u017cytkownicy ka\u017cdorazowo wchodz\u0105c na Stron\u0119, powinni zapozna\u0107 si\u0119 z Og\u00f3lnymi Warunkami U\u017cytkowania.<br \/>\nFNPSMS w \u017cadnym wypadku nie ponosi odpowiedzialno\u015bci za niew\u0142a\u015bciwe korzystanie z serwisu.<\/p>\n<p><strong>2\/ Zawarto\u015b\u0107 strony internetowej<\/strong><\/p>\n<p>Niniejsza Strona ma na celu promowanie w\u015br\u00f3d wszystkich uczestnik\u00f3w bran\u017cy nasion kukurydzy i sorgo, maj\u0105cych priorytetowe znaczenie dla FNPSMS.<br \/>\nInformacje znajduj\u0105ce si\u0119 na niniejszej stronie maj\u0105 charakter og\u00f3lny i orientacyjny i w \u017cadnym wypadku nie nale\u017cy uznawa\u0107 ich za wyczerpuj\u0105ce. FNPSMS zastrzega sobie prawo do skorygowania w dowolnym momencie i bez wcze\u015bniejszego powiadomienia zawarto\u015bci Strony b\u0105d\u017a zawieszenia lub przerwania dost\u0119pu do niej.<br \/>\nMimo zachowania nale\u017cytej staranno\u015bci i dok\u0142adno\u015bci przy tworzeniu Strony oraz jej regularnej aktualizacji, w przedstawionych informacjach mog\u0105 wyst\u0105pi\u0107 b\u0142\u0119dy. U\u017cytkownicy Strony powinni zatem odpowiednio zweryfikowa\u0107 udost\u0119pnione na niej informacje i ponosz\u0105 wy\u0142\u0105czn\u0105 odpowiedzialno\u015b\u0107 za ich wykorzystanie, bez odpowiedzialno\u015bci ze strony FNPSMS.<\/p>\n<p><strong>3\/ Prawo w\u0142asno\u015bci intelektualnej<\/strong><\/p>\n<p>Strona i wszelkie niezb\u0119dne oprogramowanie u\u017cywane w zwi\u0105zku z ni\u0105 mog\u0105 zawiera\u0107 poufne informacje chronione prawem w\u0142asno\u015bci intelektualnej lub innymi przepisami prawa. W zwi\u0105zku z tym, o ile nie wskazano inaczej, prawa w\u0142asno\u015bci intelektualnej dotycz\u0105ce dokument\u00f3w zawartych na niniejszej Stronie oraz materia\u0142\u00f3w stworzonych w zwi\u0105zku ze Stron\u0105 stanowi\u0105 wy\u0142\u0105czn\u0105 w\u0142asno\u015b\u0107 FNPSMS, kt\u00f3ra nie przyznaje \u017cadnych zezwole\u0144 ani uprawnie\u0144 poza prawem do przegl\u0105dania witryny. W szczeg\u00f3lno\u015bci znaki towarowe oraz inne prawa w\u0142asno\u015bci intelektualnej wskazane na niniejszej Stronie stanowi\u0105 w\u0142asno\u015b\u0107 FNPSMS. Powielanie jakichkolwiek materia\u0142\u00f3w zamieszczonych na niniejszej Stronie jest dozwolone wy\u0142\u0105cznie do u\u017cytku wewn\u0119trznego lub prywatnego ; jakiekolwiek powielanie lub wykorzystanie wykonanych kopii w innych celach jest wyra\u017anie zabronione. Niedozwolone jest r\u00f3wnie\u017c powielanie, zmienianie, tworzenie dzie\u0142 pochodnych, wprowadzanie zmian w projekcie lub uk\u0142adzie og\u00f3lnym lub inne pr\u00f3by odkrycia kod\u00f3w \u017ar\u00f3d\u0142owych (poza przypadkami dozwolonymi przez prawo), sprzeda\u017c, zbycie, udzielanie dalszych licencji lub jakiekolwiek inne przenoszenie praw zwi\u0105zanych z oprogramowaniem. Zabrania si\u0119 r\u00f3wnie\u017c dokonywania zmian oprogramowania lub u\u017cywania zmienionych wersji oprogramowania, a w szczeg\u00f3lno\u015bci (ale nie wy\u0142\u0105cznie) uzyskiwania nieautoryzowanego dost\u0119pu do us\u0142ugi i dost\u0119pu do witryny w jakikolwiek inny spos\u00f3b ni\u017c za po\u015brednictwem interfejsu udost\u0119pnionego przez FNPSMS w tym celu.<\/p>\n<p><strong>4\/ Linki do innych stron<\/strong><\/p>\n<p>Strona mo\u017ce zawiera\u0107 linki do innych stron lub \u017ar\u00f3de\u0142 internetowych. W zwi\u0105zku z tym, \u017ce FNPSMS nie ma mo\u017cliwo\u015bci kontrolowania tych stron oraz \u017ar\u00f3de\u0142 zewn\u0119trznych, FNPSMS nie ponosi odpowiedzialno\u015bci za ich udost\u0119pnianie ani te\u017c za tre\u015bci, reklamy, produkty, us\u0142ugi lub jakiekolwiek inne materia\u0142y dost\u0119pne na lub za po\u015brednictwem wspomnianych stron lub \u017ar\u00f3de\u0142 zewn\u0119trznych. Ponadto, FNPSMS nie ponosi odpowiedzialno\u015bci za jakiekolwiek stwierdzone lub domniemane szkody lub straty poniesione w zwi\u0105zku z ich wykorzystaniem lub zaufaniem do tre\u015bci , d\u00f3br lub us\u0142ug dost\u0119pnych na tych stronach lub \u017ar\u00f3d\u0142ach zewn\u0119trznych.<\/p>\n<p><strong>5\/ Odpowiedzialno\u015b\u0107<\/strong><\/p>\n<p>U\u017cytkownik korzysta ze Strony wy\u0142\u0105cznie na w\u0142asn\u0105 odpowiedzialno\u015b\u0107. FNPSMS nie ponosi \u017cadnej odpowiedzialno\u015bci, w szczeg\u00f3lno\u015bci w przypadku:<\/p>\n<ul>\n<li>jakiekolwiek przerwy w dzia\u0142aniu Strony,<\/li>\n<li>wyst\u0105pienia jakichkolwiek trudno\u015bci,<\/li>\n<li>jakichkolwiek szk\u00f3d powsta\u0142ych w wyniku wtargni\u0119cia w drodze oszustwa os\u00f3b trzecich, prowadz\u0105cego do zmiany informacji udost\u0119pnionych na Stronie,<\/li>\n<li>i og\u00f3lnie ujmuj\u0105c, wyst\u0105pienia jakichkolwiek szk\u00f3d bezpo\u015brednich i po\u015brednich, bez wzgl\u0119du na ich przyczyny, pochodzenie, charakter czy te\u017c konsekwencje, spowodowanych przez czyjkolwiek dost\u0119p do witryny lub brak dost\u0119pu, a tak\u017ce korzystanie z Witryny lub zawierzenie jakimkolwiek informacjom bezpo\u015brednio lub po\u015brednio z niej pochodz\u0105cych.<\/li>\n<\/ul>\n<p><strong>6\/ Dane osobowe<\/strong><\/p>\n<p>FNPSMS zobowi\u0105zuje si\u0119 do zachowania poufno\u015bci wszelkich informacji dostarczonych przez U\u017cytkownika online.<br \/>\nWszelkie informacje przekazane przez u\u017cytkownik\u00f3w FNPSMS w ramach korzystania z niekt\u00f3rych us\u0142ug podlegaj\u0105 przepisom ustawy nr 78-17 o przetwarzaniu danych i wolno\u015bciach obywatelskich z dnia 6 stycznia 1978 oraz og\u00f3lnemu rozporz\u0105dzeniu o ochronie danych (RODO). W celu uzyskania dodatkowych informacji, prosimy zapozna\u0107 si\u0119 z nasz\u0105 Polityk\u0105 Prywatno\u015bci :<br \/>\n<a href=\"https:\/\/maize.seedsforfuture.eu\/pl\/politique-de-protection-des-donnees-personnelles\/\">https:\/\/maize.seedsforfuture.eu\/pl\/politique-de-protection-des-donnees-personnelles\/ <\/a><br \/>\nW zwi\u0105zku z tym u\u017cytkownicy maj\u0105 prawo do zapytania, sprzeciwu, dost\u0119pu, poprawiania i usuwania danych osobowych, kt\u00f3re ich dotycz\u0105. U\u017cytkownik ma r\u00f3wnie\u017c prawo do przeniesienia swoich danych osobowych do innego administratora danych, z kt\u00f3rego mo\u017ce skorzysta\u0107 w dowolnym momencie, kontaktuj\u0105c si\u0119 z nami pod nast\u0119puj\u0105cym adresem: martin.gomez@fnpsms.fr<\/p>\n","protected":false},"excerpt":{"rendered":"<p>INFORMACJE PRAWNE I OG\u00d3LNE WARUNKI KORZYSTANIA ZE STRONY www.maize.seedsforfuture.eu &nbsp; &nbsp; WYDAWCA NAZWA Dane firmy: F.N.P.S.M.S. \u2013 Francuska Federacja Produkcji Nasion Kukurydzy i Sorgo, 23-25 Avenue de Neuilly, 75116, Paris et 21 chemin de Pau \u2013 64121 Montardon (siedziba) Nr SIRET\u00a0: 782\u00a0356\u00a0992 00019 Mail lub numer telefonu do kontaktu z firm\u0105: martin.gomez@fnpsms.fr Dyrektor odpowiedzialny za [&hellip;]<\/p>\n","protected":false},"author":5,"featured_media":0,"parent":0,"menu_order":0,"comment_status":"closed","ping_status":"closed","template":"page-template-mentions.php","meta":{"_acf_changed":false,"footnotes":""},"class_list":["post-4752","page","type-page","status-publish","hentry"],"acf":[],"yoast_head":"<!-- This site is optimized with the Yoast SEO plugin v26.6 - https:\/\/yoast.com\/wordpress\/plugins\/seo\/ -->\n<title>Mentions l\u00e9gales &amp; CGU - Le ma\u00efs, un atout pour notre avenir<\/title>\n<meta name=\"robots\" content=\"index, follow, max-snippet:-1, max-image-preview:large, max-video-preview:-1\" \/>\n<link rel=\"canonical\" href=\"https:\/\/maize.seedsforfuture.eu\/pl\/mentions-legales-cgu\/\" \/>\n<meta property=\"og:locale\" content=\"pl_PL\" \/>\n<meta property=\"og:type\" content=\"article\" \/>\n<meta property=\"og:title\" content=\"Mentions l\u00e9gales &amp; CGU - Le ma\u00efs, un atout pour notre avenir\" \/>\n<meta property=\"og:description\" content=\"INFORMACJE PRAWNE I OG\u00d3LNE WARUNKI KORZYSTANIA ZE STRONY www.maize.seedsforfuture.eu &nbsp; &nbsp; WYDAWCA NAZWA Dane firmy: F.N.P.S.M.S. \u2013 Francuska Federacja Produkcji Nasion Kukurydzy i Sorgo, 23-25 Avenue de Neuilly, 75116, Paris et 21 chemin de Pau \u2013 64121 Montardon (siedziba) Nr SIRET\u00a0: 782\u00a0356\u00a0992 00019 Mail lub numer telefonu do kontaktu z firm\u0105: martin.gomez@fnpsms.fr Dyrektor odpowiedzialny za [&hellip;]\" \/>\n<meta property=\"og:url\" content=\"https:\/\/maize.seedsforfuture.eu\/pl\/mentions-legales-cgu\/\" \/>\n<meta property=\"og:site_name\" content=\"Le ma\u00efs, un atout pour notre avenir\" \/>\n<meta property=\"article:modified_time\" content=\"2022-12-22T13:27:46+00:00\" \/>\n<meta property=\"og:image\" content=\"https:\/\/maize.seedsforfuture.eu\/wp-content\/uploads\/2026\/01\/1200x675-logo-maize.png\" \/>\n\t<meta property=\"og:image:width\" content=\"1200\" \/>\n\t<meta property=\"og:image:height\" content=\"675\" \/>\n\t<meta property=\"og:image:type\" content=\"image\/png\" \/>\n<meta name=\"twitter:card\" content=\"summary_large_image\" \/>\n<meta name=\"twitter:label1\" content=\"Est. reading time\" \/>\n\t<meta name=\"twitter:data1\" content=\"4 minutes\" \/>\n<script type=\"application\/ld+json\" class=\"yoast-schema-graph\">{\"@context\":\"https:\/\/schema.org\",\"@graph\":[{\"@type\":\"WebPage\",\"@id\":\"https:\/\/maize.seedsforfuture.eu\/pl\/mentions-legales-cgu\/\",\"url\":\"https:\/\/maize.seedsforfuture.eu\/pl\/mentions-legales-cgu\/\",\"name\":\"Mentions l\u00e9gales & CGU - Le ma\u00efs, un atout pour notre avenir\",\"isPartOf\":{\"@id\":\"https:\/\/maize.seedsforfuture.eu\/pl\/#website\"},\"datePublished\":\"2022-09-22T09:24:23+00:00\",\"dateModified\":\"2022-12-22T13:27:46+00:00\",\"breadcrumb\":{\"@id\":\"https:\/\/maize.seedsforfuture.eu\/pl\/mentions-legales-cgu\/#breadcrumb\"},\"inLanguage\":\"pl-PL\",\"potentialAction\":[{\"@type\":\"ReadAction\",\"target\":[\"https:\/\/maize.seedsforfuture.eu\/pl\/mentions-legales-cgu\/\"]}]},{\"@type\":\"BreadcrumbList\",\"@id\":\"https:\/\/maize.seedsforfuture.eu\/pl\/mentions-legales-cgu\/#breadcrumb\",\"itemListElement\":[{\"@type\":\"ListItem\",\"position\":1,\"name\":\"Accueil\",\"item\":\"https:\/\/maize.seedsforfuture.eu\/pl\/\"},{\"@type\":\"ListItem\",\"position\":2,\"name\":\"Mentions l\u00e9gales &#038; CGU\"}]},{\"@type\":\"WebSite\",\"@id\":\"https:\/\/maize.seedsforfuture.eu\/pl\/#website\",\"url\":\"https:\/\/maize.seedsforfuture.eu\/pl\/\",\"name\":\"Le ma\u00efs, un atout pour notre avenir\",\"description\":\"\",\"publisher\":{\"@id\":\"https:\/\/maize.seedsforfuture.eu\/pl\/#organization\"},\"alternateName\":\"Maize, seeds for futur\",\"potentialAction\":[{\"@type\":\"SearchAction\",\"target\":{\"@type\":\"EntryPoint\",\"urlTemplate\":\"https:\/\/maize.seedsforfuture.eu\/pl\/?s={search_term_string}\"},\"query-input\":{\"@type\":\"PropertyValueSpecification\",\"valueRequired\":true,\"valueName\":\"search_term_string\"}}],\"inLanguage\":\"pl-PL\"},{\"@type\":\"Organization\",\"@id\":\"https:\/\/maize.seedsforfuture.eu\/pl\/#organization\",\"name\":\"F\u00e9d\u00e9ration Nationale de la Production des Semences de Ma\u00efs et de Sorgho\",\"alternateName\":\"FNPSMS\",\"url\":\"https:\/\/maize.seedsforfuture.eu\/pl\/\",\"logo\":{\"@type\":\"ImageObject\",\"inLanguage\":\"pl-PL\",\"@id\":\"https:\/\/maize.seedsforfuture.eu\/pl\/#\/schema\/logo\/image\/\",\"url\":\"https:\/\/maize.seedsforfuture.eu\/wp-content\/uploads\/2026\/01\/696x696-logo-maize.png\",\"contentUrl\":\"https:\/\/maize.seedsforfuture.eu\/wp-content\/uploads\/2026\/01\/696x696-logo-maize.png\",\"width\":696,\"height\":696,\"caption\":\"F\u00e9d\u00e9ration Nationale de la Production des Semences de Ma\u00efs et de Sorgho\"},\"image\":{\"@id\":\"https:\/\/maize.seedsforfuture.eu\/pl\/#\/schema\/logo\/image\/\"}}]}<\/script>\n<!-- \/ Yoast SEO plugin. -->","yoast_head_json":{"title":"Mentions l\u00e9gales & CGU - Le ma\u00efs, un atout pour notre avenir","robots":{"index":"index","follow":"follow","max-snippet":"max-snippet:-1","max-image-preview":"max-image-preview:large","max-video-preview":"max-video-preview:-1"},"canonical":"https:\/\/maize.seedsforfuture.eu\/pl\/mentions-legales-cgu\/","og_locale":"pl_PL","og_type":"article","og_title":"Mentions l\u00e9gales & CGU - Le ma\u00efs, un atout pour notre avenir","og_description":"INFORMACJE PRAWNE I OG\u00d3LNE WARUNKI KORZYSTANIA ZE STRONY www.maize.seedsforfuture.eu &nbsp; &nbsp; WYDAWCA NAZWA Dane firmy: F.N.P.S.M.S. \u2013 Francuska Federacja Produkcji Nasion Kukurydzy i Sorgo, 23-25 Avenue de Neuilly, 75116, Paris et 21 chemin de Pau \u2013 64121 Montardon (siedziba) Nr SIRET\u00a0: 782\u00a0356\u00a0992 00019 Mail lub numer telefonu do kontaktu z firm\u0105: martin.gomez@fnpsms.fr Dyrektor odpowiedzialny za [&hellip;]","og_url":"https:\/\/maize.seedsforfuture.eu\/pl\/mentions-legales-cgu\/","og_site_name":"Le ma\u00efs, un atout pour notre avenir","article_modified_time":"2022-12-22T13:27:46+00:00","og_image":[{"width":1200,"height":675,"url":"https:\/\/maize.seedsforfuture.eu\/wp-content\/uploads\/2026\/01\/1200x675-logo-maize.png","type":"image\/png"}],"twitter_card":"summary_large_image","twitter_misc":{"Est. reading time":"4 minutes"},"schema":{"@context":"https:\/\/schema.org","@graph":[{"@type":"WebPage","@id":"https:\/\/maize.seedsforfuture.eu\/pl\/mentions-legales-cgu\/","url":"https:\/\/maize.seedsforfuture.eu\/pl\/mentions-legales-cgu\/","name":"Mentions l\u00e9gales & CGU - Le ma\u00efs, un atout pour notre avenir","isPartOf":{"@id":"https:\/\/maize.seedsforfuture.eu\/pl\/#website"},"datePublished":"2022-09-22T09:24:23+00:00","dateModified":"2022-12-22T13:27:46+00:00","breadcrumb":{"@id":"https:\/\/maize.seedsforfuture.eu\/pl\/mentions-legales-cgu\/#breadcrumb"},"inLanguage":"pl-PL","potentialAction":[{"@type":"ReadAction","target":["https:\/\/maize.seedsforfuture.eu\/pl\/mentions-legales-cgu\/"]}]},{"@type":"BreadcrumbList","@id":"https:\/\/maize.seedsforfuture.eu\/pl\/mentions-legales-cgu\/#breadcrumb","itemListElement":[{"@type":"ListItem","position":1,"name":"Accueil","item":"https:\/\/maize.seedsforfuture.eu\/pl\/"},{"@type":"ListItem","position":2,"name":"Mentions l\u00e9gales &#038; CGU"}]},{"@type":"WebSite","@id":"https:\/\/maize.seedsforfuture.eu\/pl\/#website","url":"https:\/\/maize.seedsforfuture.eu\/pl\/","name":"Le ma\u00efs, un atout pour notre avenir","description":"","publisher":{"@id":"https:\/\/maize.seedsforfuture.eu\/pl\/#organization"},"alternateName":"Maize, seeds for futur","potentialAction":[{"@type":"SearchAction","target":{"@type":"EntryPoint","urlTemplate":"https:\/\/maize.seedsforfuture.eu\/pl\/?s={search_term_string}"},"query-input":{"@type":"PropertyValueSpecification","valueRequired":true,"valueName":"search_term_string"}}],"inLanguage":"pl-PL"},{"@type":"Organization","@id":"https:\/\/maize.seedsforfuture.eu\/pl\/#organization","name":"F\u00e9d\u00e9ration Nationale de la Production des Semences de Ma\u00efs et de Sorgho","alternateName":"FNPSMS","url":"https:\/\/maize.seedsforfuture.eu\/pl\/","logo":{"@type":"ImageObject","inLanguage":"pl-PL","@id":"https:\/\/maize.seedsforfuture.eu\/pl\/#\/schema\/logo\/image\/","url":"https:\/\/maize.seedsforfuture.eu\/wp-content\/uploads\/2026\/01\/696x696-logo-maize.png","contentUrl":"https:\/\/maize.seedsforfuture.eu\/wp-content\/uploads\/2026\/01\/696x696-logo-maize.png","width":696,"height":696,"caption":"F\u00e9d\u00e9ration Nationale de la Production des Semences de Ma\u00efs et de Sorgho"},"image":{"@id":"https:\/\/maize.seedsforfuture.eu\/pl\/#\/schema\/logo\/image\/"}}]}},"_links":{"self":[{"href":"https:\/\/maize.seedsforfuture.eu\/pl\/wp-json\/wp\/v2\/pages\/4752","targetHints":{"allow":["GET"]}}],"collection":[{"href":"https:\/\/maize.seedsforfuture.eu\/pl\/wp-json\/wp\/v2\/pages"}],"about":[{"href":"https:\/\/maize.seedsforfuture.eu\/pl\/wp-json\/wp\/v2\/types\/page"}],"author":[{"embeddable":true,"href":"https:\/\/maize.seedsforfuture.eu\/pl\/wp-json\/wp\/v2\/users\/5"}],"replies":[{"embeddable":true,"href":"https:\/\/maize.seedsforfuture.eu\/pl\/wp-json\/wp\/v2\/comments?post=4752"}],"version-history":[{"count":2,"href":"https:\/\/maize.seedsforfuture.eu\/pl\/wp-json\/wp\/v2\/pages\/4752\/revisions"}],"predecessor-version":[{"id":4800,"href":"https:\/\/maize.seedsforfuture.eu\/pl\/wp-json\/wp\/v2\/pages\/4752\/revisions\/4800"}],"wp:attachment":[{"href":"https:\/\/maize.seedsforfuture.eu\/pl\/wp-json\/wp\/v2\/media?parent=4752"}],"curies":[{"name":"wp","href":"https:\/\/api.w.org\/{rel}","templated":true}]}}