{"id":4760,"date":"2021-12-20T12:36:42","date_gmt":"2021-12-20T11:36:42","guid":{"rendered":"https:\/\/maize.seedsforfuture.eu\/politique-de-protection-des-donnees-personnelles\/"},"modified":"2022-12-22T14:20:06","modified_gmt":"2022-12-22T13:20:06","slug":"politique-de-protection-des-donnees-personnelles","status":"publish","type":"page","link":"https:\/\/maize.seedsforfuture.eu\/pl\/politique-de-protection-des-donnees-personnelles\/","title":{"rendered":"Politique de protection des donn\u00e9es personnelles"},"content":{"rendered":"<h1>POLITYKA OCHRONY DANYCH OSOBOWYCH<\/h1>\n<p>&nbsp;<\/p>\n<p>&nbsp;<\/p>\n<p>Niniejsza polityka ma na celu przedstawienie zasad dotycz\u0105cych ochrony danych osobowych, kt\u00f3re Francuska Federacja Produkcji Nasion Kukurydzy i Sorgo (poni\u017cej zwana \u00ab FNPSMS \u00bb), b\u0119d\u0105ca administratorem danych, zobowi\u0105zuje si\u0119 przestrzega\u0107 w ramach przetwarzania danych osobowych na stronie <a href=\"https:\/\/maize.seedsforfuture.eu\/\">https:\/\/maize.seedsforfuture.eu\/<\/a> (poni\u017cej zwanej \u00ab Stron\u0105 internetow\u0105 \u00bb).<\/p>\n<p>Zasady te wynikaj\u0105 z Rozporz\u0105dzenia (UE) 2016\/679 Parlamentu Europejskiego i Rady z dnia 27 kwietnia 2016 (Og\u00f3lne rozporz\u0105dzenie o Ochronie Danych Osobowych, poni\u017cej zwane \u00ab RODO \u00bb) w sprawie ochrony os\u00f3b fizycznych w zwi\u0105zku z przetwarzaniem danych osobowych i w sprawie swobodnego przep\u0142ywu takich danych oraz uchylenia dyrektywy 95\/46\/CE.<\/p>\n<p>W przypadku jakichkolwiek pyta\u0144 lub wykonania przys\u0142uguj\u0105cych Pa\u0144stwu praw w zakresie \u00ab Informatyki i Wolno\u015bci \u00bb w ramach przetwarzania Pa\u0144stwa danych osobowych przez FNPSMS, prosimy o kontakt pisemny:<\/p>\n<ul>\n<li>mailem na adres: martin.gomez@fnpsms.fr<\/li>\n<li>podpisan\u0105 przesy\u0142k\u0105 listow\u0105 wys\u0142an\u0105 na adres: 23-25 avenue de Neuilly \u2013 75116 Paris<\/li>\n<\/ul>\n<p>&nbsp;<\/p>\n<h2>1\/ Definicje<\/h2>\n<p>FNPSMS mo\u017ce by\u0107 wyst\u0119powa\u0107 jako: \u00ab FNPSMS \u00bb lub \u00ab my \u00bb i pe\u0142ni funkcj\u0119 \u00ab\u00a0Administratora Danych Osobowych \u00bb zgodnie z poni\u017cszymi zasadami.<\/p>\n<p>Termin \u00ab U\u017cytkownik \u00bb odnosi si\u0119 do u\u017cytkownik\u00f3w i internaut\u00f3w, kt\u00f3rzy \u0142\u0105cz\u0105 si\u0119 ze stron\u0105 internetow\u0105, przegl\u0105daj\u0105 j\u0105, czytaj\u0105, wy\u015bwietlaj\u0105 i korzystaj\u0105 z niej.<\/p>\n<p>\u00ab\u00a0Dane osobowe\u00a0\u00bb oznaczaj\u0105 dane osobowe przetwarzane przez Administratora Danych.<\/p>\n<p>&nbsp;<\/p>\n<h2>2\/ Administrator Danych<\/h2>\n<p>FNPSMS, dzia\u0142aj\u0105c jako Administrator Danych, samodzielnie okre\u015bla cele i sposoby przetwarzania Danych osobowych stosowane na Strony internetowej.<\/p>\n<p>&nbsp;<\/p>\n<h2>3\/ Zbieranie danych osobowych<\/h2>\n<p>Za ka\u017cdym razem, gdy ma miejsce zbieranie danych osobowych, u\u017cytkownik informowany jest o tym fakcie i podawane mu s\u0105 powody, dla kt\u00f3rych jego dane osobowe s\u0105 gromadzone.<br \/>\nZbieranie i przetwarzanie danych odbywa si\u0119 w celu realizacji jednego lub wi\u0119kszej liczby wcze\u015bniej ustalonych cel\u00f3w, a zbierane s\u0105 tylko dane niezb\u0119dne do prawid\u0142owej realizacji cel\u00f3w realizowanych przez stron\u0119 internetow\u0105 (minimalizacja danych).<\/p>\n<p>\u017badne dane osobowe nie s\u0105 zbierane na niniejszej stronie.<\/p>\n<p>&nbsp;<\/p>\n<h2>4\/ Cookies<\/h2>\n<p>Na niniejszej stronie nie s\u0105 u\u017cywane \u017cadne pliki cookie.<\/p>\n<p>&nbsp;<\/p>\n<h2>5\/ Cele zwi\u0105zane ze zbieraniem danych osobowych<\/h2>\n<p>Nie zbieramy \u017cadnych Pa\u0144stwa danych osobowych.<\/p>\n<p>&nbsp;<\/p>\n<h2>6\/ Wykorzystanie i okres przechowywania danych osobowych<\/h2>\n<p>Nie zbieramy \u017cadnych Pa\u0144stwa danych osobowych.<\/p>\n<p>&nbsp;<\/p>\n<h2>7\/ Udost\u0119pnianie informacji<\/h2>\n<p><strong><span style=\"text-decoration: underline;\">Dost\u0119p do danych osobowych<\/span><\/strong><\/p>\n<p>W ramach przys\u0142uguj\u0105cych im uprawnie\u0144 dost\u0119p do danych osobowych mog\u0105 mie\u0107 : :<\/p>\n<ul>\n<li>osoby odpowiedzialne za przetwarzanie danych informatycznych<\/li>\n<li>podwykonawcy w ramach umowy o podwykonawstwo, uwzgl\u0119dniaj\u0105cej obowi\u0105zki dotycz\u0105ce poufno\u015bci i bezpiecze\u0144stwa.<\/li>\n<\/ul>\n<p>Na niniejszej stronie nie przetwarzamy jednak \u017cadnych danych osobowych.<\/p>\n<p><span style=\"text-decoration: underline;\"><strong>Udost\u0119pnianie danych osobowych i mi\u0119dzynarodowe przekazywanie danych<\/strong><\/span><\/p>\n<p>Strona hostowana jest na serwerach znajduj\u0105cych si\u0119 w Unii Europejskiej.<\/p>\n<p><strong><span style=\"text-decoration: underline;\">Przekazywanie wynikaj\u0105ce z porz\u0105dku prawnego i przepis\u00f3w prawa<\/span><\/strong><\/p>\n<p>Gdyby dane osobowe zosta\u0142y zebrane, mog\u0142yby one zosta\u0107 udost\u0119pnione osobom trzecim w przypadku, gdy FNPSMS zosta\u0142aby do tego zmuszona prawem, przepisami regulacyjnymi, nakazem s\u0105dowym lub gdyby ich udost\u0119pnienie by\u0142o konieczne do cel\u00f3w zwi\u0105zanych z dochodzeniem, nakazem lub post\u0119powaniem s\u0105dowym w kraju lub za granic\u0105.<br \/>\nDane osobowe mog\u0142yby zosta\u0107 ujawnione firmom, doradcom lub osobom trzecim w przypadku, gdy FNPSMS musia\u0142aby si\u0119 zabezpieczy\u0107 przed naruszeniem praw, d\u00f3br lub bezpiecze\u0144stwa U\u017cytkownika.<\/p>\n<p>&nbsp;<\/p>\n<h2>8\/ Bezpiecze\u0144stwo danych osobowych<\/h2>\n<p>Wdro\u017cone zosta\u0142y \u015brodki bezpiecze\u0144stwa maj\u0105ce na celu zabezpieczenie strony internetowej przed nieuprawnionym dost\u0119pem lub ujawnieniem, zmian\u0105, uszkodzeniem lub zniszczeniem. W \u00a0przypadku wykrycia naruszenia bezpiecze\u0144stwa zostan\u0105 podj\u0119te odpowiednie dzia\u0142ania.<\/p>\n<p>&nbsp;<\/p>\n<h2>9\/ Prawa u\u017cytkownika<\/h2>\n<p>Osobom, kt\u00f3rych dane s\u0105 gromadzone przys\u0142uguj\u0105 nast\u0119puj\u0105ce prawa:<\/p>\n<ul>\n<li>prawo do dost\u0119pu do danych,<\/li>\n<li>prawo do zmiany (aktualizacji lub korekty swoich Danych osobowych),<\/li>\n<li>prawo do usuni\u0119cia Danych osobowych,<\/li>\n<li>prawo do sprzeciwu wobec gromadzenia i przetwarzania ca\u0142o\u015bci lub cz\u0119\u015bci danych.<\/li>\n<\/ul>\n<p>Prawa te daj\u0105 Pa\u0144stwu mo\u017cliwo\u015b\u0107 zmiany preferencji dotycz\u0105cych powiadomie\u0144 w dowolnym momencie poprzez akceptacj\u0119 lub odmow\u0119 zgody na wykorzystywania Pa\u0144stwa Danych osobowych w ramach dzia\u0142a\u0144 marketingowych.<br \/>\nAby dowiedzie\u0107 si\u0119 wi\u0119cej na temat przys\u0142uguj\u0105cych Pa\u0144stwu praw, zalecamy zapozna\u0107 si\u0119 ze stron\u0105 Krajowej Komisji ds. Ochronny Danych Osobowych CNIL.<br \/>\nJe\u017celi chc\u0105 Pa\u0144stwo skorzysta\u0107 z przys\u0142uguj\u0105cych Pa\u0144stwu praw, prosimy o kontakt mailowy pod adresem: martin.gomez@fnpsms.fr<\/p>\n<p>&nbsp;<\/p>\n<h2>ZMIANY I AKTUALIZACJA<\/h2>\n<p>Zwracamy uwag\u0119, \u017ce niniejsza Polityka przetwarzania danych osobowych mo\u017ce ulec zmianie. Zach\u0119camy zatem do regularnego zapoznawania si\u0119 z ostatni\u0105 wersj\u0105 online i b\u0119dziemy Pa\u0144stwa informowa\u0107 o zmianach za po\u015brednictwem strony internetowej lub innych \u015brodk\u00f3w komunikacji.<\/p>\n","protected":false},"excerpt":{"rendered":"<p>POLITYKA OCHRONY DANYCH OSOBOWYCH &nbsp; &nbsp; Niniejsza polityka ma na celu przedstawienie zasad dotycz\u0105cych ochrony danych osobowych, kt\u00f3re Francuska Federacja Produkcji Nasion Kukurydzy i Sorgo (poni\u017cej zwana \u00ab FNPSMS \u00bb), b\u0119d\u0105ca administratorem danych, zobowi\u0105zuje si\u0119 przestrzega\u0107 w ramach przetwarzania danych osobowych na stronie https:\/\/maize.seedsforfuture.eu\/ (poni\u017cej zwanej \u00ab Stron\u0105 internetow\u0105 \u00bb). Zasady te wynikaj\u0105 z Rozporz\u0105dzenia [&hellip;]<\/p>\n","protected":false},"author":1,"featured_media":0,"parent":0,"menu_order":19,"comment_status":"closed","ping_status":"open","template":"page-template-mentions.php","meta":{"_acf_changed":false,"footnotes":""},"class_list":["post-4760","page","type-page","status-publish","hentry"],"acf":[],"yoast_head":"<!-- This site is optimized with the Yoast SEO plugin v26.6 - https:\/\/yoast.com\/wordpress\/plugins\/seo\/ -->\n<title>Politique de protection des donn\u00e9es personnelles - Le ma\u00efs, un atout pour notre avenir<\/title>\n<meta name=\"robots\" content=\"index, follow, max-snippet:-1, max-image-preview:large, max-video-preview:-1\" \/>\n<link rel=\"canonical\" href=\"https:\/\/maize.seedsforfuture.eu\/pl\/politique-de-protection-des-donnees-personnelles\/\" \/>\n<meta property=\"og:locale\" content=\"pl_PL\" \/>\n<meta property=\"og:type\" content=\"article\" \/>\n<meta property=\"og:title\" content=\"Politique de protection des donn\u00e9es personnelles - Le ma\u00efs, un atout pour notre avenir\" \/>\n<meta property=\"og:description\" content=\"POLITYKA OCHRONY DANYCH OSOBOWYCH &nbsp; &nbsp; Niniejsza polityka ma na celu przedstawienie zasad dotycz\u0105cych ochrony danych osobowych, kt\u00f3re Francuska Federacja Produkcji Nasion Kukurydzy i Sorgo (poni\u017cej zwana \u00ab FNPSMS \u00bb), b\u0119d\u0105ca administratorem danych, zobowi\u0105zuje si\u0119 przestrzega\u0107 w ramach przetwarzania danych osobowych na stronie https:\/\/maize.seedsforfuture.eu\/ (poni\u017cej zwanej \u00ab Stron\u0105 internetow\u0105 \u00bb). Zasady te wynikaj\u0105 z Rozporz\u0105dzenia [&hellip;]\" \/>\n<meta property=\"og:url\" content=\"https:\/\/maize.seedsforfuture.eu\/pl\/politique-de-protection-des-donnees-personnelles\/\" \/>\n<meta property=\"og:site_name\" content=\"Le ma\u00efs, un atout pour notre avenir\" \/>\n<meta property=\"article:modified_time\" content=\"2022-12-22T13:20:06+00:00\" \/>\n<meta property=\"og:image\" content=\"https:\/\/maize.seedsforfuture.eu\/wp-content\/uploads\/2026\/01\/1200x675-logo-maize.png\" \/>\n\t<meta property=\"og:image:width\" content=\"1200\" \/>\n\t<meta property=\"og:image:height\" content=\"675\" \/>\n\t<meta property=\"og:image:type\" content=\"image\/png\" \/>\n<meta name=\"twitter:card\" content=\"summary_large_image\" \/>\n<meta name=\"twitter:label1\" content=\"Est. reading time\" \/>\n\t<meta name=\"twitter:data1\" content=\"4 minutes\" \/>\n<script type=\"application\/ld+json\" class=\"yoast-schema-graph\">{\"@context\":\"https:\/\/schema.org\",\"@graph\":[{\"@type\":\"WebPage\",\"@id\":\"https:\/\/maize.seedsforfuture.eu\/pl\/politique-de-protection-des-donnees-personnelles\/\",\"url\":\"https:\/\/maize.seedsforfuture.eu\/pl\/politique-de-protection-des-donnees-personnelles\/\",\"name\":\"Politique de protection des donn\u00e9es personnelles - Le ma\u00efs, un atout pour notre avenir\",\"isPartOf\":{\"@id\":\"https:\/\/maize.seedsforfuture.eu\/pl\/#website\"},\"datePublished\":\"2021-12-20T11:36:42+00:00\",\"dateModified\":\"2022-12-22T13:20:06+00:00\",\"breadcrumb\":{\"@id\":\"https:\/\/maize.seedsforfuture.eu\/pl\/politique-de-protection-des-donnees-personnelles\/#breadcrumb\"},\"inLanguage\":\"pl-PL\",\"potentialAction\":[{\"@type\":\"ReadAction\",\"target\":[\"https:\/\/maize.seedsforfuture.eu\/pl\/politique-de-protection-des-donnees-personnelles\/\"]}]},{\"@type\":\"BreadcrumbList\",\"@id\":\"https:\/\/maize.seedsforfuture.eu\/pl\/politique-de-protection-des-donnees-personnelles\/#breadcrumb\",\"itemListElement\":[{\"@type\":\"ListItem\",\"position\":1,\"name\":\"Accueil\",\"item\":\"https:\/\/maize.seedsforfuture.eu\/pl\/\"},{\"@type\":\"ListItem\",\"position\":2,\"name\":\"Politique de protection des donn\u00e9es personnelles\"}]},{\"@type\":\"WebSite\",\"@id\":\"https:\/\/maize.seedsforfuture.eu\/pl\/#website\",\"url\":\"https:\/\/maize.seedsforfuture.eu\/pl\/\",\"name\":\"Le ma\u00efs, un atout pour notre avenir\",\"description\":\"\",\"publisher\":{\"@id\":\"https:\/\/maize.seedsforfuture.eu\/pl\/#organization\"},\"alternateName\":\"Maize, seeds for futur\",\"potentialAction\":[{\"@type\":\"SearchAction\",\"target\":{\"@type\":\"EntryPoint\",\"urlTemplate\":\"https:\/\/maize.seedsforfuture.eu\/pl\/?s={search_term_string}\"},\"query-input\":{\"@type\":\"PropertyValueSpecification\",\"valueRequired\":true,\"valueName\":\"search_term_string\"}}],\"inLanguage\":\"pl-PL\"},{\"@type\":\"Organization\",\"@id\":\"https:\/\/maize.seedsforfuture.eu\/pl\/#organization\",\"name\":\"F\u00e9d\u00e9ration Nationale de la Production des Semences de Ma\u00efs et de Sorgho\",\"alternateName\":\"FNPSMS\",\"url\":\"https:\/\/maize.seedsforfuture.eu\/pl\/\",\"logo\":{\"@type\":\"ImageObject\",\"inLanguage\":\"pl-PL\",\"@id\":\"https:\/\/maize.seedsforfuture.eu\/pl\/#\/schema\/logo\/image\/\",\"url\":\"https:\/\/maize.seedsforfuture.eu\/wp-content\/uploads\/2026\/01\/696x696-logo-maize.png\",\"contentUrl\":\"https:\/\/maize.seedsforfuture.eu\/wp-content\/uploads\/2026\/01\/696x696-logo-maize.png\",\"width\":696,\"height\":696,\"caption\":\"F\u00e9d\u00e9ration Nationale de la Production des Semences de Ma\u00efs et de Sorgho\"},\"image\":{\"@id\":\"https:\/\/maize.seedsforfuture.eu\/pl\/#\/schema\/logo\/image\/\"}}]}<\/script>\n<!-- \/ Yoast SEO plugin. -->","yoast_head_json":{"title":"Politique de protection des donn\u00e9es personnelles - Le ma\u00efs, un atout pour notre avenir","robots":{"index":"index","follow":"follow","max-snippet":"max-snippet:-1","max-image-preview":"max-image-preview:large","max-video-preview":"max-video-preview:-1"},"canonical":"https:\/\/maize.seedsforfuture.eu\/pl\/politique-de-protection-des-donnees-personnelles\/","og_locale":"pl_PL","og_type":"article","og_title":"Politique de protection des donn\u00e9es personnelles - Le ma\u00efs, un atout pour notre avenir","og_description":"POLITYKA OCHRONY DANYCH OSOBOWYCH &nbsp; &nbsp; Niniejsza polityka ma na celu przedstawienie zasad dotycz\u0105cych ochrony danych osobowych, kt\u00f3re Francuska Federacja Produkcji Nasion Kukurydzy i Sorgo (poni\u017cej zwana \u00ab FNPSMS \u00bb), b\u0119d\u0105ca administratorem danych, zobowi\u0105zuje si\u0119 przestrzega\u0107 w ramach przetwarzania danych osobowych na stronie https:\/\/maize.seedsforfuture.eu\/ (poni\u017cej zwanej \u00ab Stron\u0105 internetow\u0105 \u00bb). Zasady te wynikaj\u0105 z Rozporz\u0105dzenia [&hellip;]","og_url":"https:\/\/maize.seedsforfuture.eu\/pl\/politique-de-protection-des-donnees-personnelles\/","og_site_name":"Le ma\u00efs, un atout pour notre avenir","article_modified_time":"2022-12-22T13:20:06+00:00","og_image":[{"width":1200,"height":675,"url":"https:\/\/maize.seedsforfuture.eu\/wp-content\/uploads\/2026\/01\/1200x675-logo-maize.png","type":"image\/png"}],"twitter_card":"summary_large_image","twitter_misc":{"Est. reading time":"4 minutes"},"schema":{"@context":"https:\/\/schema.org","@graph":[{"@type":"WebPage","@id":"https:\/\/maize.seedsforfuture.eu\/pl\/politique-de-protection-des-donnees-personnelles\/","url":"https:\/\/maize.seedsforfuture.eu\/pl\/politique-de-protection-des-donnees-personnelles\/","name":"Politique de protection des donn\u00e9es personnelles - Le ma\u00efs, un atout pour notre avenir","isPartOf":{"@id":"https:\/\/maize.seedsforfuture.eu\/pl\/#website"},"datePublished":"2021-12-20T11:36:42+00:00","dateModified":"2022-12-22T13:20:06+00:00","breadcrumb":{"@id":"https:\/\/maize.seedsforfuture.eu\/pl\/politique-de-protection-des-donnees-personnelles\/#breadcrumb"},"inLanguage":"pl-PL","potentialAction":[{"@type":"ReadAction","target":["https:\/\/maize.seedsforfuture.eu\/pl\/politique-de-protection-des-donnees-personnelles\/"]}]},{"@type":"BreadcrumbList","@id":"https:\/\/maize.seedsforfuture.eu\/pl\/politique-de-protection-des-donnees-personnelles\/#breadcrumb","itemListElement":[{"@type":"ListItem","position":1,"name":"Accueil","item":"https:\/\/maize.seedsforfuture.eu\/pl\/"},{"@type":"ListItem","position":2,"name":"Politique de protection des donn\u00e9es personnelles"}]},{"@type":"WebSite","@id":"https:\/\/maize.seedsforfuture.eu\/pl\/#website","url":"https:\/\/maize.seedsforfuture.eu\/pl\/","name":"Le ma\u00efs, un atout pour notre avenir","description":"","publisher":{"@id":"https:\/\/maize.seedsforfuture.eu\/pl\/#organization"},"alternateName":"Maize, seeds for futur","potentialAction":[{"@type":"SearchAction","target":{"@type":"EntryPoint","urlTemplate":"https:\/\/maize.seedsforfuture.eu\/pl\/?s={search_term_string}"},"query-input":{"@type":"PropertyValueSpecification","valueRequired":true,"valueName":"search_term_string"}}],"inLanguage":"pl-PL"},{"@type":"Organization","@id":"https:\/\/maize.seedsforfuture.eu\/pl\/#organization","name":"F\u00e9d\u00e9ration Nationale de la Production des Semences de Ma\u00efs et de Sorgho","alternateName":"FNPSMS","url":"https:\/\/maize.seedsforfuture.eu\/pl\/","logo":{"@type":"ImageObject","inLanguage":"pl-PL","@id":"https:\/\/maize.seedsforfuture.eu\/pl\/#\/schema\/logo\/image\/","url":"https:\/\/maize.seedsforfuture.eu\/wp-content\/uploads\/2026\/01\/696x696-logo-maize.png","contentUrl":"https:\/\/maize.seedsforfuture.eu\/wp-content\/uploads\/2026\/01\/696x696-logo-maize.png","width":696,"height":696,"caption":"F\u00e9d\u00e9ration Nationale de la Production des Semences de Ma\u00efs et de Sorgho"},"image":{"@id":"https:\/\/maize.seedsforfuture.eu\/pl\/#\/schema\/logo\/image\/"}}]}},"_links":{"self":[{"href":"https:\/\/maize.seedsforfuture.eu\/pl\/wp-json\/wp\/v2\/pages\/4760","targetHints":{"allow":["GET"]}}],"collection":[{"href":"https:\/\/maize.seedsforfuture.eu\/pl\/wp-json\/wp\/v2\/pages"}],"about":[{"href":"https:\/\/maize.seedsforfuture.eu\/pl\/wp-json\/wp\/v2\/types\/page"}],"author":[{"embeddable":true,"href":"https:\/\/maize.seedsforfuture.eu\/pl\/wp-json\/wp\/v2\/users\/1"}],"replies":[{"embeddable":true,"href":"https:\/\/maize.seedsforfuture.eu\/pl\/wp-json\/wp\/v2\/comments?post=4760"}],"version-history":[{"count":2,"href":"https:\/\/maize.seedsforfuture.eu\/pl\/wp-json\/wp\/v2\/pages\/4760\/revisions"}],"predecessor-version":[{"id":4799,"href":"https:\/\/maize.seedsforfuture.eu\/pl\/wp-json\/wp\/v2\/pages\/4760\/revisions\/4799"}],"wp:attachment":[{"href":"https:\/\/maize.seedsforfuture.eu\/pl\/wp-json\/wp\/v2\/media?parent=4760"}],"curies":[{"name":"wp","href":"https:\/\/api.w.org\/{rel}","templated":true}]}}